{"id":43277,"date":"2020-09-15T18:13:46","date_gmt":"2020-09-15T08:43:46","guid":{"rendered":"https:\/\/shinkamanagement.com\/asksensei\/"},"modified":"2025-06-21T17:35:02","modified_gmt":"2025-06-21T08:05:02","slug":"asksensei","status":"publish","type":"page","link":"https:\/\/shinkamanagement.com\/it\/asksensei\/","title":{"rendered":"#AskSensei"},"content":{"rendered":"<div class=\"wpb-content-wrapper\"><p>[vc_row][vc_column][vc_column_text]<\/p>\n<h1>Webinar #AskSensei<\/h1>\n<p>[\/vc_column_text]<div class=\"hr-thin style-line\" style=\"width: 100%;border-top-width: 1px;\"><\/div>[vc_row_inner][vc_column_inner][vc_column_text]<\/p>\n<p style=\"color: #003b7b; font-family: Open Sans, Helvetica, Arial, Verdana, sans-serif; font-weight: 300; font-size: 18px; line-height: 28px; text-transform: none;\">E se potessi chiedere a un ex direttore di fabbrica della Toyota qualcosa sul Sistema di Produzione Toyota, sulla motivazione del personale o sulla gestione della genba?<\/p>\n<p>[\/vc_column_text][vc_column_text]Unisciti a Shinka Management per questo evento regolarmente programmato e avrai la possibilit\u00e0 di chiedere all&#8217;ex direttore di fabbrica e direttore di Toyota Akinori Hyodo una cosa che potrebbe fare la differenza nel tuo percorso di produzione snella.<\/p>\n<p><strong>Questo webinar \u00e8 gratuito per la comunit\u00e0 lean<\/strong>: basta registrarsi per partecipare e ci vediamo alla prossima discussione. Durante ogni evento ascolteremo i commenti dei Sensei su un tema particolare, prima di invitare i Sensei a rispondere alle domande della nostra comunit\u00e0. I partecipanti sono invitati a presentare una domanda al momento della registrazione o a proporla via chat durante la giornata.<\/p>\n<p><a href=\"https:\/\/shinkamanagement.com\/it\/asksensei-lectures\/\">I riassunti delle conferenze degli eventi passati sono disponibili qui<\/a>.[\/vc_column_text][\/vc_column_inner][\/vc_row_inner][vc_empty_space height=&#8221;12px&#8221;][\/vc_column][\/vc_row][vc_row][vc_column][vc_column_text]<\/p>\n<h3>Webinar #AskSensei Pannello regolare<\/h3>\n<p>[\/vc_column_text][\/vc_column][\/vc_row][vc_row][vc_column width=&#8221;1\/4&#8243;][vc_single_image image=&#8221;43283&#8243; img_size=&#8221;full&#8221; onclick=&#8221;custom_link&#8221; link=&#8221;https:\/\/shinkamanagement.com\/akinori-hyodo-lean-sensei\/&#8221;][vc_column_text]<\/p>\n<p style=\"text-align: left;\"><strong>Sensei | <a href=\"https:\/\/shinkamanagement.com\/it\/akinori-hyodo-consulente-senior-tps-lean-sensei\/\">Akinori Hyodo<\/a><\/strong><\/p>\n<p>[\/vc_column_text][\/vc_column][vc_column width=&#8221;1\/4&#8243;][vc_single_image image=&#8221;43287&#8243; img_size=&#8221;full&#8221; onclick=&#8221;custom_link&#8221; link=&#8221;https:\/\/shinkamanagement.com\/hiroya-yamashita-kaizen-sensei\/&#8221;][vc_column_text]<strong>Sensei | <a href=\"https:\/\/shinkamanagement.com\/it\/hiroya-yamashita-consulente-senior\/\">Hiroya Yamashita<\/a><\/strong>[\/vc_column_text][\/vc_column][vc_column width=&#8221;1\/4&#8243;][vc_single_image image=&#8221;43280&#8243; img_size=&#8221;full&#8221; onclick=&#8221;custom_link&#8221; link=&#8221;https:\/\/shinkamanagement.com\/ben-sparrow-director\/&#8221;][vc_column_text]<strong>Host | <a href=\"https:\/\/shinkamanagement.com\/it\/ben-sparrow-direttore\/\">Ben Sparrow<\/a><\/strong>[\/vc_column_text][\/vc_column][vc_column width=&#8221;1\/4&#8243;][vc_single_image image=&#8221;43281&#8243; img_size=&#8221;full&#8221; onclick=&#8221;custom_link&#8221; link=&#8221;https:\/\/shinkamanagement.com\/paul-smith-director-shinka-management\/&#8221;][vc_column_text]<strong>Ospite <\/strong><a href=\"https:\/\/shinkamanagement.com\/it\/paul-smith-direttore\/\"><strong>Paul Smith<\/strong><\/a>[\/vc_column_text][\/vc_column][\/vc_row][vc_row][vc_column width=&#8221;1\/4&#8243;][vc_single_image image=&#8221;43282&#8243; img_size=&#8221;full&#8221; onclick=&#8221;custom_link&#8221; link=&#8221;https:\/\/shinkamanagement.com\/eri-dennis-naati-japanese-interpreter\/&#8221;][vc_column_text]<strong>Host | <a href=\"https:\/\/shinkamanagement.com\/it\/eri-dennis-consulente-traduzione-e-interpretariato-giapponese\/\">Eri Dennis<\/a><\/strong>[\/vc_column_text][\/vc_column][vc_column width=&#8221;1\/4&#8243;][vc_single_image image=&#8221;43292&#8243; img_size=&#8221;full&#8221; onclick=&#8221;custom_link&#8221; link=&#8221;https:\/\/shinkamanagement.com\/daniel-andreu-lean-manufacturing-consultant-argentina\/&#8221;][vc_column_text]<strong>Host | <a href=\"https:\/\/shinkamanagement.com\/it\/daniel-andreu-consulente-senior\/\">Daniel Andreu<\/a><\/strong>[\/vc_column_text][\/vc_column][vc_column width=&#8221;1\/4&#8243;][vc_single_image image=&#8221;43290&#8243; img_size=&#8221;full&#8221;][vc_column_text]<strong>Host | Mario Sawada<\/strong>[\/vc_column_text][\/vc_column][vc_column width=&#8221;1\/4&#8243;][\/vc_column][\/vc_row][vc_row][vc_column][vc_empty_space height=&#8221;10px&#8221;][\/vc_column][\/vc_row][vc_row][vc_column][vc_column_text]<\/p>\n<h3>Sessioni #AskSensei in arrivo e registrazione<\/h3>\n<p>Ogni evento dura un&#8217;ora e le iscrizioni si chiudono circa un&#8217;ora prima dell&#8217;inizio. Prima del webinar ti verr\u00e0 inviato nella tua casella di posta elettronica un invito con un link per partecipare il giorno stesso. La partecipazione \u00e8 gratuita.<\/p>\n<p>Segui i link qui sotto per verificare il giorno e l&#8217;ora nel tuo fuso orario locale e per registrarti via Zoom.[\/vc_column_text][vc_column_text]<div class=\"em em-view-container\" id=\"em-view-1279060607\" data-view=\"list\">\r\n\t<div class=\"em pixelbones em-list em-events-list\" id=\"em-events-list-1279060607\" data-view-id=\"1279060607\">\r\n\tNo Events\t<\/div>\r\n<\/div>[\/vc_column_text][vc_column_text]Prima dell&#8217;evento riceverai un&#8217;e-mail con i dettagli di accesso a un webinar basato su Zoom. Registrandoti, accetti di ricevere le notifiche relative a #AskSensei e ad altri eventi di Shinka Management. Puoi rinunciare a queste comunicazioni in qualsiasi momento.[\/vc_column_text][\/vc_column][\/vc_row][vc_row][vc_column][vc_empty_space height=&#8221;10px&#8221;][vc_column_text]<\/p>\n<h3>Invio di domande<\/h3>\n<p>[\/vc_column_text][vc_column_text]I partecipanti sono incoraggiati a porre domande a Sensei durante il processo di registrazione e durante l&#8217;evento dal vivo.<\/p>\n<p>A causa dei vincoli di tempo, solo un numero limitato di domande presentate pu\u00f2 essere affrontato durante un evento e gli organizzatori daranno la priorit\u00e0 alle domande che si prevede abbiano il pi\u00f9 ampio appeal o che siano votate durante l&#8217;evento.<\/p>\n<p>Inviando le domande autorizzi i conduttori dell&#8217;evento a leggere la tua domanda durante il webinar insieme al tuo nome e alla tua affiliazione. Queste informazioni possono essere incluse anche nelle trascrizioni del webinar.[\/vc_column_text][\/vc_column][\/vc_row][vc_row][vc_column][vc_empty_space height=&#8221;10px&#8221;][vc_column_text]<\/p>\n<h3>Contatti e domande<strong><br \/>\n<\/strong><\/h3>\n<p>[\/vc_column_text][vc_column_text]Inviaci domande o suggerimenti di carattere generale sugli eventi #AskSensei tramite il nostro <a title=\"Contatta Shinka Management\" href=\"https:\/\/shinkamanagement.com\/it\/contact-us\/\">modulo di contatto<\/a>.<\/p>\n<p>Le domande per i nostri relatori possono essere inviate solo al momento della registrazione o durante ogni evento.<\/p>\n<p>Ti ricordiamo che la maggior parte dei problemi tecnici relativi all&#8217;utilizzo di Zoom Webinar possono essere risolti con una semplice ricerca su Google o accedendo al Centro assistenza Zoom. Ti invitiamo a non contattarci per domande di natura tecnica.[\/vc_column_text][\/vc_column][\/vc_row][vc_row][vc_column][vc_empty_space height=&#8221;16px&#8221;]<div class=\"hr-thin style-line\" style=\"width: 100%;border-top-width: 1px;\"><\/div>[vc_empty_space height=&#8221;16px&#8221;][\/vc_column][\/vc_row][vc_row][vc_column][vc_column_text]<\/p>\n<h2>Commenti dei partecipanti a #AskSensei<\/h2>\n<p>[\/vc_column_text]<style type=\"text\/css\" data-type=\"the7_shortcodes-inline-css\">.testimonials-carousel-shortcode.testimonials-carousel-shortcode-id-36023a6ac4c933aab858c0d93e0367e7.owl-carousel .owl-nav div {\n  width: 36px;\n  height: 36px;\n  border-radius: 500px;\n}\n.testimonials-carousel-shortcode.testimonials-carousel-shortcode-id-36023a6ac4c933aab858c0d93e0367e7.owl-carousel .owl-nav div:before,\n.testimonials-carousel-shortcode.testimonials-carousel-shortcode-id-36023a6ac4c933aab858c0d93e0367e7.owl-carousel .owl-nav div:after {\n  border-width: 0px;\n}\n.testimonials-carousel-shortcode.testimonials-carousel-shortcode-id-36023a6ac4c933aab858c0d93e0367e7.owl-carousel .owl-nav div.owl-prev {\n  top: 50%;\n  transform: translateY(calc(-50% + 0px));\n  left: -43px;\n}\n@media all and (-ms-high-contrast: none) {\n  .testimonials-carousel-shortcode.testimonials-carousel-shortcode-id-36023a6ac4c933aab858c0d93e0367e7.owl-carousel .owl-nav div.owl-prev {\n    transform: translateY(-50%);\n    margin-top: 0px;\n  }\n}\n.testimonials-carousel-shortcode.testimonials-carousel-shortcode-id-36023a6ac4c933aab858c0d93e0367e7.owl-carousel .owl-nav div.owl-prev i {\n  padding: 0px 0px 0px 0px;\n}\n.testimonials-carousel-shortcode.testimonials-carousel-shortcode-id-36023a6ac4c933aab858c0d93e0367e7.owl-carousel .owl-nav div.owl-next {\n  top: 50%;\n  transform: translateY(calc(-50% + 0px));\n  right: -43px;\n}\n@media all and (-ms-high-contrast: none) {\n  .testimonials-carousel-shortcode.testimonials-carousel-shortcode-id-36023a6ac4c933aab858c0d93e0367e7.owl-carousel .owl-nav div.owl-next {\n    transform: translateY(-50%);\n    margin-top: 0px;\n  }\n}\n.testimonials-carousel-shortcode.testimonials-carousel-shortcode-id-36023a6ac4c933aab858c0d93e0367e7.owl-carousel .owl-nav div.owl-next i {\n  padding: 0px 0px 0px 0px;\n}\n.testimonials-carousel-shortcode.testimonials-carousel-shortcode-id-36023a6ac4c933aab858c0d93e0367e7.owl-carousel .owl-nav i {\n  font-size: 18px;\n}\n.testimonials-carousel-shortcode.testimonials-carousel-shortcode-id-36023a6ac4c933aab858c0d93e0367e7.owl-carousel .owl-nav div:not(:hover) i,\n.testimonials-carousel-shortcode.testimonials-carousel-shortcode-id-36023a6ac4c933aab858c0d93e0367e7.owl-carousel .owl-nav div:not(:hover) i:before {\n  color: #ffffff;\n  background: none;\n}\n.testimonials-carousel-shortcode.testimonials-carousel-shortcode-id-36023a6ac4c933aab858c0d93e0367e7.owl-carousel .owl-nav div:hover i,\n.testimonials-carousel-shortcode.testimonials-carousel-shortcode-id-36023a6ac4c933aab858c0d93e0367e7.owl-carousel .owl-nav div:hover i:before {\n  color: rgba(255,255,255,0.75);\n  background: none;\n}\n.testimonials-carousel-shortcode.testimonials-carousel-shortcode-id-36023a6ac4c933aab858c0d93e0367e7 .owl-dots {\n  top: calc(100% + 20px);\n  left: 50%;\n  transform: translateX(calc(-50% + 0px));\n}\n@media all and (-ms-high-contrast: none) {\n  .testimonials-carousel-shortcode.testimonials-carousel-shortcode-id-36023a6ac4c933aab858c0d93e0367e7 .owl-dots {\n    transform: translateX(-50%);\n    margin-left: 0px;\n  }\n}\n.testimonials-carousel-shortcode.testimonials-carousel-shortcode-id-36023a6ac4c933aab858c0d93e0367e7 .owl-dot {\n  width: 10px;\n  height: 10px;\n  margin: 0 8px;\n}\n@media screen and (max-width: 778px) {\n  .testimonials-carousel-shortcode.testimonials-carousel-shortcode-id-36023a6ac4c933aab858c0d93e0367e7.hide-arrows.owl-carousel .owl-nav a {\n    display: none;\n  }\n}\n@media screen and (max-width: 778px) {\n  .testimonials-carousel-shortcode.testimonials-carousel-shortcode-id-36023a6ac4c933aab858c0d93e0367e7.reposition-arrows.owl-carousel .owl-nav .owl-prev {\n    top: 50%;\n    transform: translateY(calc(-50% + 0px));\n    left: -18px;\n  }\n  .testimonials-carousel-shortcode.testimonials-carousel-shortcode-id-36023a6ac4c933aab858c0d93e0367e7.reposition-arrows.owl-carousel .owl-nav .owl-next {\n    top: 50%;\n    transform: translateY(calc(-50% + 0px));\n    right: -18px;\n  }\n}\n@media screen and (max-width: 778px) and all and (-ms-high-contrast: none) {\n  .testimonials-carousel-shortcode.testimonials-carousel-shortcode-id-36023a6ac4c933aab858c0d93e0367e7.reposition-arrows.owl-carousel .owl-nav .owl-prev {\n    transform: translateY(-50%);\n    margin-top: 0px;\n  }\n}\n@media screen and (max-width: 778px) and all and (-ms-high-contrast: none) {\n  .testimonials-carousel-shortcode.testimonials-carousel-shortcode-id-36023a6ac4c933aab858c0d93e0367e7.reposition-arrows.owl-carousel .owl-nav .owl-next {\n    transform: translateY(-50%);\n    margin-top: 0px;\n  }\n}\n.testimonials-carousel-shortcode.testimonials-carousel-shortcode-id-36023a6ac4c933aab858c0d93e0367e7 .testimonial-item {\n  padding: 30px 30px 20px 30px;\n}\n.testimonials-carousel-shortcode.testimonials-carousel-shortcode-id-36023a6ac4c933aab858c0d93e0367e7 .testimonial-name,\n.testimonials-carousel-shortcode.testimonials-carousel-shortcode-id-36023a6ac4c933aab858c0d93e0367e7 .testimonial-name a,\n.testimonials-carousel-shortcode.testimonials-carousel-shortcode-id-36023a6ac4c933aab858c0d93e0367e7 .testimonial-name span {\n  margin-bottom: 0px;\n  font-weight: bold;\n}\n.testimonials-carousel-shortcode.testimonials-carousel-shortcode-id-36023a6ac4c933aab858c0d93e0367e7 .testimonial-position {\n  margin-bottom: 20px;\n}\n.testimonials-carousel-shortcode.testimonials-carousel-shortcode-id-36023a6ac4c933aab858c0d93e0367e7 .testimonial-position,\n.testimonials-carousel-shortcode.testimonials-carousel-shortcode-id-36023a6ac4c933aab858c0d93e0367e7 .testimonial-position span {\n  font-weight: bold;\n}\n.testimonials-carousel-shortcode.testimonials-carousel-shortcode-id-36023a6ac4c933aab858c0d93e0367e7  .testimonial-avatar {\n  padding: 0px 20px 20px 0px;\n}\n.testimonials-carousel-shortcode.testimonials-carousel-shortcode-id-36023a6ac4c933aab858c0d93e0367e7  .testimonial-avatar a,\n.testimonials-carousel-shortcode.testimonials-carousel-shortcode-id-36023a6ac4c933aab858c0d93e0367e7  .testimonial-avatar span,\n.testimonials-carousel-shortcode.testimonials-carousel-shortcode-id-36023a6ac4c933aab858c0d93e0367e7  .testimonial-avatar img {\n  max-width: 80px;\n}\n.testimonials-carousel-shortcode.testimonials-carousel-shortcode-id-36023a6ac4c933aab858c0d93e0367e7 .dt-css-grid .testimonial-avatar img,\n.testimonials-carousel-shortcode.testimonials-carousel-shortcode-id-36023a6ac4c933aab858c0d93e0367e7 .dt-css-grid .testimonial-avatar svg {\n  max-width: 100%;\n}\n.testimonials-carousel-shortcode.testimonials-carousel-shortcode-id-36023a6ac4c933aab858c0d93e0367e7.layout-5:not(.hide-testimonial-avatar) .content-wrap,\n.testimonials-carousel-shortcode.testimonials-carousel-shortcode-id-36023a6ac4c933aab858c0d93e0367e7.layout-6:not(.hide-testimonial-avatar) .content-wrap {\n  width: calc(100% - 80px - 20px - 0px);\n}\n.testimonials-carousel-shortcode.testimonials-carousel-shortcode-id-36023a6ac4c933aab858c0d93e0367e7 .testimonial-content {\n  margin-bottom: 0px;\n}\n.testimonials-carousel-shortcode.testimonials-carousel-shortcode-id-36023a6ac4c933aab858c0d93e0367e7  .testimonial-avatar,\n.testimonials-carousel-shortcode.testimonials-carousel-shortcode-id-36023a6ac4c933aab858c0d93e0367e7  .testimonial-avatar a.rollover,\n.testimonials-carousel-shortcode.testimonials-carousel-shortcode-id-36023a6ac4c933aab858c0d93e0367e7  .testimonial-avatar a.rollover *,\n.testimonials-carousel-shortcode.testimonials-carousel-shortcode-id-36023a6ac4c933aab858c0d93e0367e7  .testimonial-avatar img,\n.testimonials-carousel-shortcode.testimonials-carousel-shortcode-id-36023a6ac4c933aab858c0d93e0367e7  .testimonial-avatar .no-avatar,\n.testimonials-carousel-shortcode.testimonials-carousel-shortcode-id-36023a6ac4c933aab858c0d93e0367e7  .testim-no-avatar {\n  border-radius: 500px;\n}\n.testimonials-carousel-shortcode.testimonials-carousel-shortcode-id-36023a6ac4c933aab858c0d93e0367e7  .testimonial-avatar .no-avatar {\n  height: 80px;\n}\n.testimonials-carousel-shortcode.testimonials-carousel-shortcode-id-36023a6ac4c933aab858c0d93e0367e7  .testimonial-avatar .no-avatar {\n  font-size: 80px;\n  width: 80px;\n}<\/style><div class=\"owl-carousel testimonials-carousel-shortcode dt-testimonials-shortcode dt-owl-carousel-call testimonials-carousel-shortcode-id-36023a6ac4c933aab858c0d93e0367e7 content-align-left layout-4 content-bg-on bullets-small-dot-stroke reposition-arrows arrows-bg-on dt-arrow-border-on dt-arrow-hover-border-on disable-arrows-hover-bg arrows-hover-bg-on  \" data-scroll-mode=\"1\" data-col-num=\"2\" data-wide-col-num=\"2\" data-laptop-col=\"2\" data-h-tablet-columns-num=\"2\" data-v-tablet-columns-num=\"1\" data-phone-columns-num=\"1\" data-auto-height=\"false\" data-col-gap=\"30\" data-stage-padding=\"0\" data-speed=\"600\" data-autoplay=\"true\" data-autoplay_speed=\"6000\" data-arrows=\"true\" data-bullet=\"false\" data-next-icon=\"icon-ar-017-r\" data-prev-icon=\"icon-ar-017-l\"><div class=\"testimonial-item\"><div class=\"testimonial-author\"><div class=\"testimonial-avatar\"><span class=\"testimonial-thumb layzr-bg\"><img decoding=\"async\" class=\"preload-me owl-lazy-load aspect\" src=\"data:image\/svg+xml,%3Csvg%20xmlns%3D&#039;http%3A%2F%2Fwww.w3.org%2F2000%2Fsvg&#039;%20viewBox%3D&#039;0%200%2080%2080&#039;%2F%3E\" data-src=\"https:\/\/shinkamanagement.com\/wp-content\/uploads\/2022\/01\/Nicolas-Rebozov-150-80x80.jpg\" data-srcset=\"https:\/\/shinkamanagement.com\/wp-content\/uploads\/2022\/01\/Nicolas-Rebozov-150-80x80.jpg 80w, https:\/\/shinkamanagement.com\/wp-content\/uploads\/2022\/01\/Nicolas-Rebozov-150.jpg 150w\" loading=\"eager\" style=\"--ratio: 80 \/ 80\" sizes=\"(max-width: 80px) 100vw, 80px\" width=\"80\" height=\"80\" alt=\"\"><\/span><\/div><div class=\"testimonial-vcard\"><div class=\"testimonial-name\"><span class=\"text-primary\">Nicolas Rebozov, Founder and Consultant<\/span><br \/><\/div><div class=\"testimonial-position\"><\/div><\/div><\/div><div class=\"testimonial-content\"><p>Eccellente. Ottime domande e traduzione. Incredibile opportunit\u00e0 di avere un sensei Toyota online.<br \/>\n<a href=\"https:\/\/shinkamanagement.com\/it\/dt_testimonials\/nicolas-rebozov-founder-and-consultant\/\" class=\"more-link\" aria-label=\"Ulteriori informazioni su Nicolas Rebozov, Founder and Consultant\">Per saperne di pi\u00f9<\/a><\/p>\n<\/div><\/div><div class=\"testimonial-item\"><div class=\"testimonial-author\"><div class=\"testimonial-avatar\"><span class=\"testimonial-thumb layzr-bg\"><img decoding=\"async\" class=\"preload-me owl-lazy-load aspect\" src=\"data:image\/svg+xml,%3Csvg%20xmlns%3D&#039;http%3A%2F%2Fwww.w3.org%2F2000%2Fsvg&#039;%20viewBox%3D&#039;0%200%2080%2080&#039;%2F%3E\" data-src=\"https:\/\/shinkamanagement.com\/wp-content\/uploads\/2021\/08\/Tudor-Olar-80x80.jpg\" data-srcset=\"https:\/\/shinkamanagement.com\/wp-content\/uploads\/2021\/08\/Tudor-Olar-80x80.jpg 80w, https:\/\/shinkamanagement.com\/wp-content\/uploads\/2021\/08\/Tudor-Olar.jpg 150w\" loading=\"eager\" style=\"--ratio: 80 \/ 80\" sizes=\"(max-width: 80px) 100vw, 80px\" width=\"80\" height=\"80\" alt=\"\"><\/span><\/div><div class=\"testimonial-vcard\"><div class=\"testimonial-name\"><span class=\"text-primary\">Tudor Olar, Lean Specialist<\/span><br \/><\/div><div class=\"testimonial-position\"><\/div><\/div><\/div><div class=\"testimonial-content\"><p>Un&#8217;ottima preparazione per l&#8217;evento. Sono rimasto davvero sorpreso che tu abbia risposto a cos\u00ec tante domande in un breve periodo di tempo.<br \/>\n<a href=\"https:\/\/shinkamanagement.com\/it\/dt_testimonials\/tudor-olar-lean-specialist\/\" class=\"more-link\" aria-label=\"Ulteriori informazioni su Tudor Olar, Lean Specialist\">Per saperne di pi\u00f9<\/a><\/p>\n<\/div><\/div><div class=\"testimonial-item\"><div class=\"testimonial-author\"><div class=\"testimonial-avatar\"><span class=\"testimonial-thumb layzr-bg\"><img decoding=\"async\" class=\"preload-me owl-lazy-load aspect\" src=\"data:image\/svg+xml,%3Csvg%20xmlns%3D&#039;http%3A%2F%2Fwww.w3.org%2F2000%2Fsvg&#039;%20viewBox%3D&#039;0%200%2080%2080&#039;%2F%3E\" data-src=\"https:\/\/shinkamanagement.com\/wp-content\/uploads\/2021\/08\/Pedro-Nolasco-Vasquez-80x80.jpg\" data-srcset=\"https:\/\/shinkamanagement.com\/wp-content\/uploads\/2021\/08\/Pedro-Nolasco-Vasquez-80x80.jpg 80w, https:\/\/shinkamanagement.com\/wp-content\/uploads\/2021\/08\/Pedro-Nolasco-Vasquez.jpg 150w\" loading=\"eager\" style=\"--ratio: 80 \/ 80\" sizes=\"(max-width: 80px) 100vw, 80px\" width=\"80\" height=\"80\" alt=\"\"><\/span><\/div><div class=\"testimonial-vcard\"><div class=\"testimonial-name\"><span class=\"text-primary\">Pedro Nolasco V\u00e1squez, Consultant<\/span><br \/><\/div><div class=\"testimonial-position\"><\/div><\/div><\/div><div class=\"testimonial-content\"><p>\u00c8 un evento prezioso, grazie per il tuo tempo e la tua dedizione.<br \/>\n<a href=\"https:\/\/shinkamanagement.com\/it\/dt_testimonials\/pedro-nolasco-vasquez-consultant-asset-management-and-operational-excellence\/\" class=\"more-link\" aria-label=\"Ulteriori informazioni su Pedro Nolasco V\u00e1squez, Consultant\">Per saperne di pi\u00f9<\/a><\/p>\n<\/div><\/div><\/div>[\/vc_column][\/vc_row]<\/p>\n<\/div>","protected":false},"excerpt":{"rendered":"<p>[vc_row][vc_column][vc_column_text] Webinar #AskSensei [\/vc_column_text][vc_row_inner][vc_column_inner][vc_column_text] E se potessi chiedere a un ex direttore di fabbrica della Toyota qualcosa sul Sistema di Produzione Toyota, sulla motivazione del personale o sulla gestione della genba? [\/vc_column_text][vc_column_text]Unisciti a Shinka Management per questo evento regolarmente programmato e avrai la possibilit\u00e0 di chiedere all&#8217;ex direttore di fabbrica e direttore di Toyota Akinori&hellip;<\/p>\n","protected":false},"author":6,"featured_media":43286,"parent":0,"menu_order":0,"comment_status":"closed","ping_status":"closed","template":"","meta":{"footnotes":""},"class_list":["post-43277","page","type-page","status-publish","has-post-thumbnail","hentry","description-off"],"_links":{"self":[{"href":"https:\/\/shinkamanagement.com\/it\/wp-json\/wp\/v2\/pages\/43277","targetHints":{"allow":["GET"]}}],"collection":[{"href":"https:\/\/shinkamanagement.com\/it\/wp-json\/wp\/v2\/pages"}],"about":[{"href":"https:\/\/shinkamanagement.com\/it\/wp-json\/wp\/v2\/types\/page"}],"author":[{"embeddable":true,"href":"https:\/\/shinkamanagement.com\/it\/wp-json\/wp\/v2\/users\/6"}],"replies":[{"embeddable":true,"href":"https:\/\/shinkamanagement.com\/it\/wp-json\/wp\/v2\/comments?post=43277"}],"version-history":[{"count":5,"href":"https:\/\/shinkamanagement.com\/it\/wp-json\/wp\/v2\/pages\/43277\/revisions"}],"predecessor-version":[{"id":54813,"href":"https:\/\/shinkamanagement.com\/it\/wp-json\/wp\/v2\/pages\/43277\/revisions\/54813"}],"wp:featuredmedia":[{"embeddable":true,"href":"https:\/\/shinkamanagement.com\/it\/wp-json\/wp\/v2\/media\/43286"}],"wp:attachment":[{"href":"https:\/\/shinkamanagement.com\/it\/wp-json\/wp\/v2\/media?parent=43277"}],"curies":[{"name":"wp","href":"https:\/\/api.w.org\/{rel}","templated":true}]}}