{"id":43125,"date":"2024-08-01T21:33:39","date_gmt":"2024-08-01T12:03:39","guid":{"rendered":"https:\/\/shinkamanagement.com\/software-studio-del-tempo-con-ai-otrsai\/"},"modified":"2025-06-17T01:39:14","modified_gmt":"2025-06-16T16:09:14","slug":"ai-time-study-software-otrs-ai","status":"publish","type":"page","link":"https:\/\/shinkamanagement.com\/it\/ai-time-study-software-otrs-ai\/","title":{"rendered":"Software Studio del Tempo con AI &#8211; OTRS+AI"},"content":{"rendered":"<div class=\"wpb-content-wrapper\"><p>[vc_row][vc_column][vc_column_text css=&#8221;.vc_custom_1722342902199{margin-bottom: 30px !important;}&#8221;]<\/p>\n<h1>Software Studio del Tempo con AI &#8211; OTRS+AI<\/h1>\n<p>[\/vc_column_text]<div class=\"hr-thin style-line\" style=\"width: 100%;border-top-width: 1px;\"><\/div>[vc_row_inner css=&#8221;.vc_custom_1549234632141{margin-top: 30px !important;margin-bottom: 30px !important;}&#8221;][vc_column_inner][vc_column_text css=&#8221;&#8221;]<\/p>\n<h3><a href=\"https:\/\/shinkamanagement.com\/it\/time-study-software\/\">OTRS10<\/a>, leader del settore e considerato lo standard di riferimento per i software di studio del tempo, ora utilizza l&#8217;intelligenza artificiale per migliorare drasticamente l&#8217;efficienza nella realizzazione degli studi del tempo.<\/h3>\n<p>[\/vc_column_text][vc_column_text css=&#8221;&#8221;]<strong>OTRS+AI ti permette di eseguire studi sul tempo in modo pi\u00f9 rapido<\/strong>, consentendoti di avere pi\u00f9 tempo per le analisi e le attivit\u00e0 di kaizen.[\/vc_column_text][\/vc_column_inner][\/vc_row_inner][vc_row_inner css=&#8221;.vc_custom_1549234632141{margin-top: 30px !important;margin-bottom: 30px !important;}&#8221;][vc_column_inner width=&#8221;1\/2&#8243;]<div class=\"standard-arrow bullet-top\"><p>Utilizzando un <a href=\"https:\/\/www.fujitsu.com\/global\/about\/resources\/news\/press-releases\/2021\/0218-01.html\" target=\"_blank\" rel=\"noopener\">motore AI Fujitsu<\/a> all&#8217;avanguardia, OTRS+AI ti aiuter\u00e0:<\/p>\n<ul>\n<li>Ridurre il tempo necessario per eseguire uno studio del tempo<\/li>\n<li>Identifica con facilit\u00e0 la variabilit\u00e0 impossibile da vedere con il cronometro<\/li>\n<li>Migliora la qualit\u00e0 dei tuoi documenti di lavoro standard e dei materiali di formazione.<\/li>\n<\/ul>\n<\/div>[\/vc_column_inner][vc_column_inner width=&#8221;1\/2&#8243;][vc_single_image image=&#8221;52102&#8243; img_size=&#8221;full&#8221; alignment=&#8221;center&#8221; css=&#8221;&#8221;][\/vc_column_inner][\/vc_row_inner]<div class=\"hr-thin style-line\" style=\"width: 100%;border-top-width: 1px;\"><\/div>[vc_empty_space height=&#8221;20px&#8221;][\/vc_column][\/vc_row][vc_row][vc_column][vc_column_text css=&#8221;&#8221;]<\/p>\n<h2>Il tempo richiesto per eseguire gli studi temporali \u00e8 drasticamente ridotto<\/h2>\n<p>[\/vc_column_text][vc_empty_space height=&#8221;20px&#8221;][vc_column_text css=&#8221;&#8221;]<\/p>\n<h3>Un gran numero di cicli da analizzare? Hai bisogno di confrontare diversi operatori che eseguono lo stesso processo?<\/h3>\n<p>[\/vc_column_text][vc_empty_space height=&#8221;20px&#8221;][vc_single_image image=&#8221;43128&#8243; img_size=&#8221;full&#8221; alignment=&#8221;center&#8221; css=&#8221;&#8221;][vc_empty_space height=&#8221;25px&#8221;][\/vc_column][\/vc_row][vc_row][vc_column width=&#8221;2\/3&#8243;][vc_column_text css=&#8221;&#8221;]Invece di misurare manualmente tutti i cicli di uno studio temporale, con OTRS+AI \u00e8 <strong>sufficiente misurare un solo ciclo dell \u201coperazione<\/strong>, che viene poi utilizzato come modello di dati (dati didattici) dal motore AI. OTRS+AI eseguir\u00e0 quindi l\u201d analisi per tutti i cicli di lavoro rimanenti, eliminando il lavoro noioso e dispendioso in termini di tempo. Allo stesso modo, OTRS+AI pu\u00f2 analizzare altre registrazioni video dello stesso processo sulla base di questi dati modello iniziali.[\/vc_column_text][vc_empty_space height=&#8221;15px&#8221;][vc_column_text css=&#8221;&#8221;]<strong><a href=\"https:\/\/shinkamanagement.com\/wp-content\/uploads\/2024\/08\/Broadleaf_OTRS_AI_Brochure_English.pdf\" target=\"_blank\" rel=\"noopener\">Scarica la brochure<\/a> o <a title=\"Contattaci\" href=\"https:\/\/shinkamanagement.com\/it\/contact-us\/\">contattaci<\/a> oggi stesso per richiedere prezzi e ulteriori informazioni.<\/strong>[\/vc_column_text][\/vc_column][vc_column width=&#8221;1\/3&#8243;][vc_single_image image=&#8221;43127&#8243; img_size=&#8221;full&#8221; alignment=&#8221;center&#8221; onclick=&#8221;custom_link&#8221; img_link_target=&#8221;_blank&#8221; css=&#8221;&#8221; link=&#8221;https:\/\/shinkamanagement.com\/broadleaf_otrs_ai_brochure_english\/&#8221;][\/vc_column][\/vc_row][vc_row][vc_column][vc_empty_space height=&#8221;20px&#8221;]<div class=\"hr-thin style-line\" style=\"width: 100%;border-top-width: 1px;\"><\/div>[vc_empty_space height=&#8221;20px&#8221;][vc_column_text css=&#8221;&#8221;]<\/p>\n<h2>Flusso di lavoro OTRS+AI semplice ed efficiente<\/h2>\n<p>[\/vc_column_text][vc_column_text css=&#8221;&#8221;]Un flusso di lavoro facile da seguire ti permette di creare i dati didattici, caricarli sul motore AI e ottenere e verificare i risultati in pochissimo tempo.[\/vc_column_text][vc_empty_space height=&#8221;20px&#8221;][vc_tour interval=&#8221;5&#8243;][vc_tab title=&#8221;1 &#8211; Preparazione del video&#8221; tab_id=&#8221;a173b27c-9d1f-0&#8243;][vc_row_inner][vc_column_inner width=&#8221;1\/2&#8243;][vc_single_image image=&#8221;52099&#8243; img_size=&#8221;full&#8221; alignment=&#8221;center&#8221; css=&#8221;&#8221;][vc_column_text css=&#8221;&#8221;]Gira un video di un processo che intendi utilizzare come dati didattici.[\/vc_column_text][\/vc_column_inner][vc_column_inner width=&#8221;1\/2&#8243;][\/vc_column_inner][\/vc_row_inner][\/vc_tab][vc_tab title=&#8221;2 &#8211; Registrazione dei dati dell&#8217;insegnamento&#8221; tab_id=&#8221;8f6385ef-cc02-3&#8243;][vc_row_inner][vc_column_inner width=&#8221;1\/2&#8243;][vc_single_image image=&#8221;52092&#8243; img_size=&#8221;full&#8221; alignment=&#8221;center&#8221; css=&#8221;&#8221;][vc_column_text css=&#8221;&#8221;]Analizza un ciclo utilizzando OTRS10 per creare dati didattici.[\/vc_column_text][\/vc_column_inner][vc_column_inner width=&#8221;1\/2&#8243;][vc_single_image image=&#8221;52096&#8243; img_size=&#8221;full&#8221; alignment=&#8221;center&#8221; css=&#8221;&#8221;][vc_column_text css=&#8221;&#8221;]Carica l&#8217;analisi su OTRS+AI e registrala come dati didattici.[\/vc_column_text][\/vc_column_inner][\/vc_row_inner][\/vc_tab][vc_tab title=&#8221;3 &#8211; Analisi dell&#8217;intelligenza artificiale&#8221; tab_id=&#8221;1721239549410-2-7&#8243;][vc_row_inner][vc_column_inner width=&#8221;1\/2&#8243;][vc_single_image image=&#8221;52091&#8243; img_size=&#8221;full&#8221; alignment=&#8221;center&#8221; css=&#8221;&#8221;][vc_column_text css=&#8221;&#8221;]Seleziona e carica un video da analizzare e poi seleziona i dati registrati per l&#8217;analisi automatica.[\/vc_column_text][\/vc_column_inner][vc_column_inner width=&#8221;1\/2&#8243;][vc_single_image image=&#8221;52094&#8243; img_size=&#8221;full&#8221; alignment=&#8221;center&#8221; css=&#8221;&#8221;][vc_column_text css=&#8221;&#8221;]Segui i progressi dell \u201canalisi video. Una volta completata, importa l\u201d analisi in OTRS10.[\/vc_column_text][\/vc_column_inner][\/vc_row_inner][\/vc_tab][vc_tab title=&#8221;4 &#8211; Risultati dell&#8217;analisi&#8221; tab_id=&#8221;1721239907540-3-5&#8243;][vc_row_inner][vc_column_inner width=&#8221;1\/2&#8243;][vc_single_image image=&#8221;52097&#8243; img_size=&#8221;full&#8221; alignment=&#8221;center&#8221; css=&#8221;&#8221;][vc_column_text css=&#8221;&#8221;]Un processo viene suddiviso in elementi di lavoro per un massimo di 20 cicli e viene restituito insieme a un punteggio AI e a una razione di tempo AI.[\/vc_column_text][\/vc_column_inner][vc_column_inner width=&#8221;1\/2&#8243;][vc_single_image image=&#8221;52090&#8243; img_size=&#8221;full&#8221; alignment=&#8221;center&#8221; css=&#8221;&#8221;][vc_column_text css=&#8221;&#8221;]La schermata Aggregazione mostra il tempo e il punteggio AI per ogni elemento.[\/vc_column_text][\/vc_column_inner][\/vc_row_inner][\/vc_tab][vc_tab title=&#8221;5 &#8211; Controllo dei risultati dell&#8217;IA&#8221; tab_id=&#8221;1721288583450-4-9&#8243;][vc_row_inner][vc_column_inner width=&#8221;1\/2&#8243;][vc_single_image image=&#8221;52095&#8243; img_size=&#8221;full&#8221; alignment=&#8221;center&#8221; css=&#8221;&#8221;][vc_column_text css=&#8221;&#8221;]Per ogni elemento vengono visualizzati il punteggio AI (da A a E) e il rapporto di tempo AI.[\/vc_column_text][\/vc_column_inner][vc_column_inner width=&#8221;1\/2&#8243;][vc_single_image image=&#8221;52098&#8243; img_size=&#8221;full&#8221; alignment=&#8221;center&#8221; css=&#8221;&#8221;][vc_column_text css=&#8221;&#8221;]Il punteggio AI \u00e8 il livello di fiducia dell \u201canalisi AI. Il rapporto di tempo dell\u201d IA mostra gli intervalli tra le operazioni.[\/vc_column_text][\/vc_column_inner][\/vc_row_inner][\/vc_tab][\/vc_tour][vc_empty_space height=&#8221;20px&#8221;]<div class=\"hr-thin style-line\" style=\"width: 100%;border-top-width: 1px;\"><\/div>[\/vc_column][\/vc_row][vc_row anchor=&#8221;faq&#8221;][vc_column][vc_column_text css=&#8221;&#8221;]<script type=\"application\/ld+json\">\r\n{\r\n  \"@context\": \"https:\/\/schema.org\",\r\n  \"@type\": \"FAQPage\",\r\n  \"mainEntity\": [\r\n    {\r\n      \"@type\": \"Question\",\r\n      \"name\": \"What are the system requirements for my PC?\",\r\n      \"acceptedAnswer\": {\r\n        \"@type\": \"Answer\",\r\n        \"text\": \"OS: Windows 11 Pro \/ Windows 10 Pro \/ 8.1 Pro \/ 7 Pro (SP1 or later); CPU: Intel Core i5 series 2nd generation or later 2.6 GHz; Memory: 4GB or more; Display: 1024 x 768 dots (XGA) or higher.\"\r\n      }\r\n    },\r\n    {\r\n      \"@type\": \"Question\",\r\n      \"name\": \"Which video formats are supported?\",\r\n      \"acceptedAnswer\": {\r\n        \"@type\": \"Answer\",\r\n        \"text\": \"OTRS+AI supports video formats with the following extensions: MP4, MOV, MPEG-TS (MPG) \/ video codec: H.264.\"\r\n      }\r\n    },\r\n    {\r\n      \"@type\": \"Question\",\r\n      \"name\": \"What kind of contract is required to use OTRS+AI?\",\r\n      \"acceptedAnswer\": {\r\n        \"@type\": \"Answer\",\r\n        \"text\": \"OTRS10 and maintenance support package contracts are required when subscribing to OTRS+AI.\"\r\n      }\r\n    },\r\n    {\r\n      \"@type\": \"Question\",\r\n      \"name\": \"In which countries is OTRS+AI available?\",\r\n      \"acceptedAnswer\": {\r\n        \"@type\": \"Answer\",\r\n        \"text\": \"OTRS+AI is available worldwide except for China and Taiwan.\"\r\n      }\r\n    },\r\n    {\r\n      \"@type\": \"Question\",\r\n      \"name\": \"Which company provides sales and support for OTRS+AI time study software outside of Japan?\",\r\n      \"acceptedAnswer\": {\r\n        \"@type\": \"Answer\",\r\n        \"text\": \"Shinka Management provides sales and support for OTRS+AI, OTRS10, and Mobile OTRS. OTRS+AI is available in United States, EU, Indonesia, the Philippines, Vietnam, Thailand, and Taiwan.\"\r\n      }\r\n    },\r\n    {\r\n      \"@type\": \"Question\",\r\n      \"name\": \"What are some example use cases for the application of artificial intelligence to time study software?\",\r\n      \"acceptedAnswer\": {\r\n        \"@type\": \"Answer\",\r\n        \"text\": \"Example use cases include performing time studies that require the analysis of several cycles, analyzing the same process performed by different operators, evaluating variability of processes, and accelerating kaizen.\"\r\n      }\r\n    },\r\n    {\r\n      \"@type\": \"Question\",\r\n      \"name\": \"How accurate is the AI engine in analyzing cycles and splitting a video according to process steps?\",\r\n      \"acceptedAnswer\": {\r\n        \"@type\": \"Answer\",\r\n        \"text\": \"OTRS+AI has proven to be extremely accurate in the automatic analysis of processes in different types of industries and environments, where operators are both stationary and moving around within work cells.\r\n\r\nOne point to be conscious of is that once the teaching data has been registered, the manner in which the video of the operations to be analyzed is filmed can influence the results. The videos of the processes to be analyzed do not need to be prepared exactly the same as the teaching data video; different shooting angles and lighting will work, and the presence of other people or objects in the frame are acceptable; however the analysis video should be shot such that the operator is in the same orientation as in the teaching data, with as much of the operator's upper body included as possible.\"\r\n      }\r\n    }\r\n  ]\r\n}\r\n\r\n\r\n<\/script>[\/vc_column_text][vc_column_text]<\/p>\n<h2>FAQ<\/h2>\n<p>[\/vc_column_text][vc_accordion active_tab=&#8221;false&#8221; title_size=&#8221;h3&#8243; style=&#8221;2&#8243;][vc_accordion_tab title=&#8221;Quali sono i requisiti di sistema del mio PC?&#8221;][vc_column_text css=&#8221;&#8221;]<strong>OS<\/strong>: Windows 11 Pro \/ Windows 10 Pro \/ 8.1 Pro \/ 7 Pro (SP1 o successivo)<\/p>\n<p><strong>CPU<\/strong>: Intel Core i5 di seconda generazione o successivo a 2,6 GHz<\/p>\n<p><strong>Memoria<\/strong>: 4GB o pi\u00f9<\/p>\n<p><strong>Display<\/strong>: 1024 x 768 punti (XGA) o superiore[\/vc_column_text][\/vc_accordion_tab][vc_accordion_tab title=&#8221;Quali sono i formati video supportati?&#8221;][vc_column_text css=&#8221;&#8221;]OTRS+AI supporta i formati video con le seguenti estensioni: MP4, MOV, MPEG-TS (MPG) \/ codec video: H.264.[\/vc_column_text][\/vc_accordion_tab][vc_accordion_tab title=&#8221;Che tipo di contratto \u00e8 necessario per utilizzare OTRS+AI?&#8221;][vc_column_text css=&#8221;&#8221;]I contratti <a href=\"https:\/\/shinkamanagement.com\/it\/time-study-software\/\">OTRS10<\/a> e i pacchetti di supporto alla manutenzione sono necessari quando si sottoscrive un abbonamento a OTRS+AI.[\/vc_column_text][\/vc_accordion_tab][vc_accordion_tab title=&#8221;In quali paesi \u00e8 disponibile OTRS+AI?&#8221;][vc_column_text css=&#8221;&#8221;]OTRS+AI \u00e8 disponibile negli Stati Uniti, nell&#8217;UE, in Indonesia, nelle Filippine, in Vietnam, in Thailandia e a Taiwan.[\/vc_column_text][\/vc_accordion_tab][vc_accordion_tab title=&#8221;Quale azienda fornisce vendite e assistenza per il software di studio del tempo OTRS+AI al di fuori del Giappone?&#8221;][vc_column_text css=&#8221;&#8221;]<a href=\"https:\/\/shinkamanagement.com\/it\">Shinka Management<\/a> fornisce vendite e assistenza per OTRS+AI, <a href=\"https:\/\/shinkamanagement.com\/it\/time-study-software\/\">OTRS10<\/a> e <a href=\"https:\/\/shinkamanagement.com\/it\/mobile-otrs\/\">Mobile OTRS<\/a><\/p>\n<p>OTRS+AI<em>\u00e8 disponibile negli Stati Uniti, nell&#8217;UE, in Indonesia, nelle Filippine, in Vietnam, in Thailandia e a Taiwan.<\/em>[\/vc_column_text][\/vc_accordion_tab][vc_accordion_tab title=&#8221;Quali sono alcuni esempi di casi d&#8217;uso per l&#8217;applicazione dell&#8217;intelligenza artificiale al software di studio del tempo?&#8221;][vc_column_text css=&#8221;&#8221;]<strong>Esecuzione di studi temporali che richiedono l&#8217;analisi di pi\u00f9 cicli<\/strong><\/p>\n<p>Uno dei principali vantaggi dell \u201capplicazione dell\u201d IA agli studi temporali \u00e8 che consente di analizzare in modo rapido e preciso fino a 20 cicli dello stesso processo. In questo modo \u00e8 possibile evidenziare fluttuazioni e sprechi che non possono essere rilevati analizzando solo due o tre cicli di un processo.<\/p>\n<p><strong>Analizzare lo stesso processo eseguito da operatori diversi<\/strong><\/p>\n<p>Una volta registrati i dati didattici, i video della stessa operazione vengono analizzati automaticamente riducendo il lavoro di analisi manuale.<\/p>\n<p><strong>Valutare la variabilit\u00e0 dei processi<\/strong><\/p>\n<p>Aumentando il numero di cicli da studiare, aumenta la possibilit\u00e0 di individuare gli scarti (muda), le variazioni (mura) e il sovraccarico (muri) di un processo.<\/p>\n<p><strong> Accelerare il kaizen<\/strong><\/p>\n<p>Spendere meno tempo per eseguire manualmente le analisi dei tempi permette di dedicare pi\u00f9 tempo al processo di miglioramento.[\/vc_column_text][\/vc_accordion_tab][vc_accordion_tab title=&#8221;Quanto \u00e8 preciso il motore AI nell&#8217;analizzare i cicli e nel suddividere un video in base alle fasi del processo?&#8221;][vc_column_text css=&#8221;&#8221;]OTRS+AI ha dimostrato di essere estremamente preciso nell&#8217;analisi automatica dei processi in diversi tipi di industrie e ambienti, dove gli operatori sono sia fermi che in movimento all&#8217;interno delle celle di lavoro.<\/p>\n<p>Un aspetto da tenere presente \u00e8 che, una volta registrati i dati didattici, il modo in cui viene ripreso il video delle operazioni da analizzare pu\u00f2 influenzare i risultati. Non \u00e8 necessario che i video dei processi da analizzare siano esattamente identici a quelli dei dati didattici; possono andare bene angolazioni e luci diverse e la presenza di altre persone o oggetti nell&#8217;inquadratura \u00e8 accettabile; tuttavia, il video di analisi deve essere girato in modo che l&#8217;operatore abbia lo stesso orientamento dei dati didattici, includendo il pi\u00f9 possibile la parte superiore del corpo dell&#8217;operatore.[\/vc_column_text][\/vc_accordion_tab][\/vc_accordion][vc_empty_space height=&#8221;20px&#8221;][vc_empty_space height=&#8221;20px&#8221;][\/vc_column][\/vc_row][vc_row type=&#8221;1&#8243; bg_color=&#8221;#f4f4f4&#8243; css=&#8221;.vc_custom_1688979609906{background-color: #f4f4f4 !important;}&#8221;][vc_column width=&#8221;1\/3&#8243;][vc_column_text css=&#8221;.vc_custom_1722515526814{margin-top: 30px !important;}&#8221;]<\/p>\n<h2>Richieste di informazioni OTRS<\/h2>\n<p>Per ulteriori informazioni su OTRS+AI, OTRS10 o Mobile OTRS, o per richiedere informazioni sui prezzi, compila il modulo e ti contatteremo.[\/vc_column_text][\/vc_column][vc_column width=&#8221;2\/3&#8243;][vc_column_text]<form id=\"forminator-module-5223\" class=\"forminator-custom-form forminator-custom-form-5223\" method=\"post\" data-forminator-render=\"0\" data-uid=\"69e311e98194e\"><div role=\"alert\" aria-live=\"polite\" class=\"forminator-response-message forminator-error\" aria-hidden=\"true\"><\/div><\/form>[\/vc_column_text][\/vc_column][\/vc_row]<\/p>\n<\/div>","protected":false},"excerpt":{"rendered":"<p>[vc_row][vc_column][vc_column_text css=&#8221;.vc_custom_1722342902199{margin-bottom: 30px !important;}&#8221;] Software Studio del Tempo con AI &#8211; OTRS+AI [\/vc_column_text][vc_row_inner css=&#8221;.vc_custom_1549234632141{margin-top: 30px !important;margin-bottom: 30px !important;}&#8221;][vc_column_inner][vc_column_text css=&#8221;&#8221;] OTRS10, leader del settore e considerato lo standard di riferimento per i software di studio del tempo, ora utilizza l&#8217;intelligenza artificiale per migliorare drasticamente l&#8217;efficienza nella realizzazione degli studi del tempo. [\/vc_column_text][vc_column_text css=&#8221;&#8221;]OTRS+AI ti permette di&hellip;<\/p>\n","protected":false},"author":11,"featured_media":43129,"parent":0,"menu_order":0,"comment_status":"closed","ping_status":"closed","template":"","meta":{"footnotes":""},"class_list":["post-43125","page","type-page","status-publish","has-post-thumbnail","hentry","description-off"],"_links":{"self":[{"href":"https:\/\/shinkamanagement.com\/it\/wp-json\/wp\/v2\/pages\/43125","targetHints":{"allow":["GET"]}}],"collection":[{"href":"https:\/\/shinkamanagement.com\/it\/wp-json\/wp\/v2\/pages"}],"about":[{"href":"https:\/\/shinkamanagement.com\/it\/wp-json\/wp\/v2\/types\/page"}],"author":[{"embeddable":true,"href":"https:\/\/shinkamanagement.com\/it\/wp-json\/wp\/v2\/users\/11"}],"replies":[{"embeddable":true,"href":"https:\/\/shinkamanagement.com\/it\/wp-json\/wp\/v2\/comments?post=43125"}],"version-history":[{"count":36,"href":"https:\/\/shinkamanagement.com\/it\/wp-json\/wp\/v2\/pages\/43125\/revisions"}],"predecessor-version":[{"id":54606,"href":"https:\/\/shinkamanagement.com\/it\/wp-json\/wp\/v2\/pages\/43125\/revisions\/54606"}],"wp:featuredmedia":[{"embeddable":true,"href":"https:\/\/shinkamanagement.com\/it\/wp-json\/wp\/v2\/media\/43129"}],"wp:attachment":[{"href":"https:\/\/shinkamanagement.com\/it\/wp-json\/wp\/v2\/media?parent=43125"}],"curies":[{"name":"wp","href":"https:\/\/api.w.org\/{rel}","templated":true}]}}