{"id":57309,"date":"2026-03-13T21:12:54","date_gmt":"2026-03-13T10:42:54","guid":{"rendered":"https:\/\/shinkamanagement.com\/?page_id=57309"},"modified":"2026-03-13T21:38:02","modified_gmt":"2026-03-13T11:08:02","slug":"test-image-duplication-issue-2","status":"publish","type":"page","link":"https:\/\/shinkamanagement.com\/es\/test-image-duplication-issue-2\/","title":{"rendered":"Prueba &#8211; Tema de duplicaci\u00f3n de im\u00e1genes (clonada)"},"content":{"rendered":"<div class=\"wpb-content-wrapper\"><p>[vc_row][vc_column][vc_column_text css=&#8221;&#8221;]P\u00e1gina de prueba para diagnosticar un Tema de duplicaci\u00f3n de im\u00e1genes.<\/p>\n<p>A\u00f1adir\u00e9 medios<\/p>\n<p>traducir la p\u00e1gina al espa\u00f1ol<\/p>\n<p>comprobar si los medios est\u00e1n duplicados<\/p>\n<p>[\/vc_column_text][vc_single_image image=&#8221;55552&#8243; img_size=&#8221;&#8221;][\/vc_column][\/vc_row][vc_row][vc_column][vc_single_image image=&#8221;57066&#8243; img_size=&#8221;&#8221;][\/vc_column][\/vc_row][vc_row][vc_column][vc_single_image image=&#8221;57315&#8243; img_size=&#8221;&#8221;][\/vc_column][\/vc_row][vc_row][vc_column][vc_single_image image=&#8221;57315&#8243; img_size=&#8221;&#8221;][\/vc_column][\/vc_row]<\/p>\n<\/div>","protected":false},"excerpt":{"rendered":"<p>[vc_row][vc_column][vc_column_text css=&#8221;&#8221;]P\u00e1gina de prueba para diagnosticar un Tema de duplicaci\u00f3n de im\u00e1genes. A\u00f1adir\u00e9 medios traducir la p\u00e1gina al espa\u00f1ol comprobar si los medios est\u00e1n duplicados [\/vc_column_text][vc_single_image image=&#8221;55552&#8243; img_size=&#8221;&#8221;][\/vc_column][\/vc_row][vc_row][vc_column][vc_single_image image=&#8221;57066&#8243; img_size=&#8221;&#8221;][\/vc_column][\/vc_row][vc_row][vc_column][vc_single_image image=&#8221;57315&#8243; img_size=&#8221;&#8221;][\/vc_column][\/vc_row][vc_row][vc_column][vc_single_image image=&#8221;57315&#8243; img_size=&#8221;&#8221;][\/vc_column][\/vc_row]<\/p>\n","protected":false},"author":11,"featured_media":0,"parent":0,"menu_order":0,"comment_status":"closed","ping_status":"closed","template":"","meta":{"footnotes":""},"class_list":["post-57309","page","type-page","status-publish","hentry","description-off"],"_links":{"self":[{"href":"https:\/\/shinkamanagement.com\/es\/wp-json\/wp\/v2\/pages\/57309","targetHints":{"allow":["GET"]}}],"collection":[{"href":"https:\/\/shinkamanagement.com\/es\/wp-json\/wp\/v2\/pages"}],"about":[{"href":"https:\/\/shinkamanagement.com\/es\/wp-json\/wp\/v2\/types\/page"}],"author":[{"embeddable":true,"href":"https:\/\/shinkamanagement.com\/es\/wp-json\/wp\/v2\/users\/11"}],"replies":[{"embeddable":true,"href":"https:\/\/shinkamanagement.com\/es\/wp-json\/wp\/v2\/comments?post=57309"}],"version-history":[{"count":7,"href":"https:\/\/shinkamanagement.com\/es\/wp-json\/wp\/v2\/pages\/57309\/revisions"}],"predecessor-version":[{"id":57322,"href":"https:\/\/shinkamanagement.com\/es\/wp-json\/wp\/v2\/pages\/57309\/revisions\/57322"}],"wp:attachment":[{"href":"https:\/\/shinkamanagement.com\/es\/wp-json\/wp\/v2\/media?parent=57309"}],"curies":[{"name":"wp","href":"https:\/\/api.w.org\/{rel}","templated":true}]}}