{"id":56894,"date":"2023-05-08T09:33:54","date_gmt":"2023-05-08T00:03:54","guid":{"rendered":"https:\/\/shinkamanagement.com\/politica-de-privacidad-de-shinka-management\/"},"modified":"2025-12-19T05:51:56","modified_gmt":"2025-12-18T19:21:56","slug":"privacy-policy","status":"publish","type":"page","link":"https:\/\/shinkamanagement.com\/es\/privacy-policy\/","title":{"rendered":"Pol\u00edtica de Privacidad de Shinka Management"},"content":{"rendered":"<div class=\"wpb-content-wrapper\"><p>[vc_row][vc_column][vc_column_text]<\/p>\n<h2>Pol\u00edtica de Privacidad<\/h2>\n<p><strong>\u00daltima actualizaci\u00f3n: 8 de mayo de 2023<\/strong><\/p>\n<p>Shinka Management (&#8220;nosotros&#8221; o &#8220;nuestro&#8221;) gestiona https:\/\/shinkamanagement.com\/ (el &#8220;Sitio&#8221;). Esta p\u00e1gina te informa de nuestras pol\u00edticas relativas a la recogida, uso y divulgaci\u00f3n de datos personales cuando utilizas nuestro Sitio y de las opciones que tienes asociadas a esos datos.<\/p>\n<p>Utilizamos tus datos para proporcionar y mejorar el Sitio. Al utilizar el Sitio, aceptas la recopilaci\u00f3n y el uso de informaci\u00f3n de acuerdo con esta pol\u00edtica.<\/p>\n<h2>Recogida y uso de la informaci\u00f3n<\/h2>\n<p>Recogemos distintos tipos de informaci\u00f3n con diversos fines para proporcionarte y mejorar nuestro Sitio.<\/p>\n<h3>Tipos de datos recogidos<\/h3>\n<p><strong>Datos personales<\/strong><\/p>\n<p>Al utilizar nuestro Sitio, podemos pedirte que nos proporciones cierta informaci\u00f3n personal identificable que puede utilizarse para contactar contigo o identificarte (&#8220;Datos Personales&#8221;). La informaci\u00f3n personal identificable puede incluir, pero no se limita a:<\/p>\n<ul>\n<li>Direcci\u00f3n de correo electr\u00f3nico<\/li>\n<li>Nombre y apellidos<\/li>\n<li>N\u00famero de tel\u00e9fono<\/li>\n<li>Direcci\u00f3n, Estado, Provincia, C\u00f3digo postal, Ciudad<\/li>\n<li>Cookies y datos de uso<\/li>\n<\/ul>\n<p><strong>Datos de uso<\/strong><\/p>\n<p>Tambi\u00e9n podemos recopilar informaci\u00f3n sobre c\u00f3mo se accede al Sitio y c\u00f3mo se utiliza (&#8220;Datos de Uso&#8221;). Estos Datos de Uso pueden incluir informaci\u00f3n como la direcci\u00f3n de Protocolo de Internet de tu ordenador (por ejemplo, la direcci\u00f3n IP), el tipo de navegador, la versi\u00f3n del navegador, las p\u00e1ginas de nuestro Sitio que visitas, la hora y la fecha de tu visita, el tiempo que pasas en esas p\u00e1ginas, identificadores \u00fanicos de dispositivo y otros datos de diagn\u00f3stico.<\/p>\n<p><strong>Datos de seguimiento y cookies<\/strong><\/p>\n<p>Utilizamos cookies y tecnolog\u00edas de seguimiento similares para rastrear la actividad en nuestro Sitio y conservar cierta informaci\u00f3n.<\/p>\n<p>Las cookies son archivos con una peque\u00f1a cantidad de datos que pueden incluir un identificador \u00fanico an\u00f3nimo. Las cookies se env\u00edan a tu navegador desde un sitio web y se almacenan en tu dispositivo. Las tecnolog\u00edas de rastreo que tambi\u00e9n se utilizan son balizas, etiquetas y scripts para recopilar y rastrear informaci\u00f3n y para mejorar y analizar nuestro Sitio.<\/p>\n<p>Puedes indicar a tu navegador que rechace todas las cookies o que indique cu\u00e1ndo se env\u00eda una cookie. Sin embargo, si no aceptas las cookies, es posible que no puedas utilizar algunas partes de nuestro Sitio.<\/p>\n<p>Ejemplos de Cookies que utilizamos:<\/p>\n<ul>\n<li>Cookies de sesi\u00f3n. Utilizamos Cookies de Sesi\u00f3n para hacer funcionar nuestro Sitio.<\/li>\n<li>Cookies de preferencias. Utilizamos Cookies de preferencias para recordar tus preferencias y diversos ajustes.<\/li>\n<li>Cookies de seguridad. Utilizamos cookies de seguridad por motivos de seguridad.<\/li>\n<\/ul>\n<h3>Uso de los datos<\/h3>\n<p>Utilizamos los datos recogidos para diversos fines:<\/p>\n<ul>\n<li>Para proporcionar y mantener nuestro Sitio<\/li>\n<li>Para notificarte cambios en nuestro Sitio<\/li>\n<li>Para permitirte participar en funciones interactivas de nuestro Sitio cuando decidas hacerlo<\/li>\n<li>Proporcionar comunicaciones y apoyo a los clientes<\/li>\n<li>Para recopilar an\u00e1lisis o informaci\u00f3n valiosa para que podamos mejorar nuestro Sitio<\/li>\n<li>Para controlar el uso de nuestro Sitio<\/li>\n<li>Detectar, prevenir y resolver problemas t\u00e9cnicos<\/li>\n<\/ul>\n<h3>Transferencia de datos<\/h3>\n<p>Tu informaci\u00f3n, incluidos los Datos Personales, puede ser transferida a -y mantenida en- ordenadores situados fuera de tu estado, provincia, pa\u00eds u otra jurisdicci\u00f3n gubernamental donde las leyes de protecci\u00f3n de datos puedan diferir de las de tu jurisdicci\u00f3n.<\/p>\n<p>Si te encuentras fuera de la jurisdicci\u00f3n, ten en cuenta que transferimos tus datos a nuestros servidores ubicados en Australia, Estados Unidos y otros pa\u00edses seg\u00fan sea necesario, y los procesamos all\u00ed.<\/p>\n<p>Tu consentimiento a esta Pol\u00edtica de Privacidad seguido de tu env\u00edo de dicha informaci\u00f3n representa tu acuerdo con dicha transferencia.<\/p>\n<h3>Seguridad de los datos<\/h3>\n<p>La seguridad de tus datos es importante para nosotros, pero recuerda que ning\u00fan m\u00e9todo de transmisi\u00f3n por Internet ni de almacenamiento electr\u00f3nico es seguro al 100%. Aunque nos esforzamos por utilizar medios comercialmente aceptables para proteger tus Datos Personales, no podemos garantizar su seguridad absoluta.<\/p>\n<h3>Divulgaci\u00f3n de datos<\/h3>\n<p>Podemos revelar tus Datos Personales en la creencia de buena fe de que dicha acci\u00f3n es necesaria para:<\/p>\n<ul>\n<li>Para cumplir una obligaci\u00f3n legal<\/li>\n<li>Para proteger y defender nuestros derechos o propiedad<\/li>\n<\/ul>\n<h2>Cumplimiento del GDPR<\/h2>\n<p>Shinka Management se compromete a cumplir el Reglamento General de Protecci\u00f3n de Datos (GDPR) de la UE como controlador y procesador de datos. Esta pol\u00edtica establece c\u00f3mo recopilamos, utilizamos y protegemos los datos personales de conformidad con el GDPR.[\/vc_column_text][\/vc_column][\/vc_row]<\/p>\n<\/div>","protected":false},"excerpt":{"rendered":"<p>[vc_row][vc_column][vc_column_text] Pol\u00edtica de Privacidad \u00daltima actualizaci\u00f3n: 8 de mayo de 2023 Shinka Management (&#8220;nosotros&#8221; o &#8220;nuestro&#8221;) gestiona https:\/\/shinkamanagement.com\/ (el &#8220;Sitio&#8221;). Esta p\u00e1gina te informa de nuestras pol\u00edticas relativas a la recogida, uso y divulgaci\u00f3n de datos personales cuando utilizas nuestro Sitio y de las opciones que tienes asociadas a esos datos. Utilizamos tus datos para&hellip;<\/p>\n","protected":false},"author":4,"featured_media":0,"parent":0,"menu_order":0,"comment_status":"closed","ping_status":"closed","template":"","meta":{"footnotes":""},"class_list":["post-56894","page","type-page","status-publish","hentry","description-off"],"_links":{"self":[{"href":"https:\/\/shinkamanagement.com\/es\/wp-json\/wp\/v2\/pages\/56894","targetHints":{"allow":["GET"]}}],"collection":[{"href":"https:\/\/shinkamanagement.com\/es\/wp-json\/wp\/v2\/pages"}],"about":[{"href":"https:\/\/shinkamanagement.com\/es\/wp-json\/wp\/v2\/types\/page"}],"author":[{"embeddable":true,"href":"https:\/\/shinkamanagement.com\/es\/wp-json\/wp\/v2\/users\/4"}],"replies":[{"embeddable":true,"href":"https:\/\/shinkamanagement.com\/es\/wp-json\/wp\/v2\/comments?post=56894"}],"version-history":[{"count":2,"href":"https:\/\/shinkamanagement.com\/es\/wp-json\/wp\/v2\/pages\/56894\/revisions"}],"predecessor-version":[{"id":56896,"href":"https:\/\/shinkamanagement.com\/es\/wp-json\/wp\/v2\/pages\/56894\/revisions\/56896"}],"wp:attachment":[{"href":"https:\/\/shinkamanagement.com\/es\/wp-json\/wp\/v2\/media?parent=56894"}],"curies":[{"name":"wp","href":"https:\/\/api.w.org\/{rel}","templated":true}]}}