{"id":53918,"date":"2025-05-19T15:54:50","date_gmt":"2025-05-19T06:24:50","guid":{"rendered":"https:\/\/shinkamanagement.com\/shinka-management-conferencias-y-seminarios\/"},"modified":"2025-06-10T14:38:26","modified_gmt":"2025-06-10T05:08:26","slug":"guest-lectures-keynote-talks","status":"publish","type":"page","link":"https:\/\/shinkamanagement.com\/es\/guest-lectures-keynote-talks\/","title":{"rendered":"Shinka Management &#8211; Conferencias y Seminarios"},"content":{"rendered":"<div class=\"wpb-content-wrapper\"><p>[vc_row][vc_column][vc_column_text css=&#8221;&#8221;]<\/p>\n<h1>Conferencias y Seminarios<\/h1>\n<p>En Shinka Management, creemos que profundizar en la conexi\u00f3n entre la industria y el mundo acad\u00e9mico desempe\u00f1a un rol vital en la formaci\u00f3n de los l\u00edderes del ma\u00f1ana. Bas\u00e1ndose en d\u00e9cadas de experiencia real en la Transformaci\u00f3n Lean y en las pr\u00e1cticas de gesti\u00f3n japonesas, <a href=\"https:\/\/shinkamanagement.com\/es\/nuestro-equipo-consultores-de-lean-management\/\">nuestros directores y consultores s\u00e9nior<\/a> se complacen en ofrecer conferencias y ponencias magistrales personalizadas, adaptadas a las necesidades de cursos universitarios, seminarios de investigaci\u00f3n, conferencias y foros profesionales.<\/p>\n<p class=\"\" data-start=\"501\" data-end=\"935\"><strong>Nuestras charlas est\u00e1n dise\u00f1adas para ser atractivas, pr\u00e1cticas y visualmente ricas.<\/strong> Incorporamos una amplia gama de estudios de casos reales, fotograf\u00edas y v\u00eddeos tomados de nuestro trabajo con clientes de todo el mundo y de visitas a empresas japonesas l\u00edderes. Estos ejemplos ayudan a dar vida a los conceptos de gesti\u00f3n japoneses e ilustran c\u00f3mo se aplica la teor\u00eda en la pr\u00e1ctica en sectores como la fabricaci\u00f3n, la sanidad y los servicios.<\/p>\n<p class=\"\" data-start=\"937\" data-end=\"1249\">Mantenemos nuestras presentaciones animadas e interactivas, fomentando la participaci\u00f3n del p\u00fablico mediante el debate, las preguntas y respuestas y la reflexi\u00f3n. Ya sea in situ o en l\u00ednea, cada sesi\u00f3n est\u00e1 estructurada para despertar la curiosidad, promover el di\u00e1logo y dejar a los participantes con ideas pr\u00e1cticas que puedan llevarse y aplicar.<\/p>\n<p>[\/vc_column_text][vc_empty_space][vc_column_text css=&#8221;&#8221;]<\/p>\n<h2>Temas<\/h2>\n<p>Shinka Management est\u00e1 especializada en pr\u00e1cticas de gesti\u00f3n japonesas, y puede impartir conferencias invitadas y charlas magistrales sobre temas relacionados, en <strong>ingl\u00e9s<\/strong>, <strong>japon\u00e9s<\/strong>, <strong>espa\u00f1ol<\/strong>, <strong>italiano<\/strong> y <strong>alem\u00e1n<\/strong>. Dos de nuestros temas m\u00e1s solicitados son los siguientes:[\/vc_column_text][\/vc_column][\/vc_row][vc_row][vc_column width=&#8221;1\/2&#8243;][vc_single_image image=&#8221;53506&#8243; img_size=&#8221;full&#8221; css=&#8221;&#8221;][\/vc_column][vc_column width=&#8221;1\/2&#8243;][vc_column_text css=&#8221;.vc_custom_1747697555398{padding-top: 10px !important;padding-right: 10px !important;padding-bottom: 10px !important;padding-left: 10px !important;background-color: #EBF0F0 !important;}&#8221;]<\/p>\n<h3 data-start=\"1279\" data-end=\"1319\"><strong>Introducci\u00f3n a Lean Manufacturing y Kaizen<\/strong><\/h3>\n<p data-start=\"1279\" data-end=\"1319\">En esta conferencia ofrecemos una introducci\u00f3n a las pr\u00e1cticas japonesas de gesti\u00f3n de operaciones, junto con ejemplos fotogr\u00e1ficos y en v\u00eddeo de organizaciones japonesas e internacionales. Dependiendo de la audiencia, puede centrarse en la fabricaci\u00f3n, los servicios, la <a href=\"https:\/\/shinkamanagement.com\/es\/lean-healthcare-tour\/\">sanidad lean<\/a>, la log\u00edstica u otros campos.<\/p>\n<h3 data-start=\"1279\" data-end=\"1319\"><strong>Introducci\u00f3n a la Etiqueta Comercial Japonesa<\/strong><\/h3>\n<p data-start=\"1279\" data-end=\"1319\">Este tema proporciona a los participantes la comprensi\u00f3n cultural y las habilidades pr\u00e1cticas necesarias para establecer s\u00f3lidas relaciones de trabajo con sus hom\u00f3logos japoneses. La conferencia abarca aspectos clave de la cultura empresarial japonesa, como los estilos de comunicaci\u00f3n, el protocolo de las reuniones, la entrega de regalos y las sutilezas de la interacci\u00f3n respetuosa, ayudando a los participantes a desenvolverse con confianza en los compromisos interculturales. Para m\u00e1s detalles sobre los contenidos tratados, consulta <a href=\"https:\/\/shinkamanagement.com\/es\/japanese-business-etiquette-training\/\">Etiqueta Empresarial Japonesa<\/a>.<\/p>\n<p>[\/vc_column_text][\/vc_column][\/vc_row][vc_row anchor=&#8221;fundamentals&#8221;][vc_column][vc_empty_space height=&#8221;16px&#8221;]<div class=\"hr-thin style-line\" style=\"width: 100%;border-top-width: 1px;\"><\/div>[vc_empty_space height=&#8221;16px&#8221;][vc_column_text css=&#8221;&#8221;]<\/p>\n<h2>Compromisos anteriores con universidades y asociaciones industriales<\/h2>\n<p class=\"\" data-start=\"375\" data-end=\"480\">Nuestro equipo ha prestado apoyo a varias universidades, asociaciones y conferencias del sector, entre ellas:<\/p>\n<p>[\/vc_column_text][\/vc_column][\/vc_row][vc_row][vc_column width=&#8221;1\/2&#8243;][vc_column_text css=&#8221;&#8221;]<\/p>\n<p class=\"\" data-start=\"483\" data-end=\"519\"><strong data-start=\"483\" data-end=\"517\">Universidades, Organismos Acad\u00e9micos y Gubernamentales<\/strong><\/p>\n<ul>\n<li data-start=\"483\" data-end=\"519\">Universidad de Adelaida, Australia<\/li>\n<li data-start=\"483\" data-end=\"519\">Universidad Carnegie Mellon Australia, Australia<\/li>\n<li>Universidad de Maryland, Estados Unidos<\/li>\n<li data-start=\"625\" data-end=\"652\">University College de Dubl\u00edn, Irlanda<\/li>\n<li data-start=\"657\" data-end=\"686\">Universidad Central, Chile<\/li>\n<li data-start=\"691\" data-end=\"725\">Universidad de Santiago de Chile, Chile<\/li>\n<li data-start=\"691\" data-end=\"725\">Departamento de Desarrollo Estatal, Australia Meridional, Australia<\/li>\n<li data-start=\"691\" data-end=\"725\">Autoridad General de la Peque\u00f1a y Mediana Empresa, Reino de Arabia Saud\u00ed<\/li>\n<\/ul>\n<p>[\/vc_column_text][\/vc_column][vc_column width=&#8221;1\/2&#8243;][vc_column_text css=&#8221;&#8221;]<\/p>\n<p class=\"\" data-start=\"728\" data-end=\"765\"><strong data-start=\"728\" data-end=\"763\">Asociaciones y Centros de Investigaci\u00f3n<\/strong><\/p>\n<ul>\n<li data-start=\"770\" data-end=\"814\">Centro UE-Jap\u00f3n para la Cooperaci\u00f3n Industrial, Jap\u00f3n<\/li>\n<li data-start=\"819\" data-end=\"838\">Instituto CEO, Australia<\/li>\n<li data-start=\"843\" data-end=\"857\">FloridaMakes, Estados Unidos<\/li>\n<li data-start=\"862\" data-end=\"880\">Mesas redondas SIRF, Australia<\/li>\n<\/ul>\n<p class=\"\" data-start=\"883\" data-end=\"909\"><strong data-start=\"883\" data-end=\"907\">Conferencias industriales<\/strong><\/p>\n<ul>\n<li data-start=\"914\" data-end=\"930\">Conferencia AgileAus, Australia<\/li>\n<li data-start=\"935\" data-end=\"955\">Cumbre Global Lean, Estados Unidos<\/li>\n<li data-start=\"935\" data-end=\"955\">Excelencia operativa en la fabricaci\u00f3n, Australia<\/li>\n<\/ul>\n<p>[\/vc_column_text][\/vc_column][\/vc_row][vc_row][vc_column][vc_empty_space height=&#8221;16px&#8221;][vc_column_text css=&#8221;&#8221;]<\/p>\n<h2>\u00d3rganos competentes y departamentos acad\u00e9micos<\/h2>\n<ul>\n<li class=\"\" data-start=\"1277\" data-end=\"1319\">\n<p class=\"\" data-start=\"1279\" data-end=\"1319\">Asociaciones centradas en la <strong>Fabricaci\u00f3n<\/strong>, la <strong>Excelencia Operativa<\/strong> o la <strong>Cultura de la Mejora<\/strong><\/p>\n<\/li>\n<li class=\"\" data-start=\"1320\" data-end=\"1380\">\n<p class=\"\" data-start=\"1322\" data-end=\"1380\">Universidades que imparten <strong>MBA<\/strong> y <strong>Programas Postdoctorales de Empresa<\/strong><\/p>\n<\/li>\n<li class=\"\" data-start=\"1381\" data-end=\"1442\">\n<p class=\"\" data-start=\"1383\" data-end=\"1442\">Departamentos universitarios especializados en \u00e1reas como <strong>Fabricaci\u00f3n<\/strong>, <strong>Gesti\u00f3n de Operaciones<\/strong>, <strong>Estudios Asi\u00e1ticos<\/strong> o <strong>Cultura Empresarial Japonesa<\/strong><\/p>\n<\/li>\n<\/ul>\n<p>[\/vc_column_text][vc_empty_space][\/vc_column][\/vc_row][vc_row anchor=&#8221;fundamentals&#8221;][vc_column][vc_empty_space height=&#8221;16px&#8221;]<div class=\"hr-thin style-line\" style=\"width: 100%;border-top-width: 1px;\"><\/div>[vc_empty_space height=&#8221;16px&#8221;][vc_single_image image=&#8221;53500&#8243; img_size=&#8221;full&#8221; css=&#8221;&#8221; lazy_loading=&#8221;true&#8221;][vc_empty_space height=&#8221;16px&#8221;][vc_column_text css=&#8221;&#8221;]<\/p>\n<h2>Opciones y pol\u00edticas de entrega<\/h2>\n<p class=\"\" data-start=\"1406\" data-end=\"1419\"><strong data-start=\"1406\" data-end=\"1417\">Formato:<\/strong><\/p>\n<ul>\n<li data-start=\"1424\" data-end=\"1472\">En directo online (ideal para audiencias globales o geogr\u00e1ficamente dispersas, o para evitar que el ponente tenga que desplazarse)<\/li>\n<li>En directo in situ (preferible para talleres pr\u00e1cticos, grandes conferencias o cuando el desplazamiento del ponente sea m\u00ednimo)<\/li>\n<\/ul>\n<p><strong data-start=\"1550\" data-end=\"1564\">Grabaci\u00f3n:<\/strong><\/p>\n<ul>\n<li data-start=\"1571\" data-end=\"1649\">Por lo general, <strong data-start=\"1594\" data-end=\"1611\">no se permite<\/strong> la grabaci\u00f3n, salvo acuerdo expreso previo.<\/li>\n<\/ul>\n<p class=\"\" data-start=\"1652\" data-end=\"1668\"><strong data-start=\"1652\" data-end=\"1666\">Log\u00edstica:<\/strong><\/p>\n<ul>\n<li data-start=\"1673\" data-end=\"1779\">La organizaci\u00f3n invitante se har\u00e1 cargo de los preparativos de acogida y de cualquier viaje o desembolso de los ponentes.<\/li>\n<\/ul>\n<p><strong>Pago<\/strong><\/p>\n<ul>\n<li>Por lo general, no cobramos por conferencias invitadas puntuales o anuales para organismos acad\u00e9micos o actos de asociaciones industriales.<\/li>\n<li>Se puede solicitar un pago por las charlas magistrales pronunciadas para actos de formaci\u00f3n o conferencias que cobren una cuota de participaci\u00f3n<\/li>\n<\/ul>\n<p>[\/vc_column_text][vc_empty_space][\/vc_column][\/vc_row][vc_row anchor=&#8221;fundamentals&#8221;][vc_column][vc_empty_space height=&#8221;16px&#8221;]<div class=\"hr-thin style-line\" style=\"width: 100%;border-top-width: 1px;\"><\/div>[vc_empty_space height=&#8221;16px&#8221;][\/vc_column][\/vc_row][vc_row][vc_column width=&#8221;1\/2&#8243;][vc_column_text css=&#8221;&#8221;]<\/p>\n<h2>Pr\u00f3ximos pasos<\/h2>\n<p>Ponte en contacto con Paul Smith, Director, a trav\u00e9s del siguiente formulario para hablar de tus necesidades o programar una reuni\u00f3n en l\u00ednea.<\/p>\n<p>En tu solicitud, por favor, proporciona una breve descripci\u00f3n de tu organizaci\u00f3n, el enfoque del evento\/curso y los participantes, y si hay preferencia por la modalidad online frente a la presencial.[\/vc_column_text][\/vc_column][vc_column width=&#8221;1\/2&#8243;][vc_single_image image=&#8221;53655&#8243; img_size=&#8221;full&#8221; alignment=&#8221;right&#8221; css=&#8221;&#8221;][\/vc_column][\/vc_row][vc_row anchor=&#8221;fundamentals&#8221;][vc_column][vc_empty_space][\/vc_column][\/vc_row][vc_row type=&#8221;1&#8243; full_width=&#8221;stretch_row&#8221; bg_color=&#8221;#f4f4f4&#8243; bg_cover=&#8221;true&#8221; css=&#8221;.vc_custom_1683703225040{background-color: #dddddd !important;}&#8221;][vc_column width=&#8221;1\/3&#8243;][vc_column_text css=&#8221;&#8221;]<\/p>\n<div class=\"wpb_wrapper\">\n<div class=\"wpb_text_column wpb_content_element vc_custom_1600761888917\">\n<div class=\"wpb_wrapper\">\n<p>&nbsp;<\/p>\n<h2 style=\"text-align: center;\">Consultas sobre ponentes invitados y conferencias magistrales<\/h2>\n<\/div>\n<\/div>\n<div class=\"wpb_text_column wpb_content_element vc_custom_1600762149097\">\n<div class=\"wpb_wrapper\">\n<p style=\"text-align: center;\">Pregunta si puedes invitar a un miembro del equipo de Shinka Management a dar una charla o una conferencia magistral en tu universidad o asociaci\u00f3n.<\/p>\n<\/div>\n<\/div>\n<\/div>\n<p>[\/vc_column_text][\/vc_column][vc_column width=&#8221;2\/3&#8243;][vc_column_text css=&#8221;&#8221;]<form id=\"forminator-module-5223\" class=\"forminator-custom-form forminator-custom-form-5223\" method=\"post\" data-forminator-render=\"0\" data-uid=\"69e88145d4d28\"><div role=\"alert\" aria-live=\"polite\" class=\"forminator-response-message forminator-error\" aria-hidden=\"true\"><\/div><\/form>[\/vc_column_text][\/vc_column][\/vc_row][vc_row type=&#8221;1&#8243; padding_top=&#8221;40&#8243; bg_color=&#8221;#FFFFFF&#8221; css=&#8221;.vc_custom_1747624296000{margin-bottom: 0px !important;background-color: #ffffff !important;}&#8221;][vc_column][vc_empty_space height=&#8221;16px&#8221;][vc_column_text css=&#8221;.vc_custom_1599111852566{margin-bottom: 15px !important;}&#8221;]<\/p>\n<h2 style=\"text-align: center;\">Nuestros Clientes<\/h2>\n<p>[\/vc_column_text]<style type=\"text\/css\" data-type=\"the7_shortcodes-inline-css\">.carousel-shortcode.carousel-shortcode-id-a0bd15d8ffdf5ffa223950cacc5470e1.owl-carousel .owl-nav div {\n  width: 36px;\n  height: 36px;\n  border-radius: 500px;\n}\n.dt-arrow-border-on.carousel-shortcode.carousel-shortcode-id-a0bd15d8ffdf5ffa223950cacc5470e1.owl-carousel .owl-nav div:not(:hover):before {\n  border-width: 0px;\n}\n.dt-arrow-hover-border-on.carousel-shortcode.carousel-shortcode-id-a0bd15d8ffdf5ffa223950cacc5470e1.owl-carousel .owl-nav div:hover:after {\n  border-width: 0px;\n}\n.carousel-shortcode.carousel-shortcode-id-a0bd15d8ffdf5ffa223950cacc5470e1.owl-carousel .owl-nav div.owl-prev {\n  top: 50%;\n  transform: translateY(calc(-50% + 0px));\n  left: -43px;\n}\n@media all and (-ms-high-contrast: none) {\n  .carousel-shortcode.carousel-shortcode-id-a0bd15d8ffdf5ffa223950cacc5470e1.owl-carousel .owl-nav div.owl-prev {\n    transform: translateY(-50%);\n    margin-top: 0px;\n  }\n}\n.carousel-shortcode.carousel-shortcode-id-a0bd15d8ffdf5ffa223950cacc5470e1.owl-carousel .owl-nav div.owl-prev i {\n  padding: 0px 0px 0px 0px;\n}\n.carousel-shortcode.carousel-shortcode-id-a0bd15d8ffdf5ffa223950cacc5470e1.owl-carousel .owl-nav div.owl-next {\n  top: 50%;\n  transform: translateY(calc(-50% + 0px));\n  right: -43px;\n}\n@media all and (-ms-high-contrast: none) {\n  .carousel-shortcode.carousel-shortcode-id-a0bd15d8ffdf5ffa223950cacc5470e1.owl-carousel .owl-nav div.owl-next {\n    transform: translateY(-50%);\n    margin-top: 0px;\n  }\n}\n.carousel-shortcode.carousel-shortcode-id-a0bd15d8ffdf5ffa223950cacc5470e1.owl-carousel .owl-nav div.owl-next i {\n  padding: 0px 0px 0px 0px;\n}\n.carousel-shortcode.carousel-shortcode-id-a0bd15d8ffdf5ffa223950cacc5470e1.owl-carousel .owl-nav i {\n  font-size: 18px;\n}\n.carousel-shortcode.carousel-shortcode-id-a0bd15d8ffdf5ffa223950cacc5470e1.owl-carousel .owl-nav div:not(:hover) i,\n.carousel-shortcode.carousel-shortcode-id-a0bd15d8ffdf5ffa223950cacc5470e1.owl-carousel .owl-nav div:not(:hover) i:before {\n  color: #ffffff;\n  background: none;\n}\n.carousel-shortcode.carousel-shortcode-id-a0bd15d8ffdf5ffa223950cacc5470e1.owl-carousel .owl-nav div:hover i,\n.carousel-shortcode.carousel-shortcode-id-a0bd15d8ffdf5ffa223950cacc5470e1.owl-carousel .owl-nav div:hover i:before {\n  color: rgba(255,255,255,0.75);\n  background: none;\n}\n.carousel-shortcode.carousel-shortcode-id-a0bd15d8ffdf5ffa223950cacc5470e1 .owl-dots {\n  top: calc(100% + 20px);\n  left: 50%;\n  transform: translateX(calc(-50% + 0px));\n}\n@media all and (-ms-high-contrast: none) {\n  .carousel-shortcode.carousel-shortcode-id-a0bd15d8ffdf5ffa223950cacc5470e1 .owl-dots {\n    transform: translateX(-50%);\n    margin-left: 0px;\n  }\n}\n.carousel-shortcode.carousel-shortcode-id-a0bd15d8ffdf5ffa223950cacc5470e1 .owl-dot {\n  width: 10px;\n  height: 10px;\n  margin: 0 8px;\n}\n@media screen and (max-width: 778px) {\n  .carousel-shortcode.carousel-shortcode-id-a0bd15d8ffdf5ffa223950cacc5470e1.hide-arrows .owl-nav a {\n    display: none;\n  }\n}\n@media screen and (max-width: 778px) {\n  .carousel-shortcode.carousel-shortcode-id-a0bd15d8ffdf5ffa223950cacc5470e1.reposition-arrows .owl-nav .owl-prev {\n    top: 50%;\n    transform: translateY(calc(-50% + 0px));\n    left: 10px;\n  }\n  .carousel-shortcode.carousel-shortcode-id-a0bd15d8ffdf5ffa223950cacc5470e1.reposition-arrows .owl-nav .owl-next {\n    top: 50%;\n    transform: translateY(calc(-50% + 0px));\n    right: 10px;\n  }\n}\n@media screen and (max-width: 778px) and all and (-ms-high-contrast: none) {\n  .carousel-shortcode.carousel-shortcode-id-a0bd15d8ffdf5ffa223950cacc5470e1.reposition-arrows .owl-nav .owl-prev {\n    transform: translateY(-50%);\n    margin-top: 0px;\n  }\n}\n@media screen and (max-width: 778px) and all and (-ms-high-contrast: none) {\n  .carousel-shortcode.carousel-shortcode-id-a0bd15d8ffdf5ffa223950cacc5470e1.reposition-arrows .owl-nav .owl-next {\n    transform: translateY(-50%);\n    margin-top: 0px;\n  }\n}<\/style><div class=\"owl-carousel carousel-shortcode dt-owl-carousel-call carousel-shortcode-id-a0bd15d8ffdf5ffa223950cacc5470e1 bullets-small-dot-stroke reposition-arrows arrows-bg-on dt-arrow-border-on dt-arrow-hover-border-on disable-arrows-hover-bg arrows-hover-bg-on  \" data-scroll-mode=\"1\" data-col-num=\"6\" data-wide-col-num=\"6\" data-laptop-col=\"5\" data-h-tablet-columns-num=\"4\" data-v-tablet-columns-num=\"3\" data-phone-columns-num=\"2\" data-auto-height=\"true\" data-col-gap=\"30\" data-stage-padding=\"0\" data-speed=\"600\" data-autoplay=\"true\" data-autoplay_speed=\"6000\" data-arrows=\"false\" data-bullet=\"false\" data-next-icon=\"icon-ar-017-r\" data-prev-icon=\"icon-ar-017-l\">[vc_single_image image=&#8221;18037&#8243; img_size=&#8221;full&#8221; alignment=&#8221;center&#8221; css=&#8221;&#8221; lazy_loading=&#8221;true&#8221;][vc_single_image image=&#8221;18039&#8243; img_size=&#8221;full&#8221; alignment=&#8221;center&#8221; css=&#8221;&#8221; lazy_loading=&#8221;true&#8221;][vc_single_image image=&#8221;39962&#8243; img_size=&#8221;full&#8221; alignment=&#8221;center&#8221; css=&#8221;&#8221; lazy_loading=&#8221;true&#8221;][vc_single_image image=&#8221;18053&#8243; img_size=&#8221;full&#8221; alignment=&#8221;center&#8221; css=&#8221;&#8221; lazy_loading=&#8221;true&#8221;][vc_single_image image=&#8221;44998&#8243; img_size=&#8221;full&#8221; alignment=&#8221;center&#8221; css=&#8221;&#8221; lazy_loading=&#8221;true&#8221;][vc_single_image image=&#8221;18061&#8243; img_size=&#8221;full&#8221; alignment=&#8221;center&#8221; css=&#8221;&#8221; lazy_loading=&#8221;true&#8221;][vc_single_image image=&#8221;18041&#8243; img_size=&#8221;full&#8221; alignment=&#8221;center&#8221; css=&#8221;&#8221; lazy_loading=&#8221;true&#8221;][vc_single_image image=&#8221;18047&#8243; img_size=&#8221;full&#8221; alignment=&#8221;center&#8221; css=&#8221;&#8221; lazy_loading=&#8221;true&#8221;][vc_single_image image=&#8221;18043&#8243; img_size=&#8221;full&#8221; alignment=&#8221;center&#8221; css=&#8221;&#8221; lazy_loading=&#8221;true&#8221;][vc_single_image image=&#8221;18057&#8243; img_size=&#8221;full&#8221; alignment=&#8221;center&#8221; css=&#8221;&#8221; lazy_loading=&#8221;true&#8221;][vc_single_image image=&#8221;18113&#8243; img_size=&#8221;full&#8221; alignment=&#8221;center&#8221; css=&#8221;&#8221; lazy_loading=&#8221;true&#8221;][vc_single_image image=&#8221;18085&#8243; img_size=&#8221;full&#8221; alignment=&#8221;center&#8221; css=&#8221;&#8221; lazy_loading=&#8221;true&#8221;][vc_single_image image=&#8221;18071&#8243; img_size=&#8221;full&#8221; alignment=&#8221;center&#8221; css=&#8221;&#8221; lazy_loading=&#8221;true&#8221;][vc_single_image image=&#8221;18051&#8243; img_size=&#8221;full&#8221; alignment=&#8221;center&#8221; css=&#8221;&#8221; lazy_loading=&#8221;true&#8221;][vc_single_image image=&#8221;18055&#8243; img_size=&#8221;full&#8221; alignment=&#8221;center&#8221; css=&#8221;&#8221; lazy_loading=&#8221;true&#8221;][vc_single_image image=&#8221;18111&#8243; img_size=&#8221;full&#8221; alignment=&#8221;center&#8221; css=&#8221;&#8221; lazy_loading=&#8221;true&#8221;][vc_single_image image=&#8221;18059&#8243; img_size=&#8221;full&#8221; alignment=&#8221;center&#8221; css=&#8221;&#8221; lazy_loading=&#8221;true&#8221;]<\/div>[vc_empty_space height=&#8221;16px&#8221;][\/vc_column][\/vc_row]<\/p>\n<\/div>","protected":false},"excerpt":{"rendered":"<p>[vc_row][vc_column][vc_column_text css=&#8221;&#8221;] Conferencias y Seminarios En Shinka Management, creemos que profundizar en la conexi\u00f3n entre la industria y el mundo acad\u00e9mico desempe\u00f1a un rol vital en la formaci\u00f3n de los l\u00edderes del ma\u00f1ana. Bas\u00e1ndose en d\u00e9cadas de experiencia real en la Transformaci\u00f3n Lean y en las pr\u00e1cticas de gesti\u00f3n japonesas, nuestros directores y consultores s\u00e9nior&hellip;<\/p>\n","protected":false},"author":4,"featured_media":0,"parent":0,"menu_order":0,"comment_status":"closed","ping_status":"closed","template":"","meta":{"footnotes":""},"class_list":["post-53918","page","type-page","status-publish","hentry","description-off"],"_links":{"self":[{"href":"https:\/\/shinkamanagement.com\/es\/wp-json\/wp\/v2\/pages\/53918","targetHints":{"allow":["GET"]}}],"collection":[{"href":"https:\/\/shinkamanagement.com\/es\/wp-json\/wp\/v2\/pages"}],"about":[{"href":"https:\/\/shinkamanagement.com\/es\/wp-json\/wp\/v2\/types\/page"}],"author":[{"embeddable":true,"href":"https:\/\/shinkamanagement.com\/es\/wp-json\/wp\/v2\/users\/4"}],"replies":[{"embeddable":true,"href":"https:\/\/shinkamanagement.com\/es\/wp-json\/wp\/v2\/comments?post=53918"}],"version-history":[{"count":4,"href":"https:\/\/shinkamanagement.com\/es\/wp-json\/wp\/v2\/pages\/53918\/revisions"}],"predecessor-version":[{"id":53948,"href":"https:\/\/shinkamanagement.com\/es\/wp-json\/wp\/v2\/pages\/53918\/revisions\/53948"}],"wp:attachment":[{"href":"https:\/\/shinkamanagement.com\/es\/wp-json\/wp\/v2\/media?parent=53918"}],"curies":[{"name":"wp","href":"https:\/\/api.w.org\/{rel}","templated":true}]}}