{"id":41245,"date":"2024-08-01T21:33:39","date_gmt":"2024-08-01T12:03:39","guid":{"rendered":"https:\/\/shinkamanagement.com\/ai-software-de-estudio-de-tiempo-otrsai\/"},"modified":"2025-06-10T15:31:32","modified_gmt":"2025-06-10T06:01:32","slug":"ai-time-study-software-otrs-ai","status":"publish","type":"page","link":"https:\/\/shinkamanagement.com\/es\/ai-time-study-software-otrs-ai\/","title":{"rendered":"Software de Estudio de Tiempo con AI &#8211; OTRS+AI"},"content":{"rendered":"<div class=\"wpb-content-wrapper\"><p>[vc_row][vc_column][vc_column_text css=&#8221;.vc_custom_1722342902199{margin-bottom: 30px !important;}&#8221;]<\/p>\n<h1>Software de Estudio de Tiempo con AI &#8211; OTRS+AI<\/h1>\n<p>[\/vc_column_text]<div class=\"hr-thin style-line\" style=\"width: 100%;border-top-width: 1px;\"><\/div>[vc_row_inner css=&#8221;.vc_custom_1549234632141{margin-top: 30px !important;margin-bottom: 30px !important;}&#8221;][vc_column_inner][vc_column_text css=&#8221;&#8221;]<\/p>\n<h3><a href=\"https:\/\/shinkamanagement.com\/es\/time-study-software\/\">OTRS10<\/a>, l\u00edder del sector y considerado la norma de oro en software de estudios de tiempos, ahora utiliza IA para mejorar dr\u00e1sticamente la eficacia al realizar estudios de tiempos.<\/h3>\n<p>[\/vc_column_text][vc_column_text css=&#8221;&#8221;]<strong>OTRS+AI te permite realizar estudios de tiempos m\u00e1s r\u00e1pidamente<\/strong>, lo que te deja m\u00e1s tiempo para an\u00e1lisis y actividades kaizen.[\/vc_column_text][\/vc_column_inner][\/vc_row_inner][vc_row_inner css=&#8221;.vc_custom_1549234632141{margin-top: 30px !important;margin-bottom: 30px !important;}&#8221;][vc_column_inner width=&#8221;1\/2&#8243;]<div class=\"standard-arrow bullet-top\"><p>Utilizando un <a href=\"https:\/\/www.fujitsu.com\/global\/about\/resources\/news\/press-releases\/2021\/0218-01.html\" target=\"_blank\" rel=\"noopener\">motor de IA de Fujitsu<\/a> de \u00faltima generaci\u00f3n, OTRS+AI te ayudar\u00e1:<\/p>\n<ul>\n<li>Reduce el tiempo que necesitas para realizar un estudio de tiempos<\/li>\n<li>Identifica f\u00e1cilmente la variabilidad imposible de ver con el cron\u00f3metro<\/li>\n<li>Mejora la calidad de tus documentos est\u00e1ndar de trabajo y materiales de formaci\u00f3n<\/li>\n<\/ul>\n<\/div>[\/vc_column_inner][vc_column_inner width=&#8221;1\/2&#8243;][vc_single_image image=&#8221;40701&#8243; img_size=&#8221;full&#8221; alignment=&#8221;center&#8221; css=&#8221;&#8221;][\/vc_column_inner][\/vc_row_inner]<div class=\"hr-thin style-line\" style=\"width: 100%;border-top-width: 1px;\"><\/div>[vc_empty_space height=&#8221;20px&#8221;][\/vc_column][\/vc_row][vc_row][vc_column][vc_column_text css=&#8221;&#8221;]<\/p>\n<h2>El tiempo necesario para realizar estudios temporales se reduce dr\u00e1sticamente<\/h2>\n<p>[\/vc_column_text][vc_empty_space height=&#8221;20px&#8221;][vc_column_text css=&#8221;&#8221;]<\/p>\n<h3>\u00bfHay que analizar un gran n\u00famero de ciclos? \u00bfNecesitas comparar distintos operadores que realizan el mismo proceso? <\/h3>\n<p>[\/vc_column_text][vc_empty_space height=&#8221;20px&#8221;][vc_single_image image=&#8221;40998&#8243; img_size=&#8221;full&#8221; alignment=&#8221;center&#8221; css=&#8221;&#8221;][vc_empty_space height=&#8221;25px&#8221;][\/vc_column][\/vc_row][vc_row][vc_column width=&#8221;2\/3&#8243;][vc_column_text css=&#8221;&#8221;]En lugar de medir manualmente todos los ciclos de un estudio temporal, con OTRS+AI <strong>s\u00f3lo necesitas medir un ciclo<\/strong> de la operaci\u00f3n, que luego el motor de IA utilizar\u00e1 como datos modelo (datos de ense\u00f1anza). A continuaci\u00f3n, OTRS+AI perfeccionar\u00e1 el an\u00e1lisis para todos los ciclos de trabajo restantes, eliminando el trabajo tedioso y que requiere mucho tiempo. Del mismo modo, OTRS+AI puede analizar otras grabaciones de v\u00eddeo del mismo proceso bas\u00e1ndose en estos datos modelo iniciales.[\/vc_column_text][vc_empty_space height=&#8221;15px&#8221;][vc_column_text css=&#8221;&#8221;]<strong><a href=\"https:\/\/shinkamanagement.com\/broadleaf_otrs_ai_brochure_english\/\" target=\"_blank\" rel=\"noopener\">Descarga el folleto<\/a> o <a title=\"Cont\u00e1ctenos\" href=\"https:\/\/shinkamanagement.com\/es\/contact-us\/\">ponte en contacto con nosotros<\/a> hoy mismo para solicitar precios y m\u00e1s informaci\u00f3n.<\/strong>[\/vc_column_text][\/vc_column][vc_column width=&#8221;1\/3&#8243;][vc_single_image image=&#8221;40731&#8243; img_size=&#8221;full&#8221; alignment=&#8221;center&#8221; onclick=&#8221;custom_link&#8221; img_link_target=&#8221;_blank&#8221; css=&#8221;&#8221; link=&#8221;https:\/\/shinkamanagement.com\/broadleaf_otrs_ai_brochure_english\/&#8221;][\/vc_column][\/vc_row][vc_row][vc_column][vc_empty_space height=&#8221;20px&#8221;]<div class=\"hr-thin style-line\" style=\"width: 100%;border-top-width: 1px;\"><\/div>[vc_empty_space height=&#8221;20px&#8221;][vc_column_text css=&#8221;&#8221;]<\/p>\n<h2>Flujo de trabajo OTRS+AI sencillo y eficaz<\/h2>\n<p>[\/vc_column_text][vc_column_text css=&#8221;&#8221;]Un flujo de trabajo f\u00e1cil de seguir te permite crear los datos did\u00e1cticos, cargarlos en el motor de IA y obtener y comprobar los resultados en un santiam\u00e9n.[\/vc_column_text][vc_empty_space height=&#8221;20px&#8221;][vc_tour interval=&#8221;5&#8243;][vc_tab title=&#8221;1 &#8211; Preparaci\u00f3n del v\u00eddeo&#8221; tab_id=&#8221;a173b27c-9d1f-0&#8243;][vc_row_inner][vc_column_inner width=&#8221;1\/2&#8243;][vc_single_image image=&#8221;40685&#8243; img_size=&#8221;full&#8221; alignment=&#8221;center&#8221; css=&#8221;&#8221;][vc_column_text css=&#8221;&#8221;]Graba un v\u00eddeo de un proceso que pretendas utilizar como dato did\u00e1ctico.[\/vc_column_text][\/vc_column_inner][vc_column_inner width=&#8221;1\/2&#8243;][\/vc_column_inner][\/vc_row_inner][\/vc_tab][vc_tab title=&#8221;2 &#8211; Registro de Datos Docentes&#8221; tab_id=&#8221;8f6385ef-cc02-3&#8243;][vc_row_inner][vc_column_inner width=&#8221;1\/2&#8243;][vc_single_image image=&#8221;40657&#8243; img_size=&#8221;full&#8221; alignment=&#8221;center&#8221; css=&#8221;&#8221;][vc_column_text css=&#8221;&#8221;]Analiza un ciclo utilizando OTRS10 para crear datos did\u00e1cticos.[\/vc_column_text][\/vc_column_inner][vc_column_inner width=&#8221;1\/2&#8243;][vc_single_image image=&#8221;40673&#8243; img_size=&#8221;full&#8221; alignment=&#8221;center&#8221; css=&#8221;&#8221;][vc_column_text css=&#8221;&#8221;]Sube el an\u00e1lisis a OTRS+AI y reg\u00edstralo como datos de ense\u00f1anza.[\/vc_column_text][\/vc_column_inner][\/vc_row_inner][\/vc_tab][vc_tab title=&#8221;3 &#8211; An\u00e1lisis de IA&#8221; tab_id=&#8221;1721239549410-2-7&#8243;][vc_row_inner][vc_column_inner width=&#8221;1\/2&#8243;][vc_single_image image=&#8221;40653&#8243; img_size=&#8221;full&#8221; alignment=&#8221;center&#8221; css=&#8221;&#8221;][vc_column_text css=&#8221;&#8221;]Selecciona y sube un v\u00eddeo para analizarlo y, a continuaci\u00f3n, selecciona los datos registrados para el an\u00e1lisis autom\u00e1tico.[\/vc_column_text][\/vc_column_inner][vc_column_inner width=&#8221;1\/2&#8243;][vc_single_image image=&#8221;40665&#8243; img_size=&#8221;full&#8221; alignment=&#8221;center&#8221; css=&#8221;&#8221;][vc_column_text css=&#8221;&#8221;]Sigue el progreso del videoan\u00e1lisis. Una vez completado, importa el an\u00e1lisis a OTRS10.[\/vc_column_text][\/vc_column_inner][\/vc_row_inner][\/vc_tab][vc_tab title=&#8221;4 &#8211; Resultados del an\u00e1lisis&#8221; tab_id=&#8221;1721239907540-3-5&#8243;][vc_row_inner][vc_column_inner width=&#8221;1\/2&#8243;][vc_single_image image=&#8221;40677&#8243; img_size=&#8221;full&#8221; alignment=&#8221;center&#8221; css=&#8221;&#8221;][vc_column_text css=&#8221;&#8221;]Un proceso se divide en elementos de trabajo de hasta 20 ciclos, y se devuelve junto con una puntuaci\u00f3n de IA y una raci\u00f3n de tiempo de IA.[\/vc_column_text][\/vc_column_inner][vc_column_inner width=&#8221;1\/2&#8243;][vc_single_image image=&#8221;40649&#8243; img_size=&#8221;full&#8221; alignment=&#8221;center&#8221; css=&#8221;&#8221;][vc_column_text css=&#8221;&#8221;]La pantalla de Agregaci\u00f3n muestra el tiempo y la puntuaci\u00f3n AI de cada elemento.[\/vc_column_text][\/vc_column_inner][\/vc_row_inner][\/vc_tab][vc_tab title=&#8221;5 &#8211; Comprobaci\u00f3n de los resultados de la IA&#8221; tab_id=&#8221;1721288583450-4-9&#8243;][vc_row_inner][vc_column_inner width=&#8221;1\/2&#8243;][vc_single_image image=&#8221;40669&#8243; img_size=&#8221;full&#8221; alignment=&#8221;center&#8221; css=&#8221;&#8221;][vc_column_text css=&#8221;&#8221;]La puntuaci\u00f3n de la IA (de A a E) y la relaci\u00f3n de tiempo de la IA se muestran para cada elemento.[\/vc_column_text][\/vc_column_inner][vc_column_inner width=&#8221;1\/2&#8243;][vc_single_image image=&#8221;40681&#8243; img_size=&#8221;full&#8221; alignment=&#8221;center&#8221; css=&#8221;&#8221;][vc_column_text css=&#8221;&#8221;]La puntuaci\u00f3n de IA es el nivel de confianza del an\u00e1lisis de IA. El ratio de tiempo de IA muestra los desfases entre operaciones.[\/vc_column_text][\/vc_column_inner][\/vc_row_inner][\/vc_tab][\/vc_tour][vc_empty_space height=&#8221;20px&#8221;]<div class=\"hr-thin style-line\" style=\"width: 100%;border-top-width: 1px;\"><\/div>[\/vc_column][\/vc_row][vc_row anchor=&#8221;faq&#8221;][vc_column][vc_column_text css=&#8221;&#8221;]<script type=\"application\/ld+json\">\r\n{\r\n  \"@context\": \"https:\/\/schema.org\",\r\n  \"@type\": \"FAQPage\",\r\n  \"mainEntity\": [\r\n    {\r\n      \"@type\": \"Question\",\r\n      \"name\": \"\u00bfCu\u00e1les son los requisitos del sistema para mi PC?\",\r\n      \"acceptedAnswer\": {\r\n        \"@type\": \"Answer\",\r\n        \"text\": \"SO: Windows 11 Pro \/ Windows 10 Pro \/ 8.1 Pro \/ 7 Pro (SP1 o posterior). CPU: Intel Core i5 de segunda generaci\u00f3n o posterior a 2,6 GHz. Memoria: 4 GB o m\u00e1s. Pantalla: 1024 x 768 puntos (XGA) o superior.\"\r\n      }\r\n    },\r\n    {\r\n      \"@type\": \"Question\",\r\n      \"name\": \"\u00bfQu\u00e9 formatos de v\u00eddeo son compatibles?\",\r\n      \"acceptedAnswer\": {\r\n        \"@type\": \"Answer\",\r\n        \"text\": \"OTRS+AI admite formatos de v\u00eddeo como MP4, MOV, MPEG-TS (MPG) con c\u00f3dec de v\u00eddeo H.264.\"\r\n      }\r\n    },\r\n    {\r\n      \"@type\": \"Question\",\r\n      \"name\": \"\u00bfQu\u00e9 tipo de contrato se requiere para utilizar OTRS+AI?\",\r\n      \"acceptedAnswer\": {\r\n        \"@type\": \"Answer\",\r\n        \"text\": \"Se requiere la contrataci\u00f3n de OTRS10 y el paquete de soporte de mantenimiento.\"\r\n      }\r\n    },\r\n    {\r\n      \"@type\": \"Question\",\r\n      \"name\": \"\u00bfEn qu\u00e9 pa\u00edses est\u00e1 disponible OTRS+AI?\",\r\n      \"acceptedAnswer\": {\r\n        \"@type\": \"Answer\",\r\n        \"text\": \"OTRS+AI est\u00e1 disponible en Estados Unidos, la UE, Indonesia, Filipinas, Vietnam, Tailandia y Taiw\u00e1n.\"\r\n      }\r\n    },\r\n    {\r\n      \"@type\": \"Question\",\r\n      \"name\": \"\u00bfQu\u00e9 empresa ofrece ventas y asistencia para el software de estudio del tiempo OTRS+AI fuera de Jap\u00f3n?\",\r\n      \"acceptedAnswer\": {\r\n        \"@type\": \"Answer\",\r\n        \"text\": \"Shinka Management ofrece ventas y asistencia para OTRS+AI, OTRS10 y Mobile OTRS.\"\r\n      }\r\n    },\r\n    {\r\n      \"@type\": \"Question\",\r\n      \"name\": \"\u00bfCu\u00e1les son algunos ejemplos de casos de uso para la aplicaci\u00f3n de la inteligencia artificial al software de estudio del tiempo?\",\r\n      \"acceptedAnswer\": {\r\n        \"@type\": \"Answer\",\r\n        \"text\": \"Ejemplos incluyen realizar estudios de tiempos de varios ciclos, analizar el mismo proceso por diferentes operadores, evaluar la variabilidad de los procesos y acelerar el kaizen.\"\r\n      }\r\n    },\r\n    {\r\n      \"@type\": \"Question\",\r\n      \"name\": \"\u00bfHasta qu\u00e9 punto es preciso el motor de IA para analizar los ciclos y dividir un v\u00eddeo seg\u00fan los pasos del proceso?\",\r\n      \"acceptedAnswer\": {\r\n        \"@type\": \"Answer\",\r\n        \"text\": \"OTRS+AI es extremadamente preciso en el an\u00e1lisis autom\u00e1tico de procesos en distintas industrias y entornos.\"\r\n      }\r\n    }\r\n  ]\r\n}\r\n<\/script>[\/vc_column_text][vc_column_text]<\/p>\n<h2>Preguntas Frecuentes<\/h2>\n<p>[\/vc_column_text][vc_accordion active_tab=&#8221;false&#8221; title_size=&#8221;h3&#8243; style=&#8221;2&#8243;][vc_accordion_tab title=&#8221;\u00bfCu\u00e1les son los requisitos del sistema para mi PC?&#8221;][vc_column_text css=&#8221;&#8221;]<strong>SO<\/strong>: Windows 11 Pro \/ Windows 10 Pro \/ 8.1 Pro \/ 7 Pro (SP1 o posterior)<\/p>\n<p><strong>CPU<\/strong>: Intel Core i5 de segunda generaci\u00f3n o posterior a 2,6 GHz<\/p>\n<p><strong>Memoria<\/strong>: 4 GB o m\u00e1s<\/p>\n<p><strong>Pantalla<\/strong>: 1024 x 768 puntos (XGA) o superior[\/vc_column_text][\/vc_accordion_tab][vc_accordion_tab title=&#8221;\u00bfQu\u00e9 formatos de v\u00eddeo son compatibles?&#8221;][vc_column_text css=&#8221;&#8221;]OTRS+AI admite formatos de v\u00eddeo con las siguientes extensiones: MP4, MOV, MPEG-TS (MPG) \/ c\u00f3dec de v\u00eddeo: H.264.[\/vc_column_text][\/vc_accordion_tab][vc_accordion_tab title=&#8221;\u00bfQu\u00e9 tipo de contrato se requiere para utilizar OTRS+AI?&#8221;][vc_column_text css=&#8221;&#8221;]Al suscribirte a OTRS+AI es necesario contratar <a href=\"https:\/\/shinkamanagement.com\/es\/time-study-software\/\">OTRS10<\/a> y el paquete de soporte de mantenimiento.[\/vc_column_text][\/vc_accordion_tab][vc_accordion_tab title=&#8221;\u00bfEn qu\u00e9 pa\u00edses est\u00e1 disponible OTRS+AI?&#8221;][vc_column_text css=&#8221;&#8221;]OTRS+AI est\u00e1 disponible en Estados Unidos, la UE, Indonesia, Filipinas, Vietnam, Tailandia y Taiw\u00e1n.[\/vc_column_text][\/vc_accordion_tab][vc_accordion_tab title=&#8221;\u00bfQu\u00e9 empresa ofrece ventas y asistencia para el software de estudio del tiempo OTRS+AI fuera de Jap\u00f3n?&#8221;][vc_column_text css=&#8221;&#8221;]<a href=\"https:\/\/shinkamanagement.com\/es\/\">Shinka Management<\/a> ofrece ventas y asistencia para OTRS+AI, <a href=\"https:\/\/shinkamanagement.com\/es\/time-study-software\/\">OTRS10<\/a> y <a href=\"https:\/\/shinkamanagement.com\/es\/mobile-otrs-aplicacion-movil-para-estudios-de-tiempos\/\">OTRS m\u00f3vil<\/a><\/p>\n<p><em>OTRS+AI est\u00e1 disponible en Estados Unidos, la UE, Indonesia, Filipinas, Vietnam, Tailandia y Taiw\u00e1n.<\/em>[\/vc_column_text][\/vc_accordion_tab][vc_accordion_tab title=&#8221;\u00bfCu\u00e1les son algunos ejemplos de casos de uso para la aplicaci\u00f3n de la inteligencia artificial al software de estudio del tiempo?&#8221;][vc_column_text css=&#8221;&#8221;]<strong>Realizar estudios temporales que requieran el an\u00e1lisis de varios ciclos<\/strong><\/p>\n<p>Una gran ventaja de la aplicaci\u00f3n de la IA a los estudios de tiempos es que permite un an\u00e1lisis r\u00e1pido y de gran precisi\u00f3n de hasta 20 ciclos de un mismo proceso. Esto puede servir para poner de manifiesto fluctuaciones y desperdicios que no pueden detectarse cuando se analizan s\u00f3lo dos o tres ciclos de un proceso. <\/p>\n<p><strong>Analizar el mismo proceso realizado por distintos operadores<\/strong><\/p>\n<p>Una vez registrados los datos did\u00e1cticos, los v\u00eddeos de la misma operaci\u00f3n se analizan autom\u00e1ticamente, reduciendo el trabajo de an\u00e1lisis manual.<\/p>\n<p><strong>Evaluar la variabilidad de los procesos<\/strong><\/p>\n<p>Aumentar el n\u00famero de ciclos que estudias aumenta la posibilidad de identificar desperdicios (muda), variaciones (mura) y sobrecargas (muri) en un proceso.<\/p>\n<p><strong> Acelerar el kaizen<\/strong><\/p>\n<p>Dedicar menos tiempo a realizar manualmente los an\u00e1lisis temporales permite dedicar m\u00e1s tiempo al proceso de mejora.[\/vc_column_text][\/vc_accordion_tab][vc_accordion_tab title=&#8221;\u00bfHasta qu\u00e9 punto es preciso el motor de IA para analizar los ciclos y dividir un v\u00eddeo seg\u00fan los pasos del proceso?&#8221;][vc_column_text css=&#8221;&#8221;]OTRS+AI ha demostrado ser extremadamente preciso en el an\u00e1lisis autom\u00e1tico de procesos en distintos tipos de industrias y entornos, en los que los operarios est\u00e1n tanto fijos como en movimiento dentro de las c\u00e9lulas de trabajo. Un punto del que hay que ser consciente es que, una vez registrados los datos did\u00e1cticos, la forma en que se filma el v\u00eddeo de las operaciones que se van a analizar puede influir en los resultados. No es necesario que los v\u00eddeos de los procesos que se van a analizar se preparen exactamente igual que el v\u00eddeo de los datos did\u00e1cticos; funcionar\u00e1n diferentes \u00e1ngulos de filmaci\u00f3n e iluminaci\u00f3n, y es aceptable la presencia de otras personas u objetos en el encuadre; sin embargo, el v\u00eddeo de an\u00e1lisis debe filmarse de modo que el operario est\u00e9 en la misma orientaci\u00f3n que en los datos did\u00e1cticos, con la mayor parte posible de la parte superior del cuerpo del operario incluida.[\/vc_column_text][\/vc_accordion_tab][\/vc_accordion][vc_empty_space height=&#8221;20px&#8221;][vc_empty_space height=&#8221;20px&#8221;][\/vc_column][\/vc_row][vc_row type=&#8221;1&#8243; bg_color=&#8221;#f4f4f4&#8243; css=&#8221;.vc_custom_1688979609906{background-color: #f4f4f4 !important;}&#8221;][vc_column width=&#8221;1\/3&#8243;][vc_column_text css=&#8221;.vc_custom_1722515526814{margin-top: 30px !important;}&#8221;]<\/p>\n<h2>Consultas sobre OTRS<\/h2>\n<p>Para obtener m\u00e1s informaci\u00f3n sobre OTRS+AI, OTRS10 u OTRS m\u00f3vil, o para preguntar por los precios, rellena el formulario y nos pondremos en contacto contigo.[\/vc_column_text][\/vc_column][vc_column width=&#8221;2\/3&#8243;][vc_column_text]<form id=\"forminator-module-16595\" class=\"forminator-custom-form forminator-custom-form-16595\" method=\"post\" data-forminator-render=\"0\" data-uid=\"69e41b663affe\"><div role=\"alert\" aria-live=\"polite\" class=\"forminator-response-message forminator-error\" aria-hidden=\"true\"><\/div><\/form>[\/vc_column_text][\/vc_column][\/vc_row]<\/p>\n<\/div>","protected":false},"excerpt":{"rendered":"<p>[vc_row][vc_column][vc_column_text css=&#8221;.vc_custom_1722342902199{margin-bottom: 30px !important;}&#8221;] Software de Estudio de Tiempo con AI &#8211; OTRS+AI [\/vc_column_text][vc_row_inner css=&#8221;.vc_custom_1549234632141{margin-top: 30px !important;margin-bottom: 30px !important;}&#8221;][vc_column_inner][vc_column_text css=&#8221;&#8221;] OTRS10, l\u00edder del sector y considerado la norma de oro en software de estudios de tiempos, ahora utiliza IA para mejorar dr\u00e1sticamente la eficacia al realizar estudios de tiempos. [\/vc_column_text][vc_column_text css=&#8221;&#8221;]OTRS+AI te permite realizar estudios&hellip;<\/p>\n","protected":false},"author":11,"featured_media":40645,"parent":0,"menu_order":0,"comment_status":"closed","ping_status":"closed","template":"","meta":{"footnotes":""},"class_list":["post-41245","page","type-page","status-publish","has-post-thumbnail","hentry","description-off"],"_links":{"self":[{"href":"https:\/\/shinkamanagement.com\/es\/wp-json\/wp\/v2\/pages\/41245","targetHints":{"allow":["GET"]}}],"collection":[{"href":"https:\/\/shinkamanagement.com\/es\/wp-json\/wp\/v2\/pages"}],"about":[{"href":"https:\/\/shinkamanagement.com\/es\/wp-json\/wp\/v2\/types\/page"}],"author":[{"embeddable":true,"href":"https:\/\/shinkamanagement.com\/es\/wp-json\/wp\/v2\/users\/11"}],"replies":[{"embeddable":true,"href":"https:\/\/shinkamanagement.com\/es\/wp-json\/wp\/v2\/comments?post=41245"}],"version-history":[{"count":22,"href":"https:\/\/shinkamanagement.com\/es\/wp-json\/wp\/v2\/pages\/41245\/revisions"}],"predecessor-version":[{"id":54443,"href":"https:\/\/shinkamanagement.com\/es\/wp-json\/wp\/v2\/pages\/41245\/revisions\/54443"}],"wp:featuredmedia":[{"embeddable":true,"href":"https:\/\/shinkamanagement.com\/es\/wp-json\/wp\/v2\/media\/40645"}],"wp:attachment":[{"href":"https:\/\/shinkamanagement.com\/es\/wp-json\/wp\/v2\/media?parent=41245"}],"curies":[{"name":"wp","href":"https:\/\/api.w.org\/{rel}","templated":true}]}}