{"id":13783,"date":"2012-07-15T12:40:03","date_gmt":"2012-07-15T03:10:03","guid":{"rendered":"https:\/\/shinkamanagement.com\/contactenos\/"},"modified":"2025-06-10T13:28:50","modified_gmt":"2025-06-10T03:58:50","slug":"contact-us","status":"publish","type":"page","link":"https:\/\/shinkamanagement.com\/es\/contact-us\/","title":{"rendered":"Cont\u00e1ctenos"},"content":{"rendered":"<div class=\"wpb-content-wrapper\"><p>[vc_row][vc_column][vc_column_text css=&#8221;.vc_custom_1549237907695{margin-bottom: 30px !important;}&#8221;]<\/p>\n<h1>Contacta con Shinka Management<\/h1>\n<p>[\/vc_column_text]<div class=\"hr-thin style-line\" style=\"width: 100%;border-top-width: 1px;\"><\/div>[\/vc_column][\/vc_row][vc_row margin_top=&#8221;30&#8243; css=&#8221;.vc_custom_1549239119495{margin-bottom: 30px !important;}&#8221;][vc_column][vc_column_text css=&#8221;&#8221;]<\/p>\n<h3>FORMULARIO DE CONTACTO:<\/h3>\n<p>Por favor, env\u00ede su consulta y nos pondremos en contacto con usted en breve.<\/p>\n<p>Si deseas recibir una llamada telef\u00f3nica o una comunicaci\u00f3n por WhatsApp, a\u00f1ade tu n\u00famero de contacto en el cuadro de mensaje de abajo y menciona la forma de contacto que prefieras.[\/vc_column_text][vc_empty_space height=&#8221;16px&#8221;]<div class=\"hr-thin style-line\" style=\"width: 100%;border-top-width: 1px;\"><\/div>[vc_empty_space height=&#8221;16px&#8221;][vc_column_text]<form id=\"forminator-module-16595\" class=\"forminator-custom-form forminator-custom-form-16595\" method=\"post\" data-forminator-render=\"0\" data-uid=\"69e446e7ce866\"><div role=\"alert\" aria-live=\"polite\" class=\"forminator-response-message forminator-error\" aria-hidden=\"true\"><\/div><\/form>[\/vc_column_text][\/vc_column][\/vc_row][vc_row margin_top=&#8221;20&#8243; margin_bottom=&#8221;20&#8243;][vc_column]<div class=\"hr-thin style-line\" style=\"width: 100%;border-top-width: 1px;\"><\/div>[\/vc_column][\/vc_row][vc_row][vc_column width=&#8221;1\/5&#8243;][vc_column_text]<\/p>\n<h3>Casa Matr\u00edz<\/h3>\n<p>Nivel 1, 45 Greenhill Road<br \/>\nWayville SA 5034<br \/>\nAustralia<\/p>\n<p>T: <a href=\"tel:+61%208%208394%200005\">+61 8 8394 0005<\/a>[\/vc_column_text][\/vc_column][vc_column width=&#8221;1\/5&#8243;][vc_column_text]<\/p>\n<h3>Jap\u00f3n<\/h3>\n<p>Oficina de Jap\u00f3n y Dojo de Entrenamiento<br \/>\n4-111-1 Unumaasahimachi<br \/>\nCiudad de Kakamigahara<br \/>\nPrefectura de Gifu 509-0145<br \/>\nJap\u00f3n[\/vc_column_text][\/vc_column][vc_column width=&#8221;1\/5&#8243;][vc_column_text]<\/p>\n<h3>Am\u00e9rica Latina<\/h3>\n<p>Oficina 302<br \/>\nBenjam\u00edn 2935<br \/>\nLas Condes, Santiago<br \/>\n7550000<br \/>\nChile<\/p>\n<p>T: <a href=\"tel:%20+39%20339%20533%204649\">+39 339 533 4649<\/a>[\/vc_column_text][\/vc_column][vc_column width=&#8221;1\/5&#8243;][vc_column_text]<\/p>\n<h3>Estados Unidos<\/h3>\n<p>Lexington<br \/>\nKentucky<br \/>\nEE.UU.<\/p>\n<p>T: <a href=\"tel:+1%20571%20524%207231\">+1 859 421 9672<\/a>[\/vc_column_text][\/vc_column][vc_column width=&#8221;1\/5&#8243;][vc_column_text css=&#8221;&#8221;]<\/p>\n<h3>Europa<\/h3>\n<p>Tur\u00edn<br \/>\nItalia<\/p>\n<p>T: <a href=\"tel:%20+39%20339%20533%204649\">+39 339 533 4649<\/a>[\/vc_column_text][\/vc_column][\/vc_row]<\/p>\n<\/div>","protected":false},"excerpt":{"rendered":"<p>[vc_row][vc_column][vc_column_text css=&#8221;.vc_custom_1549237907695{margin-bottom: 30px !important;}&#8221;] Contacta con Shinka Management [\/vc_column_text][\/vc_column][\/vc_row][vc_row margin_top=&#8221;30&#8243; css=&#8221;.vc_custom_1549239119495{margin-bottom: 30px !important;}&#8221;][vc_column][vc_column_text css=&#8221;&#8221;] FORMULARIO DE CONTACTO: Por favor, env\u00ede su consulta y nos pondremos en contacto con usted en breve. Si deseas recibir una llamada telef\u00f3nica o una comunicaci\u00f3n por WhatsApp, a\u00f1ade tu n\u00famero de contacto en el cuadro de mensaje de abajo y&hellip;<\/p>\n","protected":false},"author":4,"featured_media":0,"parent":0,"menu_order":58,"comment_status":"closed","ping_status":"closed","template":"","meta":{"footnotes":""},"class_list":["post-13783","page","type-page","status-publish","hentry","description-off"],"_links":{"self":[{"href":"https:\/\/shinkamanagement.com\/es\/wp-json\/wp\/v2\/pages\/13783","targetHints":{"allow":["GET"]}}],"collection":[{"href":"https:\/\/shinkamanagement.com\/es\/wp-json\/wp\/v2\/pages"}],"about":[{"href":"https:\/\/shinkamanagement.com\/es\/wp-json\/wp\/v2\/types\/page"}],"author":[{"embeddable":true,"href":"https:\/\/shinkamanagement.com\/es\/wp-json\/wp\/v2\/users\/4"}],"replies":[{"embeddable":true,"href":"https:\/\/shinkamanagement.com\/es\/wp-json\/wp\/v2\/comments?post=13783"}],"version-history":[{"count":13,"href":"https:\/\/shinkamanagement.com\/es\/wp-json\/wp\/v2\/pages\/13783\/revisions"}],"predecessor-version":[{"id":46022,"href":"https:\/\/shinkamanagement.com\/es\/wp-json\/wp\/v2\/pages\/13783\/revisions\/46022"}],"wp:attachment":[{"href":"https:\/\/shinkamanagement.com\/es\/wp-json\/wp\/v2\/media?parent=13783"}],"curies":[{"name":"wp","href":"https:\/\/api.w.org\/{rel}","templated":true}]}}