{"id":13759,"date":"2012-08-16T05:01:23","date_gmt":"2012-08-15T19:31:23","guid":{"rendered":"https:\/\/shinkamanagement.com\/entrenamiento-lean\/entrenamiento-seminarios-de-expertos\/"},"modified":"2025-06-10T13:28:46","modified_gmt":"2025-06-10T03:58:46","slug":"training-expert-seminars","status":"publish","type":"page","link":"https:\/\/shinkamanagement.com\/es\/lean-training\/training-expert-seminars\/","title":{"rendered":"Entrenamiento &#8211; Seminarios de Expertos"},"content":{"rendered":"<div class=\"wpb-content-wrapper\"><p>[vc_row][vc_column][vc_column_text css=&#8221;.vc_custom_1568725295024{margin-bottom: 20px !important;}&#8221;]<\/p>\n<h1>Entrnamiento Lean &#8211; Seminarios de Expertos<\/h1>\n<p>[\/vc_column_text]<div class=\"hr-thin style-line\" style=\"width: 100%;border-top-width: 1px;\"><\/div>[\/vc_column][\/vc_row][vc_row margin_top=&#8221;20px&#8221; margin_bottom=&#8221;40px&#8221;][vc_column][vc_column_text]<\/p>\n<h2>A trav\u00e9s de nuestra red mundial tenemos acceso a expertos que cubren la mayor\u00eda de las necesidades de los fabricantes.<\/h2>\n<p>Esto incluye a los expertos de los distintos departamentos de fabricaci\u00f3n y a los l\u00edderes de los distintos sectores de la fabricaci\u00f3n.<\/p>\n<p>Nuestra red de expertos tambi\u00e9n incluye a l\u00edderes mundiales en el desarrollo y la aplicaci\u00f3n del pensamiento lean en \u00e1reas como la sanidad, la administraci\u00f3n p\u00fablica, los call centers y el comercio minorista.<\/p>\n<p>Shinka Management tambi\u00e9n puede acceder a gerentes experimentados directamente de la industria japonesa.<\/p>\n<p><a title=\"Cont\u00e1ctenos\" href=\"https:\/\/shinkamanagement.com\/es\/contact-us\/\">P\u00f3ngase en contacto con nosotros<\/a> para hablar de c\u00f3mo adaptar un curso de formaci\u00f3n a las necesidades de su empresa, o para informarse de los pr\u00f3ximos seminarios.[\/vc_column_text][\/vc_column][\/vc_row]<\/p>\n<\/div>","protected":false},"excerpt":{"rendered":"<p>[vc_row][vc_column][vc_column_text css=&#8221;.vc_custom_1568725295024{margin-bottom: 20px !important;}&#8221;] Entrnamiento Lean &#8211; Seminarios de Expertos [\/vc_column_text][\/vc_column][\/vc_row][vc_row margin_top=&#8221;20px&#8221; margin_bottom=&#8221;40px&#8221;][vc_column][vc_column_text] A trav\u00e9s de nuestra red mundial tenemos acceso a expertos que cubren la mayor\u00eda de las necesidades de los fabricantes. Esto incluye a los expertos de los distintos departamentos de fabricaci\u00f3n y a los l\u00edderes de los distintos sectores de la fabricaci\u00f3n.&hellip;<\/p>\n","protected":false},"author":4,"featured_media":0,"parent":13716,"menu_order":47,"comment_status":"closed","ping_status":"closed","template":"","meta":{"footnotes":""},"class_list":["post-13759","page","type-page","status-publish","hentry","description-off"],"_links":{"self":[{"href":"https:\/\/shinkamanagement.com\/es\/wp-json\/wp\/v2\/pages\/13759","targetHints":{"allow":["GET"]}}],"collection":[{"href":"https:\/\/shinkamanagement.com\/es\/wp-json\/wp\/v2\/pages"}],"about":[{"href":"https:\/\/shinkamanagement.com\/es\/wp-json\/wp\/v2\/types\/page"}],"author":[{"embeddable":true,"href":"https:\/\/shinkamanagement.com\/es\/wp-json\/wp\/v2\/users\/4"}],"replies":[{"embeddable":true,"href":"https:\/\/shinkamanagement.com\/es\/wp-json\/wp\/v2\/comments?post=13759"}],"version-history":[{"count":1,"href":"https:\/\/shinkamanagement.com\/es\/wp-json\/wp\/v2\/pages\/13759\/revisions"}],"predecessor-version":[{"id":54091,"href":"https:\/\/shinkamanagement.com\/es\/wp-json\/wp\/v2\/pages\/13759\/revisions\/54091"}],"up":[{"embeddable":true,"href":"https:\/\/shinkamanagement.com\/es\/wp-json\/wp\/v2\/pages\/13716"}],"wp:attachment":[{"href":"https:\/\/shinkamanagement.com\/es\/wp-json\/wp\/v2\/media?parent=13759"}],"curies":[{"name":"wp","href":"https:\/\/api.w.org\/{rel}","templated":true}]}}