{"id":13739,"date":"2013-04-01T22:34:07","date_gmt":"2013-04-01T12:04:07","guid":{"rendered":"https:\/\/shinkamanagement.com\/entrenamiento-lean\/grupo-de-interes-especial-de-lean-manufacturing\/"},"modified":"2025-06-10T13:28:43","modified_gmt":"2025-06-10T03:58:43","slug":"lean-manufacturing-special-interest-group","status":"publish","type":"page","link":"https:\/\/shinkamanagement.com\/es\/lean-training\/lean-manufacturing-special-interest-group\/","title":{"rendered":"Grupo de Inter\u00e9s Especial de Lean Manufacturing"},"content":{"rendered":"<div class=\"wpb-content-wrapper\"><p>[vc_row][vc_column][vc_column_text css=&#8221;.vc_custom_1549078593723{margin-bottom: 30px !important;}&#8221;]<\/p>\n<h1>Grupo de Inter\u00e9s Especial de Lean<\/h1>\n<p>[\/vc_column_text]<div class=\"hr-thin style-line\" style=\"width: 100%;border-top-width: 1px;\"><\/div>[vc_column_text css=&#8221;.vc_custom_1549078610350{margin-top: 30px !important;}&#8221;]<\/p>\n<h3>El <strong>Grupo de Inter\u00e9s Especial de Lean<\/strong> se cre\u00f3 para aumentar la concienciaci\u00f3n y el dominio de las <strong>pr\u00e1cticas de mejora<\/strong> continua entre las empresas australianas y para apoyar al personal implicado en la direcci\u00f3n de iniciativas de gesti\u00f3n de lean dentro de sus organizaciones.<\/h3>\n<p>[\/vc_column_text][vc_row_inner css=&#8221;.vc_custom_1568725113424{margin-top: 40px !important;margin-bottom: 40px !important;}&#8221;][vc_column_inner width=&#8221;1\/2&#8243;][vc_column_text]<\/p>\n<h2>Prop\u00f3sito<\/h2>\n<p>El objetivo principal del Grupo de Inter\u00e9s Especial Lean es mejorar la competitividad de las empresas australianas mediante el <strong>desarrollo de competencias<\/strong>, el <strong>aumento de la eficiencia<\/strong> y la <strong>mejora de la calidad de los productos<\/strong>. El Grupo est\u00e1 abierto a las empresas de la industria australiana y se espera que sea de especial inter\u00e9s, aunque no exclusivamente, para las organizaciones dedicadas a la fabricaci\u00f3n y el procesamiento de alimentos. En toda Australia se organizan eventos de creaci\u00f3n de redes del Grupo de Inter\u00e9s Especial Lean.[\/vc_column_text][\/vc_column_inner][vc_column_inner width=&#8221;1\/2&#8243;][vc_column_text]<\/p>\n<h2>Contenido y Organizaci\u00f3n<\/h2>\n<p>Estos eventos de networking suelen incluir una visita a las instalaciones y una presentaci\u00f3n centrada en <a href=\"https:\/\/shinkamanagement.com\/es\/introduction-to-lean-manufacturing\/\">lean manufacturing<\/a>, seguida por networking para los asistentes. Las reuniones del grupo son facilitadas por Shinka Management, y cuentan con el apoyo del <strong>Grupo Industrial Australiano<\/strong> y de la <strong>C\u00e1mara de Comercio e Industria de Australia Occidental<\/strong>.[\/vc_column_text][\/vc_column_inner][\/vc_row_inner][vc_row_inner css=&#8221;.vc_custom_1568725013856{margin-bottom: 30px !important;}&#8221;][vc_column_inner width=&#8221;1\/3&#8243;][vc_column_text css=&#8221;.vc_custom_1602198635509{margin-bottom: 20px !important;}&#8221;]<\/p>\n<h2>RSVP \/ Registro de Inter\u00e9s<\/h2>\n<p>La participaci\u00f3n en los eventos del Grupo de Inter\u00e9s Especial Lean <strong>es gratuita<\/strong>.<\/p>\n<p>Estos eventos se celebran de forma irregular, y el aviso de los eventos previstos se compartir\u00e1 con nuestra lista de correo. <a title=\"Cont\u00e1ctenos\" href=\"https:\/\/shinkamanagement.com\/es\/contact-us\/\" target=\"_blank\" rel=\"noopener noreferrer\">P\u00f3ngase en contacto con Shinka Management<\/a> para realizar consultas o para ser a\u00f1adido a la lista de correo.[\/vc_column_text][\/vc_column_inner][vc_column_inner width=&#8221;1\/3&#8243;][vc_column_text]<\/p>\n<h2>Pr\u00f3ximos Eventos<\/h2>\n<p>Suscr\u00edbase a la lista de correo de Shinka Management para recibir una invitaci\u00f3n y detalles de futuros eventos.[\/vc_column_text][vc_column_text]<div class=\"em em-view-container\" id=\"em-view-1343673556\" data-view=\"list\">\r\n\t<div class=\"em pixelbones em-list em-events-list\" id=\"em-events-list-1343673556\" data-view-id=\"1343673556\">\r\n\tNo Events\t<\/div>\r\n<\/div>[\/vc_column_text][\/vc_column_inner][vc_column_inner width=&#8221;1\/3&#8243;][vc_column_text css=&#8221;.vc_custom_1602199421836{padding-top: 20px !important;padding-right: 20px !important;padding-bottom: 20px !important;padding-left: 20px !important;background-color: #f7fbfb !important;}&#8221;]<\/p>\n<h3>Temas Anteriores<\/h3>\n<p><strong>Reuni\u00f3n 1 &#8211; Desaf\u00edos en la implementaci\u00f3n Lean en M\u00faltiples Sitios<\/strong> -Orador invitado &#8211; Sr. Peter Gardner, Director de Ingenier\u00eda de Manufactura Global, TI Automotive. <strong>Lea la transcripci\u00f3n de la presentaci\u00f3n de Peter sobre la <a title=\"Desaf\u00edos de la Aplicaci\u00f3n de Lean en Varios Sitios\" href=\"https:\/\/shinkamanagement.com\/es\/desafios-de-la-aplicacion-de-lean-en-varios-sitios\/\">implementaci\u00f3n lean<\/a><\/strong>.<\/p>\n<p><strong>Reuni\u00f3n 2 &#8211; SMED (Cambio R\u00e1pido de Serie)<\/strong> &#8211; Orador invitado &#8211; Sr. Mark Corser, Director de Obra de O&#8217;Sullivan Beach, Orrcon Steel. <a href=\"https:\/\/shinkamanagement.com\/events\/lean-manufacturing-special-interest-group-september-2013\/\">Resumen del evento<\/a>.<\/p>\n<p><strong>Reuni\u00f3n 3 &#8211; Visita a la F\u00e1brica de Redarc Electronics<\/strong> &#8211; Oradores invitados &#8211; Sr. Shane Wreford, Director de Producci\u00f3n, Redarc Electronics; Sr. Johan Otto, Supervisor de SMT, Redarc Electronics, Sr. Jeremy Hawkes, Director General, Bowhill Engineering; Sr. Thinus Steyn, Director General, ZF Lemforder Australia. <strong>Vea el informe del evento, el v\u00eddeo y las fotos de la <a title=\"Visita a la F\u00e1brica de Redarc Electronics\" href=\"https:\/\/shinkamanagement.com\/es\/visita-a-la-fabrica-de-redarc-electronics\/\">visita a la f\u00e1brica de Redarc Electronics<\/a>.<\/strong>[\/vc_column_text][\/vc_column_inner][\/vc_row_inner][\/vc_column][\/vc_row]<\/p>\n<\/div>","protected":false},"excerpt":{"rendered":"<p>[vc_row][vc_column][vc_column_text css=&#8221;.vc_custom_1549078593723{margin-bottom: 30px !important;}&#8221;] Grupo de Inter\u00e9s Especial de Lean [\/vc_column_text][vc_column_text css=&#8221;.vc_custom_1549078610350{margin-top: 30px !important;}&#8221;] El Grupo de Inter\u00e9s Especial de Lean se cre\u00f3 para aumentar la concienciaci\u00f3n y el dominio de las pr\u00e1cticas de mejora continua entre las empresas australianas y para apoyar al personal implicado en la direcci\u00f3n de iniciativas de gesti\u00f3n de lean&hellip;<\/p>\n","protected":false},"author":4,"featured_media":13742,"parent":13716,"menu_order":21,"comment_status":"closed","ping_status":"closed","template":"","meta":{"footnotes":""},"class_list":["post-13739","page","type-page","status-publish","has-post-thumbnail","hentry","description-off"],"_links":{"self":[{"href":"https:\/\/shinkamanagement.com\/es\/wp-json\/wp\/v2\/pages\/13739","targetHints":{"allow":["GET"]}}],"collection":[{"href":"https:\/\/shinkamanagement.com\/es\/wp-json\/wp\/v2\/pages"}],"about":[{"href":"https:\/\/shinkamanagement.com\/es\/wp-json\/wp\/v2\/types\/page"}],"author":[{"embeddable":true,"href":"https:\/\/shinkamanagement.com\/es\/wp-json\/wp\/v2\/users\/4"}],"replies":[{"embeddable":true,"href":"https:\/\/shinkamanagement.com\/es\/wp-json\/wp\/v2\/comments?post=13739"}],"version-history":[{"count":1,"href":"https:\/\/shinkamanagement.com\/es\/wp-json\/wp\/v2\/pages\/13739\/revisions"}],"predecessor-version":[{"id":54090,"href":"https:\/\/shinkamanagement.com\/es\/wp-json\/wp\/v2\/pages\/13739\/revisions\/54090"}],"up":[{"embeddable":true,"href":"https:\/\/shinkamanagement.com\/es\/wp-json\/wp\/v2\/pages\/13716"}],"wp:featuredmedia":[{"embeddable":true,"href":"https:\/\/shinkamanagement.com\/es\/wp-json\/wp\/v2\/media\/13742"}],"wp:attachment":[{"href":"https:\/\/shinkamanagement.com\/es\/wp-json\/wp\/v2\/media?parent=13739"}],"curies":[{"name":"wp","href":"https:\/\/api.w.org\/{rel}","templated":true}]}}