{"id":13694,"date":"2012-11-03T08:12:12","date_gmt":"2012-11-02T21:42:12","guid":{"rendered":"https:\/\/shinkamanagement.com\/shinka-management-blog-de-lean-manufacturing\/"},"modified":"2025-06-10T13:23:50","modified_gmt":"2025-06-10T03:53:50","slug":"lean-manufacturing-blog","status":"publish","type":"page","link":"https:\/\/shinkamanagement.com\/es\/lean-manufacturing-blog\/","title":{"rendered":"Shinka Management &#8211; Blog sobre Lean manufacturing"},"content":{"rendered":"<div class=\"wpb-content-wrapper\"><p>[vc_row][vc_column][vc_column_text]<\/p>\n<h1>Blog Lean Management &#8211; Shinka Management<\/h1>\n<p>[\/vc_column_text]<div class=\"gap\" style=\"line-height: 20px; height: 20px;\"><\/div><div class=\"hr-thin style-line\" style=\"width: 100%;border-top-width: 1px;\"><\/div><div class=\"gap\" style=\"line-height: 20px; height: 20px;\"><\/div>[vc_column_text]Para recibir actualizaciones sobre los art\u00edculos de nuestro blog y otros temas de inter\u00e9s relacionados con la lean manufacturing, la lean management y los conocimientos t\u00e9cnicos relacionados de Jap\u00f3n, s\u00edguenos en nuestras p\u00e1ginas de <a title=\"P\u00e1gina de Facebook de Shinka Management\" href=\"http:\/\/www.facebook.com\/ShinkaManagement\" target=\"_blank\" rel=\"noopener noreferrer\">Facebook<\/a>, <a title=\"P\u00e1gina de LinkedIn de Shinka Management\" href=\"http:\/\/www.linkedin.com\/company\/shinka-management\" target=\"_blank\" rel=\"noopener noreferrer\">LinkedIn<\/a> o <a href=\"https:\/\/www.instagram.com\/shinkamgmt\/\" target=\"_blank\" rel=\"noopener\">Instagram<\/a>, o suscr\u00edbete a nuestra lista de correo mediante el formulario que aparece al final de esta p\u00e1gina.[\/vc_column_text]<div class=\"gap\" style=\"line-height: 20px; height: 20px;\"><\/div>[\/vc_column][\/vc_row]<\/p>\n<\/div>","protected":false},"excerpt":{"rendered":"<p>[vc_row][vc_column][vc_column_text] Blog Lean Management &#8211; Shinka Management [\/vc_column_text][vc_column_text]Para recibir actualizaciones sobre los art\u00edculos de nuestro blog y otros temas de inter\u00e9s relacionados con la lean manufacturing, la lean management y los conocimientos t\u00e9cnicos relacionados de Jap\u00f3n, s\u00edguenos en nuestras p\u00e1ginas de Facebook, LinkedIn o Instagram, o suscr\u00edbete a nuestra lista de correo mediante el formulario&hellip;<\/p>\n","protected":false},"author":4,"featured_media":0,"parent":0,"menu_order":24,"comment_status":"closed","ping_status":"closed","template":"template-blog-masonry.php","meta":{"footnotes":""},"class_list":["post-13694","page","type-page","status-publish","hentry","description-off"],"_links":{"self":[{"href":"https:\/\/shinkamanagement.com\/es\/wp-json\/wp\/v2\/pages\/13694","targetHints":{"allow":["GET"]}}],"collection":[{"href":"https:\/\/shinkamanagement.com\/es\/wp-json\/wp\/v2\/pages"}],"about":[{"href":"https:\/\/shinkamanagement.com\/es\/wp-json\/wp\/v2\/types\/page"}],"author":[{"embeddable":true,"href":"https:\/\/shinkamanagement.com\/es\/wp-json\/wp\/v2\/users\/4"}],"replies":[{"embeddable":true,"href":"https:\/\/shinkamanagement.com\/es\/wp-json\/wp\/v2\/comments?post=13694"}],"version-history":[{"count":3,"href":"https:\/\/shinkamanagement.com\/es\/wp-json\/wp\/v2\/pages\/13694\/revisions"}],"predecessor-version":[{"id":43557,"href":"https:\/\/shinkamanagement.com\/es\/wp-json\/wp\/v2\/pages\/13694\/revisions\/43557"}],"wp:attachment":[{"href":"https:\/\/shinkamanagement.com\/es\/wp-json\/wp\/v2\/media?parent=13694"}],"curies":[{"name":"wp","href":"https:\/\/api.w.org\/{rel}","templated":true}]}}