{"id":13685,"date":"2021-01-19T11:25:36","date_gmt":"2021-01-19T00:55:36","guid":{"rendered":"https:\/\/shinkamanagement.com\/resumenes-de-conferencias-asksensei-lean-kaizen-sistema-de-produccion-toyota\/"},"modified":"2025-06-10T13:23:49","modified_gmt":"2025-06-10T03:53:49","slug":"asksensei-lectures","status":"publish","type":"page","link":"https:\/\/shinkamanagement.com\/es\/asksensei-lectures\/","title":{"rendered":"Res\u00famenes de conferencias #AskSensei &#8211; Lean | Kaizen | Sistema de Producci\u00f3n Toyota"},"content":{"rendered":"<div class=\"wpb-content-wrapper\"><p>[vc_row][vc_column][vc_column_text]<\/p>\n<h1>Res\u00famenes de Conferencias Lean #AskSensei<\/h1>\n<p>[\/vc_column_text]<div class=\"gap\" style=\"line-height: 20px; height: 20px;\"><\/div><div class=\"hr-thin style-line\" style=\"width: 100%;border-top-width: 1px;\"><\/div><div class=\"gap\" style=\"line-height: 20px; height: 20px;\"><\/div>[vc_column_text]Los siguientes art\u00edculos son res\u00famenes de nuestros <a href=\"https:\/\/shinkamanagement.com\/es\/asksensei\/\"> seminarios web #AskSensei<\/a> celebrados con el ex Gerente de F\u00e1brica de Toyota y <a href=\"https:\/\/shinkamanagement.com\/es\/akinori-hyodo-lean-sensei\/\">sensei del lean<\/a> Akinori Hyodo y otros altos cargos de la industria japonesa, sobre temas relacionados con el lean manufacturing, el Sistema de Producci\u00f3n Toyota y el Kaizen.<\/p>\n<p>Para recibir actualizaciones sobre nuestros eventos #AskSensei, res\u00famenes de conferencias y otros temas de inter\u00e9s relacionados con la lean manufacturing y las pr\u00e1cticas de gesti\u00f3n japonesas, \u00fanete a nuestra lista de correo eNews al final de esta p\u00e1gina y\/o sigue a Shinka Management en <a title=\"P\u00e1gina de Facebook de Shinka Management\" href=\"http:\/\/www.facebook.com\/ShinkaManagement\" target=\"_blank\" rel=\"noopener noreferrer\">Facebook<\/a>, <a title=\"P\u00e1gina de LinkedIn de Shinka Management\" href=\"http:\/\/www.linkedin.com\/company\/shinka-management\" target=\"_blank\" rel=\"noopener noreferrer\">LinkedIn<\/a> o <a href=\"https:\/\/www.instagram.com\/shinkamgmt\/\" target=\"_blank\" rel=\"noopener\">Instagram<\/a>.[\/vc_column_text]<div class=\"gap\" style=\"line-height: 20px; height: 20px;\"><\/div>[\/vc_column][\/vc_row]<\/p>\n<\/div>","protected":false},"excerpt":{"rendered":"<p>[vc_row][vc_column][vc_column_text] Res\u00famenes de Conferencias Lean #AskSensei [\/vc_column_text][vc_column_text]Los siguientes art\u00edculos son res\u00famenes de nuestros seminarios web #AskSensei celebrados con el ex Gerente de F\u00e1brica de Toyota y sensei del lean Akinori Hyodo y otros altos cargos de la industria japonesa, sobre temas relacionados con el lean manufacturing, el Sistema de Producci\u00f3n Toyota y el Kaizen. Para&hellip;<\/p>\n","protected":false},"author":4,"featured_media":0,"parent":0,"menu_order":24,"comment_status":"closed","ping_status":"closed","template":"template-blog-masonry.php","meta":{"footnotes":""},"class_list":["post-13685","page","type-page","status-publish","hentry","description-off"],"_links":{"self":[{"href":"https:\/\/shinkamanagement.com\/es\/wp-json\/wp\/v2\/pages\/13685","targetHints":{"allow":["GET"]}}],"collection":[{"href":"https:\/\/shinkamanagement.com\/es\/wp-json\/wp\/v2\/pages"}],"about":[{"href":"https:\/\/shinkamanagement.com\/es\/wp-json\/wp\/v2\/types\/page"}],"author":[{"embeddable":true,"href":"https:\/\/shinkamanagement.com\/es\/wp-json\/wp\/v2\/users\/4"}],"replies":[{"embeddable":true,"href":"https:\/\/shinkamanagement.com\/es\/wp-json\/wp\/v2\/comments?post=13685"}],"version-history":[{"count":5,"href":"https:\/\/shinkamanagement.com\/es\/wp-json\/wp\/v2\/pages\/13685\/revisions"}],"predecessor-version":[{"id":43538,"href":"https:\/\/shinkamanagement.com\/es\/wp-json\/wp\/v2\/pages\/13685\/revisions\/43538"}],"wp:attachment":[{"href":"https:\/\/shinkamanagement.com\/es\/wp-json\/wp\/v2\/media?parent=13685"}],"curies":[{"name":"wp","href":"https:\/\/api.w.org\/{rel}","templated":true}]}}