{"id":13597,"date":"2020-09-24T12:56:34","date_gmt":"2020-09-24T03:26:34","guid":{"rendered":"https:\/\/shinkamanagement.com\/mejora-continua-lean-curso-de-entrenamiento-lean\/"},"modified":"2025-06-10T13:23:46","modified_gmt":"2025-06-10T03:53:46","slug":"lean-continuous-improvement-lean-training-course","status":"publish","type":"page","link":"https:\/\/shinkamanagement.com\/es\/lean-continuous-improvement-lean-training-course\/","title":{"rendered":"Mejora Continua Lean &#8211; Curso de Entrenamiento Lean"},"content":{"rendered":"<div class=\"wpb-content-wrapper\"><p>[vc_row][vc_column][vc_column_text]<\/p>\n<h1>Mejora Continua Lean | Curso de Entrenamiento<\/h1>\n<p>[\/vc_column_text]<div class=\"hr-thin style-line\" style=\"width: 100%;border-top-width: 1px;\"><\/div>[vc_column_text]<\/p>\n<p style=\"color: #003b7b; font-family: Open Sans, Helvetica, Arial, Verdana, sans-serif; font-weight: 300; font-size: 18px; line-height: 28px; text-transform: none;\">Dise\u00f1ado originalmente para impartirse en l\u00ednea, este programa de formaci\u00f3n en mejora continua implica a los empleados durante un periodo de seis semanas, ayud\u00e1ndoles a desarrollar el conocimiento de los principios Lean b\u00e1sicos y la comprensi\u00f3n de c\u00f3mo aplicar l\u00f3gicamente estos principios para reducir errores, problemas y desperdicios en el \u00e1rea de trabajo.<\/p>\n<p>[\/vc_column_text][vc_column_text]<strong>Formato recomendado:<\/strong> Seis sesiones de 2 horas, realizadas semanalmente[\/vc_column_text][vc_column_text]Todos los que trabajan en una organizaci\u00f3n, ya sea peque\u00f1a o grande, seguir\u00e1n al menos un proceso general para completar las tareas. La mayor\u00eda se sentir\u00e1 frustrada por el continuo flujo de errores y problemas.<\/p>\n<p>Este flujo constante de problemas demuestra que el proceso no es todo lo bueno que podr\u00eda ser, y que el desperdicio asociado a estos procesos rotos es considerable.<\/p>\n<p>Shinka Management ofrece una serie de talleres en l\u00ednea sencillos y pr\u00e1cticos, dise\u00f1ados para ayudar a los empleados frustrados por procesos rotos a aplicar l\u00f3gicamente los principios b\u00e1sicos de Lean para resolver problemas relacionados con los procesos y mejorar significativamente resultados como el coste, la seguridad, el servicio y la calidad. Adem\u00e1s, cuando los empleados trabajan juntos para conseguir las oportunidades de mejora continua, la moral mejora significativamente, y tenemos un impacto positivo en nuestro entorno.[\/vc_column_text][vc_row_inner][vc_column_inner][vc_empty_space height=&#8221;5px&#8221;][vc_column_text]<\/p>\n<h2>Contenido del Taller<\/h2>\n<p><strong>A diferencia de la mayor\u00eda de las formaciones en l\u00ednea, en la que los empleados se limitan a ver un v\u00eddeo y se espera que retengan la informaci\u00f3n, estos talleres hacen que el empleado participe una vez a la semana mediante una formaci\u00f3n interactiva dirigida por un consultor, para que comprenda la aplicaci\u00f3n de los conocimientos y la oportunidad de ponerlos en pr\u00e1ctica en su lugar de trabajo.<\/strong><\/p>\n<p>Los talleres se realizan una vez a la semana durante seis semanas, y requieren que el participante programe s\u00f3lo 2 horas para cada taller. Al final de los talleres cada empleado ser\u00e1 capaz de:[\/vc_column_text]<div class=\"standard-arrow bullet-top\"><ul>\n<li>Definir claramente un proceso e identificar los desperdicios dentro de un proceso<\/li>\n<li>Definir el valor del cliente y enfocar la mejora para ofrecer ese valor<\/li>\n<li>Identificar problemas y dise\u00f1ar e implementar soluciones de calidad dentro de un equipo<\/li>\n<li>Comprender c\u00f3mo aplicar la gesti\u00f3n visual en el lugar de trabajo para lograr una conciencia en tiempo real<\/li>\n<li>Aplicar las 5S como herramienta de resoluci\u00f3n de problemas y no s\u00f3lo para el &#8220;housekeeping&#8221;<\/li>\n<li>Dise\u00f1ar t\u00e9cnicas a prueba de errores para maximizar el control del proceso<\/li>\n<li>Adoptar el principio de SMED para facilitar el cambio de precisi\u00f3n<\/li>\n<\/ul>\n<\/div>[\/vc_column_inner][\/vc_row_inner][vc_empty_space height=&#8221;5px&#8221;][\/vc_column][\/vc_row][vc_row][vc_column][vc_column_text]<\/p>\n<h2>Horario de los Talleres<\/h2>\n<p>[\/vc_column_text][\/vc_column][\/vc_row][vc_row][vc_column][vc_column_text]<\/p>\n<h3>Taller 1 &#8211; Proceso, residuos y oportunidades<\/h3>\n<ul>\n<li>La importancia de entender y definir lo que el cliente valora<\/li>\n<li>Definir mejor el proceso para satisfacer las necesidades de los clientes<\/li>\n<li>Comprender y encontrar los desperdicios en los procesos desplegados<\/li>\n<li>La interminable b\u00fasqueda de la eliminaci\u00f3n de los desperdicios<\/li>\n<li>Establecer objetivos para el equipo y desarrollar una cultura kaizen<\/li>\n<\/ul>\n<h3>Taller 2 &#8211; Excelencia en la resoluci\u00f3n de problemas<\/h3>\n<ul>\n<li>T\u00e9cnicas para identificar los problemas<\/li>\n<li>C\u00f3mo definir mejor cu\u00e1l es el verdadero problema<\/li>\n<li>Llegar a la ra\u00edz del problema<\/li>\n<li>Involucrar a los equipos y facilitar la resoluci\u00f3n de problemas<\/li>\n<li>La importancia de escalar los problemas y hacer visible su resoluci\u00f3n<\/li>\n<\/ul>\n<h3>Taller 3 &#8211; Desarrollar la conciencia en tiempo real<\/h3>\n<ul>\n<li>Qu\u00e9 es la gesti\u00f3n visual<\/li>\n<li>Uso de la gesti\u00f3n visual para la atenci\u00f3n y prevenci\u00f3n de anomal\u00edas<\/li>\n<li>Identificar una serie de herramientas, dispositivos y aplicaciones de gesti\u00f3n visual<\/li>\n<li>Dise\u00f1o de una gesti\u00f3n visual sencilla para el lugar de trabajo<\/li>\n<li>Utilizaci\u00f3n de tableros de gesti\u00f3n visual para facilitar la mejora continua<\/li>\n<\/ul>\n<h3>Taller 4 &#8211; 5S para identificar, solucionar y prevenir problemas<\/h3>\n<ul>\n<li>Definir correctamente las 5S<\/li>\n<li>C\u00f3mo luce la aplicaci\u00f3n excelentes de las 5S?<\/li>\n<li>La importancia de empezar con 1S y 2S<\/li>\n<li>5S: una poderosa herramienta para involucrar a todos en la resoluci\u00f3n de problemas<\/li>\n<li>Gestionar el desarrollo, la implantaci\u00f3n y la continuidad de las 5S<\/li>\n<\/ul>\n<h3>Taller 5 &#8211; Desarrollar una mentalidad a prueba de errores y equivocaciones<\/h3>\n<ul>\n<li>Comprender c\u00f3mo la toma de decisiones conduce al error humano<\/li>\n<li>Comprender la relaci\u00f3n entre los errores, los fallos y los rechazos<\/li>\n<li>Comprender el coste de la calidad en relaci\u00f3n con el tiempo de detecci\u00f3n<\/li>\n<li>Comprender los pasos para crear contramedidas a prueba de errores<\/li>\n<li>Comprender las t\u00e9cnicas habituales de comprobaci\u00f3n de errores<\/li>\n<\/ul>\n<h3>Taller 6 &#8211; El cambio de serie como enfoque para permitir la agilidad<\/h3>\n<ul>\n<li>Definir SMED y cambio de precisi\u00f3n<\/li>\n<li>Analizar para comprender el desperdicio en el cambio<\/li>\n<li>Definir las disciplinas y los pasos necesarios para lograr un cambio de serie<\/li>\n<li>Identificar las t\u00e9cnicas y herramientas comunes adoptadas en el cambio de serie<\/li>\n<li>Entender c\u00f3mo el enfoque de la gesti\u00f3n proporciona una organizaci\u00f3n \u00e1gil<\/li>\n<\/ul>\n<p>[\/vc_column_text][\/vc_column][\/vc_row][vc_row][vc_column][vc_empty_space height=&#8221;5px&#8221;][vc_column_text]<\/p>\n<h2>Solicitar un Presupuesto<\/h2>\n<p>[\/vc_column_text][vc_column_text]<a title=\"Cont\u00e1ctenos\" href=\"https:\/\/shinkamanagement.com\/es\/contact-us\/\">Ponte en contacto con nosotros<\/a> para hablar de tus necesidades de formaci\u00f3n en mejora continua y solicitar un presupuesto.<br \/>\nM\u00e1s informaci\u00f3n sobre nuestros <a title=\"Programas de Entrenamiento Lean Online\" href=\"https:\/\/shinkamanagement.com\/es\/cursos-de-entrenamiento-lean-online-shinka-management\/\">programas de formaci\u00f3n Lean online<\/a>[\/vc_column_text][vc_empty_space][vc_raw_html]PHNjcmlwdCB0eXBlPSJhcHBsaWNhdGlvbi9sZCtqc29uIj57CiAgICAiQGNvbnRleHQiOiAiaHR0cHM6Ly9zY2hlbWEub3JnIiwKICAgICJAdHlwZSI6ICJDb3Vyc2UiLAogICAgIm5hbWUiOiAiTGVhbiBDb250aW51b3VzIEltcHJvdmVtZW50IHwgVHJhaW5pbmcgQ291cnNlIiwKICAgICJkZXNjcmlwdGlvbiI6ICJUaGlzIHByb2dyYW0gZW5nYWdlcyBlbXBsb3llZXMgb3ZlciBhIHNpeC13ZWVrIHBlcmlvZCwgc3VwcG9ydGluZyB0aGVtIGluIGRldmVsb3Bpbmcga25vd2xlZGdlIG9mIGJhc2ljIGxlYW4gcHJpbmNpcGxlcyBhbmQgYW4gdW5kZXJzdGFuZGluZyBvZiBob3cgdG8gbG9naWNhbGx5IGFwcGx5IHRoZXNlIHByaW5jaXBsZXMgdG8gcmVkdWNlIG1pc3Rha2VzLCBwcm9ibGVtcyBhbmQgd2FzdGUgaW4gdGhlIHdvcmsgYXJlYS4iLAogICAgInByb3ZpZGVyIjogewogICAgICAiQHR5cGUiOiAiT3JnYW5pemF0aW9uIiwKICAgICAgIm5hbWUiOiAiU2hpbmthIE1hbmFnZW1lbnQiLAogICAgICAic2FtZUFzIjogImh0dHBzOi8vc2hpbmthbWFuYWdlbWVudC5jb20vIgogICAgfQogIH0KPC9zY3JpcHQ+[\/vc_raw_html][\/vc_column][\/vc_row]<\/p>\n<\/div>","protected":false},"excerpt":{"rendered":"<p>[vc_row][vc_column][vc_column_text] Mejora Continua Lean | Curso de Entrenamiento [\/vc_column_text][vc_column_text] Dise\u00f1ado originalmente para impartirse en l\u00ednea, este programa de formaci\u00f3n en mejora continua implica a los empleados durante un periodo de seis semanas, ayud\u00e1ndoles a desarrollar el conocimiento de los principios Lean b\u00e1sicos y la comprensi\u00f3n de c\u00f3mo aplicar l\u00f3gicamente estos principios para reducir errores, problemas&hellip;<\/p>\n","protected":false},"author":6,"featured_media":0,"parent":0,"menu_order":6,"comment_status":"closed","ping_status":"closed","template":"","meta":{"footnotes":""},"class_list":["post-13597","page","type-page","status-publish","hentry","description-off"],"_links":{"self":[{"href":"https:\/\/shinkamanagement.com\/es\/wp-json\/wp\/v2\/pages\/13597","targetHints":{"allow":["GET"]}}],"collection":[{"href":"https:\/\/shinkamanagement.com\/es\/wp-json\/wp\/v2\/pages"}],"about":[{"href":"https:\/\/shinkamanagement.com\/es\/wp-json\/wp\/v2\/types\/page"}],"author":[{"embeddable":true,"href":"https:\/\/shinkamanagement.com\/es\/wp-json\/wp\/v2\/users\/6"}],"replies":[{"embeddable":true,"href":"https:\/\/shinkamanagement.com\/es\/wp-json\/wp\/v2\/comments?post=13597"}],"version-history":[{"count":3,"href":"https:\/\/shinkamanagement.com\/es\/wp-json\/wp\/v2\/pages\/13597\/revisions"}],"predecessor-version":[{"id":43499,"href":"https:\/\/shinkamanagement.com\/es\/wp-json\/wp\/v2\/pages\/13597\/revisions\/43499"}],"wp:attachment":[{"href":"https:\/\/shinkamanagement.com\/es\/wp-json\/wp\/v2\/media?parent=13597"}],"curies":[{"name":"wp","href":"https:\/\/api.w.org\/{rel}","templated":true}]}}