{"id":13369,"date":"2020-09-15T18:13:46","date_gmt":"2020-09-15T08:43:46","guid":{"rendered":"https:\/\/shinkamanagement.com\/asksensei\/"},"modified":"2025-06-21T17:32:32","modified_gmt":"2025-06-21T08:02:32","slug":"asksensei","status":"publish","type":"page","link":"https:\/\/shinkamanagement.com\/es\/asksensei\/","title":{"rendered":"#AskSensei"},"content":{"rendered":"<div class=\"wpb-content-wrapper\"><p>[vc_row][vc_column][vc_column_text]<\/p>\n<h1>Webinar #AskSensei<\/h1>\n<p>[\/vc_column_text]<div class=\"hr-thin style-line\" style=\"width: 100%;border-top-width: 1px;\"><\/div>[vc_row_inner][vc_column_inner][vc_column_text]<\/p>\n<p style=\"color: #003b7b; font-family: Open Sans, Helvetica, Arial, Verdana, sans-serif; font-weight: 300; font-size: 18px; line-height: 28px; text-transform: none;\">\u00bfY si pudiera preguntar a un ex Gerente de F\u00e1brica de Toyota algo sobre el sistema de producci\u00f3n de Toyota, la motivaci\u00f3n del staff o la gesti\u00f3n de la genba?<\/p>\n<p>[\/vc_column_text][vc_column_text]\u00danase a Shinka Management en este evento programado con regularidad y tenga la oportunidad de preguntar al ex Gerente de F\u00e1brica y Gerente de F\u00e1brica de Toyota, Akinori Hyodo, aquello que podr\u00eda marcar la diferencia en su viaje hacia lean manufacturing.<\/p>\n<p><strong>Este seminario web es gratuito para la comunidad lean<\/strong>: s\u00f3lo tiene que registrarse para asistir y le veremos en nuestro pr\u00f3ximo debate. Durante cada evento escucharemos los comentarios de Sensei sobre un tema en particular, antes de invitar a sensei a responder a las preguntas de nuestra comunidad. Se anima a los participantes a que env\u00eden una pregunta en el momento de la inscripci\u00f3n o a que propongan una pregunta a trav\u00e9s del chat el mismo d\u00eda.<\/p>\n<p>Los<a href=\"https:\/\/shinkamanagement.com\/es\/asksensei-lectures\/\">res\u00famenes de las conferencias de eventos anteriores est\u00e1n disponibles aqu\u00ed<\/a>.[\/vc_column_text][\/vc_column_inner][\/vc_row_inner][vc_empty_space height=&#8221;12px&#8221;][\/vc_column][\/vc_row][vc_row][vc_column][vc_column_text]<\/p>\n<h3>Panel Regular del Webinar #AskSensei<\/h3>\n<p>[\/vc_column_text][\/vc_column][\/vc_row][vc_row][vc_column width=&#8221;1\/4&#8243;][vc_single_image image=&#8221;13378&#8243; img_size=&#8221;full&#8221; onclick=&#8221;custom_link&#8221; link=&#8221;https:\/\/shinkamanagement.com\/es\/akinori-hyodo-lean-sensei\/&#8221;][vc_column_text]<\/p>\n<p style=\"text-align: left;\"><strong>Sensei | <a href=\"https:\/\/shinkamanagement.com\/es\/akinori-hyodo-lean-sensei\/\">Akinori Hyodo<\/a><\/strong><\/p>\n<p>[\/vc_column_text][\/vc_column][vc_column width=&#8221;1\/4&#8243;][vc_single_image image=&#8221;22266&#8243; img_size=&#8221;full&#8221; onclick=&#8221;custom_link&#8221; link=&#8221;https:\/\/shinkamanagement.com\/es\/hiroya-yamashita-kaizen-sensei\/&#8221;][vc_column_text]<strong>Sensei | <a href=\"https:\/\/shinkamanagement.com\/es\/hiroya-yamashita-kaizen-sensei\/\">Hiroya Yamashita<\/a><\/strong>[\/vc_column_text][\/vc_column][vc_column width=&#8221;1\/4&#8243;][vc_single_image image=&#8221;13384&#8243; img_size=&#8221;full&#8221; onclick=&#8221;custom_link&#8221; link=&#8221;https:\/\/shinkamanagement.com\/es\/ben-sparrow-director\/&#8221;][vc_column_text]<strong>Anfitri\u00f3n | <a href=\"https:\/\/shinkamanagement.com\/es\/ben-sparrow-director\/\">Ben Sparrow<\/a><\/strong>[\/vc_column_text][\/vc_column][vc_column width=&#8221;1\/4&#8243;][vc_single_image image=&#8221;13382&#8243; img_size=&#8221;full&#8221; onclick=&#8221;custom_link&#8221; link=&#8221;https:\/\/shinkamanagement.com\/es\/paul-smith-director\/&#8221;][vc_column_text]<strong>Anfitri\u00f3n | <\/strong><a href=\"https:\/\/shinkamanagement.com\/es\/paul-smith-director\/\"><strong>Paul Smith<\/strong><\/a>[\/vc_column_text][\/vc_column][\/vc_row][vc_row][vc_column width=&#8221;1\/4&#8243;][vc_single_image image=&#8221;13380&#8243; img_size=&#8221;full&#8221; onclick=&#8221;custom_link&#8221; link=&#8221;https:\/\/shinkamanagement.com\/es\/eri-dennis-naati-japanese-interpreter\/&#8221;][vc_column_text]<strong>Anfitri\u00f3n | <a href=\"https:\/\/shinkamanagement.com\/es\/eri-dennis-naati-japanese-interpreter\/\">Eri Dennis<\/a><\/strong>[\/vc_column_text][\/vc_column][vc_column width=&#8221;1\/4&#8243;][vc_single_image image=&#8221;30523&#8243; img_size=&#8221;full&#8221; onclick=&#8221;custom_link&#8221; link=&#8221;https:\/\/shinkamanagement.com\/es\/daniel-andreu-lean-manufacturing-consultant-argentina\/&#8221;][vc_column_text]<strong>Anfitri\u00f3n | <a href=\"https:\/\/shinkamanagement.com\/es\/daniel-andreu-lean-manufacturing-consultant-argentina\/\">Daniel Andreu<\/a><\/strong>[\/vc_column_text][\/vc_column][vc_column width=&#8221;1\/4&#8243;][vc_single_image image=&#8221;22470&#8243; img_size=&#8221;full&#8221;][vc_column_text]<strong>Anfitri\u00f3n | Mario Sawada<\/strong>[\/vc_column_text][\/vc_column][vc_column width=&#8221;1\/4&#8243;][\/vc_column][\/vc_row][vc_row][vc_column][vc_empty_space height=&#8221;16px&#8221;][\/vc_column][\/vc_row][vc_row][vc_column][vc_column_text]<\/p>\n<h3>Pr\u00f3ximos sesiones #AskSensei e inscripciones<\/h3>\n<p>Cada evento tiene una hora de duraci\u00f3n y la inscripci\u00f3n se cierra aproximadamente una hora antes del comienzo. Antes del seminario web se enviar\u00e1 a su bandeja de entrada una invitaci\u00f3n con un enlace para participar ese d\u00eda. La participaci\u00f3n es gratuita.<\/p>\n<p>Por favor, siga los siguientes enlaces para comprobar el d\u00eda y la hora en su zona horaria local, y para registrarse para asistir a trav\u00e9s de Zoom.[\/vc_column_text][vc_column_text]<div class=\"em em-view-container\" id=\"em-view-756358315\" data-view=\"list\">\r\n\t<div class=\"em pixelbones em-list em-events-list\" id=\"em-events-list-756358315\" data-view-id=\"756358315\">\r\n\tNo Events\t<\/div>\r\n<\/div>[\/vc_column_text][vc_column_text]Recibir\u00e1 un correo electr\u00f3nico con los detalles de acceso para un seminario web basado en Zoom antes del evento. Al registrarse, acepta recibir avisos de eventos relacionados con #AskSensei y otros eventos de Shinka Management. Usted puede optar por no recibir estas comunicaciones en cualquier momento.[\/vc_column_text][\/vc_column][\/vc_row][vc_row][vc_column][vc_empty_space height=&#8221;10px&#8221;][vc_column_text]<\/p>\n<h3>Presentaci\u00f3n de preguntas<\/h3>\n<p>[\/vc_column_text][vc_column_text]Se invita a los participantes a enviar preguntas para Sensei durante el proceso de registro y durante el evento en vivo.<\/p>\n<p>Debido a las limitaciones de tiempo, solo una peque\u00f1a cantidad de las preguntas enviadas se pueden abordar durante un evento determinado, y los organizadores dar\u00e1n prioridad a aquellas preguntas que se espera que tengan el mayor atractivo o que se voten a favor durante el evento.<\/p>\n<p>Al enviar preguntas, usted da permiso para que los anfitriones del evento lean su pregunta durante el seminario web junto con su nombre y afiliaci\u00f3n. Esta informaci\u00f3n tambi\u00e9n puede incluirse en las transcripciones del seminario web.[\/vc_column_text][\/vc_column][\/vc_row][vc_row][vc_column][vc_empty_space height=&#8221;10px&#8221;][vc_column_text]<\/p>\n<h3>Contacto y Consultas<strong><br \/>\n<\/strong><\/h3>\n<p>[\/vc_column_text][vc_column_text css=&#8221;&#8221;]Env\u00ede sus preguntas o sugerencias generales sobre los eventos #AskSensei a trav\u00e9s de nuestro <a title=\"Contactar a Shinka Management\" href=\"https:\/\/shinkamanagement.com\/es\/contact-us\/\">formulario de contacto<\/a>.<\/p>\n<p>Las preguntas para nuestros panelistas s\u00f3lo pueden enviarse en el momento de la inscripci\u00f3n o durante cada evento.<\/p>\n<p>Tenga en cuenta que la mayor\u00eda de las cuestiones t\u00e9cnicas relacionadas con el uso de Zoom Webinar pueden resolverse mediante una simple b\u00fasqueda en Google o accediendo al Centro de Ayuda de Zoom. Le rogamos que se abstenga de ponerse en contacto con nosotros con preguntas de car\u00e1cter t\u00e9cnico.[\/vc_column_text][\/vc_column][\/vc_row][vc_row][vc_column][vc_empty_space height=&#8221;16px&#8221;]<div class=\"hr-thin style-line\" style=\"width: 100%;border-top-width: 1px;\"><\/div>[vc_empty_space height=&#8221;16px&#8221;][\/vc_column][\/vc_row][vc_row][vc_column][vc_column_text]<\/p>\n<h2>Comentarios de los Participantes en #AskSensei<\/h2>\n<p>[\/vc_column_text]<style type=\"text\/css\" data-type=\"the7_shortcodes-inline-css\">.testimonials-carousel-shortcode.testimonials-carousel-shortcode-id-36023a6ac4c933aab858c0d93e0367e7.owl-carousel .owl-nav div {\n  width: 36px;\n  height: 36px;\n  border-radius: 500px;\n}\n.testimonials-carousel-shortcode.testimonials-carousel-shortcode-id-36023a6ac4c933aab858c0d93e0367e7.owl-carousel .owl-nav div:before,\n.testimonials-carousel-shortcode.testimonials-carousel-shortcode-id-36023a6ac4c933aab858c0d93e0367e7.owl-carousel .owl-nav div:after {\n  border-width: 0px;\n}\n.testimonials-carousel-shortcode.testimonials-carousel-shortcode-id-36023a6ac4c933aab858c0d93e0367e7.owl-carousel .owl-nav div.owl-prev {\n  top: 50%;\n  transform: translateY(calc(-50% + 0px));\n  left: -43px;\n}\n@media all and (-ms-high-contrast: none) {\n  .testimonials-carousel-shortcode.testimonials-carousel-shortcode-id-36023a6ac4c933aab858c0d93e0367e7.owl-carousel .owl-nav div.owl-prev {\n    transform: translateY(-50%);\n    margin-top: 0px;\n  }\n}\n.testimonials-carousel-shortcode.testimonials-carousel-shortcode-id-36023a6ac4c933aab858c0d93e0367e7.owl-carousel .owl-nav div.owl-prev i {\n  padding: 0px 0px 0px 0px;\n}\n.testimonials-carousel-shortcode.testimonials-carousel-shortcode-id-36023a6ac4c933aab858c0d93e0367e7.owl-carousel .owl-nav div.owl-next {\n  top: 50%;\n  transform: translateY(calc(-50% + 0px));\n  right: -43px;\n}\n@media all and (-ms-high-contrast: none) {\n  .testimonials-carousel-shortcode.testimonials-carousel-shortcode-id-36023a6ac4c933aab858c0d93e0367e7.owl-carousel .owl-nav div.owl-next {\n    transform: translateY(-50%);\n    margin-top: 0px;\n  }\n}\n.testimonials-carousel-shortcode.testimonials-carousel-shortcode-id-36023a6ac4c933aab858c0d93e0367e7.owl-carousel .owl-nav div.owl-next i {\n  padding: 0px 0px 0px 0px;\n}\n.testimonials-carousel-shortcode.testimonials-carousel-shortcode-id-36023a6ac4c933aab858c0d93e0367e7.owl-carousel .owl-nav i {\n  font-size: 18px;\n}\n.testimonials-carousel-shortcode.testimonials-carousel-shortcode-id-36023a6ac4c933aab858c0d93e0367e7.owl-carousel .owl-nav div:not(:hover) i,\n.testimonials-carousel-shortcode.testimonials-carousel-shortcode-id-36023a6ac4c933aab858c0d93e0367e7.owl-carousel .owl-nav div:not(:hover) i:before {\n  color: #ffffff;\n  background: none;\n}\n.testimonials-carousel-shortcode.testimonials-carousel-shortcode-id-36023a6ac4c933aab858c0d93e0367e7.owl-carousel .owl-nav div:hover i,\n.testimonials-carousel-shortcode.testimonials-carousel-shortcode-id-36023a6ac4c933aab858c0d93e0367e7.owl-carousel .owl-nav div:hover i:before {\n  color: rgba(255,255,255,0.75);\n  background: none;\n}\n.testimonials-carousel-shortcode.testimonials-carousel-shortcode-id-36023a6ac4c933aab858c0d93e0367e7 .owl-dots {\n  top: calc(100% + 20px);\n  left: 50%;\n  transform: translateX(calc(-50% + 0px));\n}\n@media all and (-ms-high-contrast: none) {\n  .testimonials-carousel-shortcode.testimonials-carousel-shortcode-id-36023a6ac4c933aab858c0d93e0367e7 .owl-dots {\n    transform: translateX(-50%);\n    margin-left: 0px;\n  }\n}\n.testimonials-carousel-shortcode.testimonials-carousel-shortcode-id-36023a6ac4c933aab858c0d93e0367e7 .owl-dot {\n  width: 10px;\n  height: 10px;\n  margin: 0 8px;\n}\n@media screen and (max-width: 778px) {\n  .testimonials-carousel-shortcode.testimonials-carousel-shortcode-id-36023a6ac4c933aab858c0d93e0367e7.hide-arrows.owl-carousel .owl-nav a {\n    display: none;\n  }\n}\n@media screen and (max-width: 778px) {\n  .testimonials-carousel-shortcode.testimonials-carousel-shortcode-id-36023a6ac4c933aab858c0d93e0367e7.reposition-arrows.owl-carousel .owl-nav .owl-prev {\n    top: 50%;\n    transform: translateY(calc(-50% + 0px));\n    left: -18px;\n  }\n  .testimonials-carousel-shortcode.testimonials-carousel-shortcode-id-36023a6ac4c933aab858c0d93e0367e7.reposition-arrows.owl-carousel .owl-nav .owl-next {\n    top: 50%;\n    transform: translateY(calc(-50% + 0px));\n    right: -18px;\n  }\n}\n@media screen and (max-width: 778px) and all and (-ms-high-contrast: none) {\n  .testimonials-carousel-shortcode.testimonials-carousel-shortcode-id-36023a6ac4c933aab858c0d93e0367e7.reposition-arrows.owl-carousel .owl-nav .owl-prev {\n    transform: translateY(-50%);\n    margin-top: 0px;\n  }\n}\n@media screen and (max-width: 778px) and all and (-ms-high-contrast: none) {\n  .testimonials-carousel-shortcode.testimonials-carousel-shortcode-id-36023a6ac4c933aab858c0d93e0367e7.reposition-arrows.owl-carousel .owl-nav .owl-next {\n    transform: translateY(-50%);\n    margin-top: 0px;\n  }\n}\n.testimonials-carousel-shortcode.testimonials-carousel-shortcode-id-36023a6ac4c933aab858c0d93e0367e7 .testimonial-item {\n  padding: 30px 30px 20px 30px;\n}\n.testimonials-carousel-shortcode.testimonials-carousel-shortcode-id-36023a6ac4c933aab858c0d93e0367e7 .testimonial-name,\n.testimonials-carousel-shortcode.testimonials-carousel-shortcode-id-36023a6ac4c933aab858c0d93e0367e7 .testimonial-name a,\n.testimonials-carousel-shortcode.testimonials-carousel-shortcode-id-36023a6ac4c933aab858c0d93e0367e7 .testimonial-name span {\n  margin-bottom: 0px;\n  font-weight: bold;\n}\n.testimonials-carousel-shortcode.testimonials-carousel-shortcode-id-36023a6ac4c933aab858c0d93e0367e7 .testimonial-position {\n  margin-bottom: 20px;\n}\n.testimonials-carousel-shortcode.testimonials-carousel-shortcode-id-36023a6ac4c933aab858c0d93e0367e7 .testimonial-position,\n.testimonials-carousel-shortcode.testimonials-carousel-shortcode-id-36023a6ac4c933aab858c0d93e0367e7 .testimonial-position span {\n  font-weight: bold;\n}\n.testimonials-carousel-shortcode.testimonials-carousel-shortcode-id-36023a6ac4c933aab858c0d93e0367e7  .testimonial-avatar {\n  padding: 0px 20px 20px 0px;\n}\n.testimonials-carousel-shortcode.testimonials-carousel-shortcode-id-36023a6ac4c933aab858c0d93e0367e7  .testimonial-avatar a,\n.testimonials-carousel-shortcode.testimonials-carousel-shortcode-id-36023a6ac4c933aab858c0d93e0367e7  .testimonial-avatar span,\n.testimonials-carousel-shortcode.testimonials-carousel-shortcode-id-36023a6ac4c933aab858c0d93e0367e7  .testimonial-avatar img {\n  max-width: 80px;\n}\n.testimonials-carousel-shortcode.testimonials-carousel-shortcode-id-36023a6ac4c933aab858c0d93e0367e7 .dt-css-grid .testimonial-avatar img,\n.testimonials-carousel-shortcode.testimonials-carousel-shortcode-id-36023a6ac4c933aab858c0d93e0367e7 .dt-css-grid .testimonial-avatar svg {\n  max-width: 100%;\n}\n.testimonials-carousel-shortcode.testimonials-carousel-shortcode-id-36023a6ac4c933aab858c0d93e0367e7.layout-5:not(.hide-testimonial-avatar) .content-wrap,\n.testimonials-carousel-shortcode.testimonials-carousel-shortcode-id-36023a6ac4c933aab858c0d93e0367e7.layout-6:not(.hide-testimonial-avatar) .content-wrap {\n  width: calc(100% - 80px - 20px - 0px);\n}\n.testimonials-carousel-shortcode.testimonials-carousel-shortcode-id-36023a6ac4c933aab858c0d93e0367e7 .testimonial-content {\n  margin-bottom: 0px;\n}\n.testimonials-carousel-shortcode.testimonials-carousel-shortcode-id-36023a6ac4c933aab858c0d93e0367e7  .testimonial-avatar,\n.testimonials-carousel-shortcode.testimonials-carousel-shortcode-id-36023a6ac4c933aab858c0d93e0367e7  .testimonial-avatar a.rollover,\n.testimonials-carousel-shortcode.testimonials-carousel-shortcode-id-36023a6ac4c933aab858c0d93e0367e7  .testimonial-avatar a.rollover *,\n.testimonials-carousel-shortcode.testimonials-carousel-shortcode-id-36023a6ac4c933aab858c0d93e0367e7  .testimonial-avatar img,\n.testimonials-carousel-shortcode.testimonials-carousel-shortcode-id-36023a6ac4c933aab858c0d93e0367e7  .testimonial-avatar .no-avatar,\n.testimonials-carousel-shortcode.testimonials-carousel-shortcode-id-36023a6ac4c933aab858c0d93e0367e7  .testim-no-avatar {\n  border-radius: 500px;\n}\n.testimonials-carousel-shortcode.testimonials-carousel-shortcode-id-36023a6ac4c933aab858c0d93e0367e7  .testimonial-avatar .no-avatar {\n  height: 80px;\n}\n.testimonials-carousel-shortcode.testimonials-carousel-shortcode-id-36023a6ac4c933aab858c0d93e0367e7  .testimonial-avatar .no-avatar {\n  font-size: 80px;\n  width: 80px;\n}<\/style><div class=\"owl-carousel testimonials-carousel-shortcode dt-testimonials-shortcode dt-owl-carousel-call testimonials-carousel-shortcode-id-36023a6ac4c933aab858c0d93e0367e7 content-align-left layout-4 content-bg-on bullets-small-dot-stroke reposition-arrows arrows-bg-on dt-arrow-border-on dt-arrow-hover-border-on disable-arrows-hover-bg arrows-hover-bg-on  \" data-scroll-mode=\"1\" data-col-num=\"2\" data-wide-col-num=\"2\" data-laptop-col=\"2\" data-h-tablet-columns-num=\"2\" data-v-tablet-columns-num=\"1\" data-phone-columns-num=\"1\" data-auto-height=\"false\" data-col-gap=\"30\" data-stage-padding=\"0\" data-speed=\"600\" data-autoplay=\"true\" data-autoplay_speed=\"6000\" data-arrows=\"true\" data-bullet=\"false\" data-next-icon=\"icon-ar-017-r\" data-prev-icon=\"icon-ar-017-l\"><div class=\"testimonial-item\"><div class=\"testimonial-author\"><div class=\"testimonial-avatar\"><span class=\"testimonial-thumb layzr-bg\"><img decoding=\"async\" class=\"preload-me owl-lazy-load aspect\" src=\"data:image\/svg+xml,%3Csvg%20xmlns%3D&#039;http%3A%2F%2Fwww.w3.org%2F2000%2Fsvg&#039;%20viewBox%3D&#039;0%200%2080%2080&#039;%2F%3E\" data-src=\"https:\/\/shinkamanagement.com\/wp-content\/uploads\/2021\/08\/Pedro-Nolasco-Vasquez-80x80.jpg\" data-srcset=\"https:\/\/shinkamanagement.com\/wp-content\/uploads\/2021\/08\/Pedro-Nolasco-Vasquez-80x80.jpg 80w, https:\/\/shinkamanagement.com\/wp-content\/uploads\/2021\/08\/Pedro-Nolasco-Vasquez.jpg 150w\" loading=\"eager\" style=\"--ratio: 80 \/ 80\" sizes=\"(max-width: 80px) 100vw, 80px\" width=\"80\" height=\"80\" alt=\"\"><\/span><\/div><div class=\"testimonial-vcard\"><div class=\"testimonial-name\"><span class=\"text-primary\">Pedro Nolasco V\u00e1squez, Consultor<\/span><br \/><\/div><div class=\"testimonial-position\"><span class=\"text-secondary color-secondary\">Asset Management and Operational Excellence<\/span><\/div><\/div><\/div><div class=\"testimonial-content\"><p>Es un evento valioso, gracias por su tiempo y dedicaci\u00f3n.<br \/>\n<a href=\"https:\/\/shinkamanagement.com\/es\/dt_testimonials\/pedro-nolasco-vasquez-consultant-asset-management-and-operational-excellence\/\" class=\"more-link\" aria-label=\"Read more about Pedro Nolasco V\u00e1squez, Consultor\">Leer m\u00e1s<\/a><\/p>\n<\/div><\/div><div class=\"testimonial-item\"><div class=\"testimonial-author\"><div class=\"testimonial-avatar\"><span class=\"testimonial-thumb layzr-bg\"><img decoding=\"async\" class=\"preload-me owl-lazy-load aspect\" src=\"data:image\/svg+xml,%3Csvg%20xmlns%3D&#39;http%3A%2F%2Fwww.w3.org%2F2000%2Fsvg&#39;%20viewBox%3D&#39;0%200%2080%2080&#39;%2F%3E\" data-src=\"https:\/\/shinkamanagement.com\/wp-content\/uploads\/2022\/01\/Nicolas-Rebozov-150-80x80.jpg\" data-srcset=\"https:\/\/shinkamanagement.com\/wp-content\/uploads\/2022\/01\/Nicolas-Rebozov-150-80x80.jpg 80w, https:\/\/shinkamanagement.com\/wp-content\/uploads\/2022\/01\/Nicolas-Rebozov-150.jpg 150w\" loading=\"eager\" style=\"--ratio: 80 \/ 80\" sizes=\"(max-width: 80px) 100vw, 80px\" width=\"80\" height=\"80\"   alt=\"Nicolas Rebozov\" \/><\/span><\/div><div class=\"testimonial-vcard\"><div class=\"testimonial-name\"><span class=\"text-primary\">Nicolas Rebozov, Fundador y Consultor<\/span><br \/><\/div><div class=\"testimonial-position\"><span class=\"text-secondary color-secondary\">All Lean<\/span><\/div><\/div><\/div><div class=\"testimonial-content\"><p>Excelente. Grandes preguntas y traducci\u00f3n. Incre\u00edble oportunidad de tener un sensei de Toyota en l\u00ednea.<br \/>\n<a href=\"https:\/\/shinkamanagement.com\/es\/dt_testimonials\/nicolas-rebozov-founder-and-consultant\/\" class=\"more-link\" aria-label=\"Read more about Nicolas Rebozov, Fundador y Consultor\">Leer m\u00e1s<\/a><\/p>\n<\/div><\/div><div class=\"testimonial-item\"><div class=\"testimonial-author\"><div class=\"testimonial-avatar\"><span class=\"testimonial-thumb layzr-bg\"><img decoding=\"async\" class=\"preload-me owl-lazy-load aspect\" src=\"data:image\/svg+xml,%3Csvg%20xmlns%3D&#039;http%3A%2F%2Fwww.w3.org%2F2000%2Fsvg&#039;%20viewBox%3D&#039;0%200%2080%2080&#039;%2F%3E\" data-src=\"https:\/\/shinkamanagement.com\/wp-content\/uploads\/2021\/08\/Tudor-Olar-80x80.jpg\" data-srcset=\"https:\/\/shinkamanagement.com\/wp-content\/uploads\/2021\/08\/Tudor-Olar-80x80.jpg 80w, https:\/\/shinkamanagement.com\/wp-content\/uploads\/2021\/08\/Tudor-Olar.jpg 150w\" loading=\"eager\" style=\"--ratio: 80 \/ 80\" sizes=\"(max-width: 80px) 100vw, 80px\" width=\"80\" height=\"80\" alt=\"\"><\/span><\/div><div class=\"testimonial-vcard\"><div class=\"testimonial-name\"><span class=\"text-primary\">Tudor Olar, Especialista en Lean<\/span><br \/><\/div><div class=\"testimonial-position\"><span class=\"text-secondary color-secondary\">Gemba Partners<\/span><\/div><\/div><\/div><div class=\"testimonial-content\"><p>Muy buena preparaci\u00f3n para el evento. Me ha sorprendido mucho que haya respondido a tantas preguntas en tan poco tiempo.<br \/>\n<a href=\"https:\/\/shinkamanagement.com\/es\/dt_testimonials\/tudor-olar-lean-specialist\/\" class=\"more-link\" aria-label=\"Read more about Tudor Olar, Especialista en Lean\">Leer m\u00e1s<\/a><\/p>\n<\/div><\/div><\/div>[\/vc_column][\/vc_row]<\/p>\n<\/div>","protected":false},"excerpt":{"rendered":"<p>[vc_row][vc_column][vc_column_text] Webinar #AskSensei [\/vc_column_text][vc_row_inner][vc_column_inner][vc_column_text] \u00bfY si pudiera preguntar a un ex Gerente de F\u00e1brica de Toyota algo sobre el sistema de producci\u00f3n de Toyota, la motivaci\u00f3n del staff o la gesti\u00f3n de la genba? [\/vc_column_text][vc_column_text]\u00danase a Shinka Management en este evento programado con regularidad y tenga la oportunidad de preguntar al ex Gerente de F\u00e1brica&hellip;<\/p>\n","protected":false},"author":6,"featured_media":13372,"parent":0,"menu_order":0,"comment_status":"closed","ping_status":"closed","template":"","meta":{"footnotes":""},"class_list":["post-13369","page","type-page","status-publish","has-post-thumbnail","hentry","description-off"],"_links":{"self":[{"href":"https:\/\/shinkamanagement.com\/es\/wp-json\/wp\/v2\/pages\/13369","targetHints":{"allow":["GET"]}}],"collection":[{"href":"https:\/\/shinkamanagement.com\/es\/wp-json\/wp\/v2\/pages"}],"about":[{"href":"https:\/\/shinkamanagement.com\/es\/wp-json\/wp\/v2\/types\/page"}],"author":[{"embeddable":true,"href":"https:\/\/shinkamanagement.com\/es\/wp-json\/wp\/v2\/users\/6"}],"replies":[{"embeddable":true,"href":"https:\/\/shinkamanagement.com\/es\/wp-json\/wp\/v2\/comments?post=13369"}],"version-history":[{"count":3,"href":"https:\/\/shinkamanagement.com\/es\/wp-json\/wp\/v2\/pages\/13369\/revisions"}],"predecessor-version":[{"id":54811,"href":"https:\/\/shinkamanagement.com\/es\/wp-json\/wp\/v2\/pages\/13369\/revisions\/54811"}],"wp:featuredmedia":[{"embeddable":true,"href":"https:\/\/shinkamanagement.com\/es\/wp-json\/wp\/v2\/media\/13372"}],"wp:attachment":[{"href":"https:\/\/shinkamanagement.com\/es\/wp-json\/wp\/v2\/media?parent=13369"}],"curies":[{"name":"wp","href":"https:\/\/api.w.org\/{rel}","templated":true}]}}