{"id":13136,"date":"2019-03-13T23:24:07","date_gmt":"2019-03-13T12:54:07","guid":{"rendered":"https:\/\/shinkamanagement.com\/gestion-de-la-formacion-de-equipos-multiculturales\/"},"modified":"2025-06-10T13:23:58","modified_gmt":"2025-06-10T03:53:58","slug":"managing-multicultural-teams-training","status":"publish","type":"page","link":"https:\/\/shinkamanagement.com\/es\/managing-multicultural-teams-training\/","title":{"rendered":"Entrenamiento en Gesti\u00f3n de Equipos Multiculturales"},"content":{"rendered":"<div class=\"wpb-content-wrapper\"><p>[vc_row][vc_column][vc_column_text]<\/p>\n<h1>Entrenamiento en Gesti\u00f3n de Equipos Multiculturales<\/h1>\n<p>[\/vc_column_text]<div class=\"hr-thin style-line\" style=\"width: 100%;border-top-width: 1px;\"><\/div>[\/vc_column][\/vc_row][vc_row margin_top=&#8221;30px&#8221; min_height=&#8221;30px&#8221;][vc_column][vc_column_text css=&#8221;.vc_custom_1718371112210{margin-top: 0px !important;margin-bottom: 20px !important;}&#8221;]<\/p>\n<p style=\"color: #003b7b; font-family: Open Sans, Helvetica, Arial, Verdana, sans-serif; font-weight: 300; font-size: 18px; line-height: 28px; text-transform: none;\">Shinka Management imparte cursos de formaci\u00f3n de un d\u00eda sobre Gesti\u00f3n de Equipos Multiculturales como formaci\u00f3n interna personalizada en las instalaciones del cliente. Los seminarios incluyen una combinaci\u00f3n de presentaciones, videos, experiencias de aprendizaje interactivo y discusi\u00f3n. Los participantes reciben un libro de trabajo de capacitaci\u00f3n con todo el contenido del curso y un certificado de finalizaci\u00f3n.<\/p>\n<p>Los cursos cubren caracter\u00edsticas clave de la comunicaci\u00f3n intercultural, estrategias para gestionar de forma eficaz equipos interculturales y negociar y motivar entre culturas. La formaci\u00f3n destaca las dimensiones culturales que definen los estilos de comunicaci\u00f3n y las actitudes hacia la jerarqu\u00eda, la evaluaci\u00f3n, la persuasi\u00f3n, el liderazgo y la toma de decisiones. Como parte de la capacitaci\u00f3n, cada participante pasar\u00e1 por el proceso de identificaci\u00f3n de su propio perfil cultural individual. La capacitaci\u00f3n incluye estrategias para llevar a cabo reuniones y negociaciones interculturales de manera eficaz.<\/p>\n<p>Esta formaci\u00f3n puede impartirse como curso independiente de un d\u00eda o junto con nuestro curso <a title=\"Entrenamiento de etiqueta japonesa\" href=\"https:\/\/shinkamanagement.com\/es\/japanese-business-etiquette-training\/\">de Etiqueta Empresarial Japonesa<\/a>. Para m\u00e1s informaci\u00f3n o para solicitar un presupuesto, p\u00f3ngase en contacto con nosotros a trav\u00e9s del siguiente formulario.[\/vc_column_text][\/vc_column][\/vc_row][vc_row margin_top=&#8221;30&#8243;][vc_column][vc_column_text css=&#8221;.vc_custom_1552481373240{margin-bottom: 20px !important;}&#8221;]<\/p>\n<h2>Gesti\u00f3n de equipos multiculturales<\/h2>\n<p>[\/vc_column_text][vc_row_inner css=&#8221;.vc_custom_1552482289772{margin-bottom: 40px !important;}&#8221;][vc_column_inner width=&#8221;1\/3&#8243;]<div class=\"standard-arrow bullet-top\"><ul>\n<li>Sesgo cultural<\/li>\n<li>Dimensiones culturales de Hofstede<\/li>\n<li>Liderando en todas las culturas<\/li>\n<li>Evaluar el rendimiento y proporcionar Feedback<\/li>\n<li>Comunicaci\u00f3n intercultural<\/li>\n<li>Construcci\u00f3n de relaciones y rasgos para el \u00e9xito<\/li>\n<li>Enfoques transculturales de la etiqueta<\/li>\n<li>Estrategias de negociaci\u00f3n efectivas<\/li>\n<li>Motivar a trav\u00e9s de culturas<\/li>\n<\/ul>\n<\/div>[\/vc_column_inner][vc_column_inner width=&#8221;1\/3&#8243;]<style type=\"text\/css\" data-type=\"the7_shortcodes-inline-css\">.testimonials-carousel-shortcode.testimonials-carousel-shortcode-id-c720128ac6ac6faa78d0a14ce7009939.owl-carousel .owl-nav div {\n  width: 36px;\n  height: 36px;\n  border-radius: 500px;\n}\n.testimonials-carousel-shortcode.testimonials-carousel-shortcode-id-c720128ac6ac6faa78d0a14ce7009939.owl-carousel .owl-nav div:before,\n.testimonials-carousel-shortcode.testimonials-carousel-shortcode-id-c720128ac6ac6faa78d0a14ce7009939.owl-carousel .owl-nav div:after {\n  border-width: 0px;\n}\n.testimonials-carousel-shortcode.testimonials-carousel-shortcode-id-c720128ac6ac6faa78d0a14ce7009939.owl-carousel .owl-nav div.owl-prev {\n  top: 50%;\n  transform: translateY(calc(-50% + 0px));\n  left: -43px;\n}\n@media all and (-ms-high-contrast: none) {\n  .testimonials-carousel-shortcode.testimonials-carousel-shortcode-id-c720128ac6ac6faa78d0a14ce7009939.owl-carousel .owl-nav div.owl-prev {\n    transform: translateY(-50%);\n    margin-top: 0px;\n  }\n}\n.testimonials-carousel-shortcode.testimonials-carousel-shortcode-id-c720128ac6ac6faa78d0a14ce7009939.owl-carousel .owl-nav div.owl-prev i {\n  padding: 0px 0px 0px 0px;\n}\n.testimonials-carousel-shortcode.testimonials-carousel-shortcode-id-c720128ac6ac6faa78d0a14ce7009939.owl-carousel .owl-nav div.owl-next {\n  top: 50%;\n  transform: translateY(calc(-50% + 0px));\n  right: -43px;\n}\n@media all and (-ms-high-contrast: none) {\n  .testimonials-carousel-shortcode.testimonials-carousel-shortcode-id-c720128ac6ac6faa78d0a14ce7009939.owl-carousel .owl-nav div.owl-next {\n    transform: translateY(-50%);\n    margin-top: 0px;\n  }\n}\n.testimonials-carousel-shortcode.testimonials-carousel-shortcode-id-c720128ac6ac6faa78d0a14ce7009939.owl-carousel .owl-nav div.owl-next i {\n  padding: 0px 0px 0px 0px;\n}\n.testimonials-carousel-shortcode.testimonials-carousel-shortcode-id-c720128ac6ac6faa78d0a14ce7009939.owl-carousel .owl-nav i {\n  font-size: 18px;\n}\n.testimonials-carousel-shortcode.testimonials-carousel-shortcode-id-c720128ac6ac6faa78d0a14ce7009939.owl-carousel .owl-nav div:not(:hover) i,\n.testimonials-carousel-shortcode.testimonials-carousel-shortcode-id-c720128ac6ac6faa78d0a14ce7009939.owl-carousel .owl-nav div:not(:hover) i:before {\n  color: #ffffff;\n  background: none;\n}\n.testimonials-carousel-shortcode.testimonials-carousel-shortcode-id-c720128ac6ac6faa78d0a14ce7009939.owl-carousel .owl-nav div:hover i,\n.testimonials-carousel-shortcode.testimonials-carousel-shortcode-id-c720128ac6ac6faa78d0a14ce7009939.owl-carousel .owl-nav div:hover i:before {\n  color: rgba(255,255,255,0.75);\n  background: none;\n}\n.testimonials-carousel-shortcode.testimonials-carousel-shortcode-id-c720128ac6ac6faa78d0a14ce7009939 .owl-dots {\n  top: calc(100% + 14px);\n  left: 50%;\n  transform: translateX(calc(-50% + 0px));\n}\n@media all and (-ms-high-contrast: none) {\n  .testimonials-carousel-shortcode.testimonials-carousel-shortcode-id-c720128ac6ac6faa78d0a14ce7009939 .owl-dots {\n    transform: translateX(-50%);\n    margin-left: 0px;\n  }\n}\n.testimonials-carousel-shortcode.testimonials-carousel-shortcode-id-c720128ac6ac6faa78d0a14ce7009939 .owl-dot {\n  width: 6px;\n  height: 6px;\n  margin: 0 6px;\n}\n.bullets-scale-up.testimonials-carousel-shortcode.testimonials-carousel-shortcode-id-c720128ac6ac6faa78d0a14ce7009939 .owl-dot:not(.active):not(:hover) span {\n  background: #e8e8e8;\n}\n.bullets-stroke.testimonials-carousel-shortcode.testimonials-carousel-shortcode-id-c720128ac6ac6faa78d0a14ce7009939 .owl-dot:not(.active):not(:hover) span {\n  background: #e8e8e8;\n}\n.bullets-fill-in.testimonials-carousel-shortcode.testimonials-carousel-shortcode-id-c720128ac6ac6faa78d0a14ce7009939 .owl-dot:not(.active):not(:hover) span {\n  -webkit-box-shadow: inset 0 0 0 2px #e8e8e8;\n  box-shadow: inset 0 0 0 2px #e8e8e8;\n}\n.bullets-small-dot-stroke.testimonials-carousel-shortcode.testimonials-carousel-shortcode-id-c720128ac6ac6faa78d0a14ce7009939 .owl-dot:not(.active):not(:hover) span {\n  background: #e8e8e8;\n}\n.bullets-ubax.testimonials-carousel-shortcode.testimonials-carousel-shortcode-id-c720128ac6ac6faa78d0a14ce7009939 .owl-dot span {\n  background: #e8e8e8;\n}\n.bullets-etefu.testimonials-carousel-shortcode.testimonials-carousel-shortcode-id-c720128ac6ac6faa78d0a14ce7009939 .owl-dot span {\n  background: #e8e8e8;\n}\n@media screen and (max-width: 778px) {\n  .testimonials-carousel-shortcode.testimonials-carousel-shortcode-id-c720128ac6ac6faa78d0a14ce7009939.hide-arrows.owl-carousel .owl-nav a {\n    display: none;\n  }\n}\n@media screen and (max-width: 778px) {\n  .testimonials-carousel-shortcode.testimonials-carousel-shortcode-id-c720128ac6ac6faa78d0a14ce7009939.reposition-arrows.owl-carousel .owl-nav .owl-prev {\n    top: 50%;\n    transform: translateY(calc(-50% + 0px));\n    left: -18px;\n  }\n  .testimonials-carousel-shortcode.testimonials-carousel-shortcode-id-c720128ac6ac6faa78d0a14ce7009939.reposition-arrows.owl-carousel .owl-nav .owl-next {\n    top: 50%;\n    transform: translateY(calc(-50% + 0px));\n    right: -18px;\n  }\n}\n@media screen and (max-width: 778px) and all and (-ms-high-contrast: none) {\n  .testimonials-carousel-shortcode.testimonials-carousel-shortcode-id-c720128ac6ac6faa78d0a14ce7009939.reposition-arrows.owl-carousel .owl-nav .owl-prev {\n    transform: translateY(-50%);\n    margin-top: 0px;\n  }\n}\n@media screen and (max-width: 778px) and all and (-ms-high-contrast: none) {\n  .testimonials-carousel-shortcode.testimonials-carousel-shortcode-id-c720128ac6ac6faa78d0a14ce7009939.reposition-arrows.owl-carousel .owl-nav .owl-next {\n    transform: translateY(-50%);\n    margin-top: 0px;\n  }\n}\n.testimonials-carousel-shortcode.testimonials-carousel-shortcode-id-c720128ac6ac6faa78d0a14ce7009939 .testimonial-item {\n  padding: 30px 30px 20px 30px;\n}\n.testimonials-carousel-shortcode.testimonials-carousel-shortcode-id-c720128ac6ac6faa78d0a14ce7009939 .testimonial-name,\n.testimonials-carousel-shortcode.testimonials-carousel-shortcode-id-c720128ac6ac6faa78d0a14ce7009939 .testimonial-name a,\n.testimonials-carousel-shortcode.testimonials-carousel-shortcode-id-c720128ac6ac6faa78d0a14ce7009939 .testimonial-name span {\n  margin-bottom: 0px;\n  font-weight: bold;\n}\n.testimonials-carousel-shortcode.testimonials-carousel-shortcode-id-c720128ac6ac6faa78d0a14ce7009939 .testimonial-position {\n  margin-bottom: 20px;\n}\n.testimonials-carousel-shortcode.testimonials-carousel-shortcode-id-c720128ac6ac6faa78d0a14ce7009939 .testimonial-position,\n.testimonials-carousel-shortcode.testimonials-carousel-shortcode-id-c720128ac6ac6faa78d0a14ce7009939 .testimonial-position span {\n  font-weight: bold;\n}\n.testimonials-carousel-shortcode.testimonials-carousel-shortcode-id-c720128ac6ac6faa78d0a14ce7009939  .testimonial-avatar {\n  padding: 0px 20px 20px 0px;\n}\n.testimonials-carousel-shortcode.testimonials-carousel-shortcode-id-c720128ac6ac6faa78d0a14ce7009939  .testimonial-avatar a,\n.testimonials-carousel-shortcode.testimonials-carousel-shortcode-id-c720128ac6ac6faa78d0a14ce7009939  .testimonial-avatar span,\n.testimonials-carousel-shortcode.testimonials-carousel-shortcode-id-c720128ac6ac6faa78d0a14ce7009939  .testimonial-avatar img {\n  max-width: 80px;\n}\n.testimonials-carousel-shortcode.testimonials-carousel-shortcode-id-c720128ac6ac6faa78d0a14ce7009939 .dt-css-grid .testimonial-avatar img,\n.testimonials-carousel-shortcode.testimonials-carousel-shortcode-id-c720128ac6ac6faa78d0a14ce7009939 .dt-css-grid .testimonial-avatar svg {\n  max-width: 100%;\n}\n.testimonials-carousel-shortcode.testimonials-carousel-shortcode-id-c720128ac6ac6faa78d0a14ce7009939.layout-5:not(.hide-testimonial-avatar) .content-wrap,\n.testimonials-carousel-shortcode.testimonials-carousel-shortcode-id-c720128ac6ac6faa78d0a14ce7009939.layout-6:not(.hide-testimonial-avatar) .content-wrap {\n  width: calc(100% - 80px - 20px - 0px);\n}\n.testimonials-carousel-shortcode.testimonials-carousel-shortcode-id-c720128ac6ac6faa78d0a14ce7009939 .testimonial-content {\n  margin-bottom: 0px;\n}\n.testimonials-carousel-shortcode.testimonials-carousel-shortcode-id-c720128ac6ac6faa78d0a14ce7009939  .testimonial-avatar,\n.testimonials-carousel-shortcode.testimonials-carousel-shortcode-id-c720128ac6ac6faa78d0a14ce7009939  .testimonial-avatar a.rollover,\n.testimonials-carousel-shortcode.testimonials-carousel-shortcode-id-c720128ac6ac6faa78d0a14ce7009939  .testimonial-avatar a.rollover *,\n.testimonials-carousel-shortcode.testimonials-carousel-shortcode-id-c720128ac6ac6faa78d0a14ce7009939  .testimonial-avatar img,\n.testimonials-carousel-shortcode.testimonials-carousel-shortcode-id-c720128ac6ac6faa78d0a14ce7009939  .testimonial-avatar .no-avatar,\n.testimonials-carousel-shortcode.testimonials-carousel-shortcode-id-c720128ac6ac6faa78d0a14ce7009939  .testim-no-avatar {\n  border-radius: 500px;\n}\n.testimonials-carousel-shortcode.testimonials-carousel-shortcode-id-c720128ac6ac6faa78d0a14ce7009939  .testimonial-avatar .no-avatar {\n  height: 80px;\n}\n.testimonials-carousel-shortcode.testimonials-carousel-shortcode-id-c720128ac6ac6faa78d0a14ce7009939  .testimonial-avatar .no-avatar {\n  font-size: 80px;\n  width: 80px;\n}<\/style><div class=\"owl-carousel testimonials-carousel-shortcode dt-testimonials-shortcode dt-owl-carousel-call testimonials-carousel-shortcode-id-c720128ac6ac6faa78d0a14ce7009939 content-align-left layout-3 content-bg-on bullets-small-dot-stroke reposition-arrows arrows-bg-on dt-arrow-border-on dt-arrow-hover-border-on disable-arrows-hover-bg arrows-hover-bg-on  \" data-scroll-mode=\"1\" data-col-num=\"1\" data-wide-col-num=\"1\" data-laptop-col=\"1\" data-h-tablet-columns-num=\"1\" data-v-tablet-columns-num=\"1\" data-phone-columns-num=\"1\" data-auto-height=\"false\" data-col-gap=\"30\" data-stage-padding=\"0\" data-speed=\"600\" data-autoplay=\"true\" data-autoplay_speed=\"10000\" data-arrows=\"false\" data-bullet=\"true\" data-next-icon=\"icon-ar-017-r\" data-prev-icon=\"icon-ar-017-l\"><div class=\"testimonial-item\"><div class=\"testimonial-author\"><div class=\"testimonial-avatar\"><span class=\"testimonial-thumb layzr-bg\"><img decoding=\"async\" class=\"preload-me owl-lazy-load aspect\" src=\"data:image\/svg+xml,%3Csvg%20xmlns%3D&#039;http%3A%2F%2Fwww.w3.org%2F2000%2Fsvg&#039;%20viewBox%3D&#039;0%200%2080%2080&#039;%2F%3E\" data-src=\"https:\/\/shinkamanagement.com\/wp-content\/uploads\/2025\/09\/sascha-meldrum-80x80.jpg\" data-srcset=\"https:\/\/shinkamanagement.com\/wp-content\/uploads\/2025\/09\/sascha-meldrum-80x80.jpg 80w, https:\/\/shinkamanagement.com\/wp-content\/uploads\/2025\/09\/sascha-meldrum.jpg 150w\" loading=\"eager\" style=\"--ratio: 80 \/ 80\" sizes=\"(max-width: 80px) 100vw, 80px\" width=\"80\" height=\"80\" alt=\"\"><\/span><\/div><div class=\"testimonial-vcard\"><div class=\"testimonial-name\"><span class=\"text-primary\">Sascha Meldrum, Director of Corporate Affairs<\/span><br \/><\/div><div class=\"testimonial-position\"><span class=\"text-secondary color-secondary\">Nova Systems Australia & New Zealand<br>\r\nAdelaide, South Australia, Australia<\/span><\/div><\/div><\/div><div class=\"testimonial-content\"><p>Gran compromiso con el equipo, adaptado a nuestras necesidades, incluso profundizando en un caso pr\u00e1ctico de especial relevancia.<br \/>\n<a href=\"https:\/\/shinkamanagement.com\/es\/dt_testimonials\/sascha-meldrum-director-of-corporate-affairs\/\" class=\"more-link\" aria-label=\"Read more about Sascha Meldrum, Director of Corporate Affairs\">Leer m\u00e1s<\/a><\/p>\n<\/div><\/div><div class=\"testimonial-item\"><div class=\"testimonial-author\"><div class=\"testimonial-avatar\"><span class=\"testimonial-thumb layzr-bg\"><img decoding=\"async\" class=\"preload-me owl-lazy-load aspect\" src=\"data:image\/svg+xml,%3Csvg%20xmlns%3D&#039;http%3A%2F%2Fwww.w3.org%2F2000%2Fsvg&#039;%20viewBox%3D&#039;0%200%2080%2080&#039;%2F%3E\" data-src=\"https:\/\/shinkamanagement.com\/wp-content\/uploads\/2025\/09\/michal-stanek-80x80.jpg\" data-srcset=\"https:\/\/shinkamanagement.com\/wp-content\/uploads\/2025\/09\/michal-stanek-80x80.jpg 80w, https:\/\/shinkamanagement.com\/wp-content\/uploads\/2025\/09\/michal-stanek.jpg 150w\" loading=\"eager\" style=\"--ratio: 80 \/ 80\" sizes=\"(max-width: 80px) 100vw, 80px\" width=\"80\" height=\"80\" alt=\"\"><\/span><\/div><div class=\"testimonial-vcard\"><div class=\"testimonial-name\"><span class=\"text-primary\">Michal Stanek, Maritime Delivery Manager<\/span><br \/><\/div><div class=\"testimonial-position\"><span class=\"text-secondary color-secondary\">Nova Systems Australia & New Zealand<br>\r\nAdelaide, South Australia, Australia<\/span><\/div><\/div><\/div><div class=\"testimonial-content\"><p>El curso de Etiqueta Empresarial Japonesa fue incre\u00edble; no puedo creer que fueran 6 horas en total, \u00a1el tiempo se me pas\u00f3 volando! El contenido era exhaustivo, pero parec\u00eda muy org\u00e1nico: los temas que menos nos interesaban se trataban de pasada, mientras que los temas que nos interesaban se trataban en profundidad sin que en&hellip;<br \/>\n<a href=\"https:\/\/shinkamanagement.com\/es\/dt_testimonials\/michal-stanek-maritime-delivery-manager\/\" class=\"more-link\" aria-label=\"Read more about Michal Stanek, Maritime Delivery Manager\">Leer m\u00e1s<\/a><\/p>\n<\/div><\/div><div class=\"testimonial-item\"><div class=\"testimonial-author\"><div class=\"testimonial-avatar\"><span class=\"testimonial-thumb layzr-bg\"><img decoding=\"async\" class=\"preload-me owl-lazy-load aspect\" src=\"data:image\/svg+xml,%3Csvg%20xmlns%3D&#39;http%3A%2F%2Fwww.w3.org%2F2000%2Fsvg&#39;%20viewBox%3D&#39;0%200%2080%2080&#39;%2F%3E\" data-src=\"https:\/\/shinkamanagement.com\/wp-content\/uploads\/2024\/12\/deasy-heryanto-80x80.jpg\" data-srcset=\"https:\/\/shinkamanagement.com\/wp-content\/uploads\/2024\/12\/deasy-heryanto-80x80.jpg 80w, https:\/\/shinkamanagement.com\/wp-content\/uploads\/2024\/12\/deasy-heryanto.jpg 150w\" loading=\"eager\" style=\"--ratio: 80 \/ 80\" sizes=\"(max-width: 80px) 100vw, 80px\" width=\"80\" height=\"80\"   alt=\"Deasy Heryanto\" \/><\/span><\/div><div class=\"testimonial-vcard\"><div class=\"testimonial-name\"><span class=\"text-primary\">Deasy Heryanto, Ingeniero de Proyectos de Investigaci\u00f3n<\/span><br \/><\/div><div class=\"testimonial-position\"><\/div><\/div><\/div><div class=\"testimonial-content\"><p>Asist\u00ed al curso de Etiqueta Empresarial Japonesa y me pareci\u00f3 valioso e informativo. Paul estaba bien informado, ten\u00eda experiencia, era elocuente y dio muchos ejemplos de la vida real. La sesi\u00f3n fue abierta e interactiva, y pudimos hacer preguntas y debatir muchas cosas en profundidad. Los materiales de formaci\u00f3n estaban bien organizados y eran informativos,&hellip;<\/p>\n<\/div><\/div><div class=\"testimonial-item\"><div class=\"testimonial-author\"><div class=\"testimonial-avatar\"><span class=\"testimonial-thumb layzr-bg\"><img decoding=\"async\" class=\"preload-me owl-lazy-load aspect\" src=\"data:image\/svg+xml,%3Csvg%20xmlns%3D&#39;http%3A%2F%2Fwww.w3.org%2F2000%2Fsvg&#39;%20viewBox%3D&#39;0%200%2080%2080&#39;%2F%3E\" data-src=\"https:\/\/shinkamanagement.com\/wp-content\/uploads\/2024\/08\/Mr-T-Yagyu-80x80.jpg\" data-srcset=\"https:\/\/shinkamanagement.com\/wp-content\/uploads\/2024\/08\/Mr-T-Yagyu-80x80.jpg 80w, https:\/\/shinkamanagement.com\/wp-content\/uploads\/2024\/08\/Mr-T-Yagyu.jpg 150w\" loading=\"eager\" style=\"--ratio: 80 \/ 80\" sizes=\"(max-width: 80px) 100vw, 80px\" width=\"80\" height=\"80\"   alt=\"Toshihiro Yagyu\" \/><\/span><\/div><div class=\"testimonial-vcard\"><div class=\"testimonial-name\"><span class=\"text-primary\">Toshihiro Yagyu, Presidente y Director General<\/span><br \/><\/div><div class=\"testimonial-position\"><\/div><\/div><\/div><div class=\"testimonial-content\"><p>Me gustar\u00eda expresar mi m\u00e1s sincero agradecimiento a Eri Dennis, de Shinka Management, por su apoyo en nuestro compromiso de una semana en la regi\u00f3n de Australia, facilitando una visita a nuestro socio australiano y proporcionando apoyo de interpretaci\u00f3n japon\u00e9s-ingl\u00e9s. A pesar de las dif\u00edciles circunstancias, Eri manej\u00f3 la situaci\u00f3n con gran flexibilidad, e incluso&hellip;<\/p>\n<\/div><\/div><div class=\"testimonial-item\"><div class=\"testimonial-author\"><div class=\"testimonial-avatar\"><span class=\"testimonial-thumb layzr-bg\"><img decoding=\"async\" class=\"preload-me owl-lazy-load aspect\" src=\"data:image\/svg+xml,%3Csvg%20xmlns%3D&#39;http%3A%2F%2Fwww.w3.org%2F2000%2Fsvg&#39;%20viewBox%3D&#39;0%200%2080%2080&#39;%2F%3E\" data-src=\"https:\/\/shinkamanagement.com\/wp-content\/uploads\/2024\/08\/samantha-reis-80x80.jpg\" data-srcset=\"https:\/\/shinkamanagement.com\/wp-content\/uploads\/2024\/08\/samantha-reis-80x80.jpg 80w, https:\/\/shinkamanagement.com\/wp-content\/uploads\/2024\/08\/samantha-reis.jpg 150w\" loading=\"eager\" style=\"--ratio: 80 \/ 80\" sizes=\"(max-width: 80px) 100vw, 80px\" width=\"80\" height=\"80\"   alt=\"Samantha Reis\" \/><\/span><\/div><div class=\"testimonial-vcard\"><div class=\"testimonial-name\"><span class=\"text-primary\">Samantha Reis, Asistente Ejecutiva del Presidente y Director General<\/span><br \/><\/div><div class=\"testimonial-position\"><span class=\"text-secondary color-secondary\">Harlo Capital<\/span><\/div><\/div><\/div><div class=\"testimonial-content\"><p>Shinka Management (Paul Smith en particular) es fant\u00e1stico. Mi equipo particip\u00f3 en una sesi\u00f3n informativa de formaci\u00f3n sobre etiqueta japonesa que no s\u00f3lo fue muy enriquecedora, sino tambi\u00e9n muy \u00fatil. Su material, asistencia y profesionalidad fueron de primera y apreciamos mucho el tiempo que pasamos con ellos. \u00a1Gracias Shinka\/Paul!<\/p>\n<\/div><\/div><div class=\"testimonial-item\"><div class=\"testimonial-author\"><div class=\"testimonial-avatar\"><span class=\"testimonial-thumb layzr-bg\"><img decoding=\"async\" class=\"preload-me owl-lazy-load aspect\" src=\"data:image\/svg+xml,%3Csvg%20xmlns%3D&#039;http%3A%2F%2Fwww.w3.org%2F2000%2Fsvg&#039;%20viewBox%3D&#039;0%200%2080%2080&#039;%2F%3E\" data-src=\"https:\/\/shinkamanagement.com\/wp-content\/uploads\/2024\/04\/arzhang-beheshti-80x80.jpg\" data-srcset=\"https:\/\/shinkamanagement.com\/wp-content\/uploads\/2024\/04\/arzhang-beheshti-80x80.jpg 80w, https:\/\/shinkamanagement.com\/wp-content\/uploads\/2024\/04\/arzhang-beheshti.jpg 150w\" loading=\"eager\" style=\"--ratio: 80 \/ 80\" sizes=\"(max-width: 80px) 100vw, 80px\" width=\"80\" height=\"80\" alt=\"\"><\/span><\/div><div class=\"testimonial-vcard\"><div class=\"testimonial-name\"><span class=\"text-primary\">Arzhang Beheshti, Vicepresidente de Inversiones Inmobiliarias<\/span><br \/><\/div><div class=\"testimonial-position\"><span class=\"text-secondary color-secondary\">Harlo Capital<\/span><\/div><\/div><\/div><div class=\"testimonial-content\"><p>La sesi\u00f3n de formaci\u00f3n sobre etiqueta empresarial japonesa me pareci\u00f3 muy informativa y atractiva. Paul fue capaz de transmitir con claridad sus amplios conocimientos, al tiempo que ofrec\u00eda recomendaciones significativas y honestas sobre c\u00f3mo interactuar con los posibles socios japoneses.<\/p>\n<\/div><\/div><\/div>[\/vc_column_inner][vc_column_inner width=&#8221;1\/3&#8243;][vc_single_image image=&#8221;13122&#8243; img_size=&#8221;full&#8221; image_hovers=&#8221;false&#8221; lazy_loading=&#8221;true&#8221;][\/vc_column_inner][\/vc_row_inner][\/vc_column][\/vc_row][vc_row type=&#8221;1&#8243; margin_bottom=&#8221;0&#8243; padding_top=&#8221;40&#8243; padding_bottom=&#8221;20&#8243; bg_color=&#8221;#f4f4f4&#8243; css=&#8221;.vc_custom_1548745559968{margin-bottom: 15px !important;background-color: #142b7f !important;}&#8221;][vc_column][vc_row_inner][vc_column_inner width=&#8221;1\/3&#8243; css=&#8221;.vc_custom_1547117215566{padding-right: 40px !important;padding-left: 40px !important;}&#8221;][vc_column_text css=&#8221;.vc_custom_1601030061715{margin-top: 40px !important;margin-bottom: 40px !important;}&#8221;]<\/p>\n<h2 style=\"text-align: center;\">Cont\u00e1ctenos sobre nuestros programas de formaci\u00f3n<\/h2>\n<p>[\/vc_column_text][vc_column_text css=&#8221;.vc_custom_1601030163677{margin-top: 40px !important;margin-bottom: 30px !important;}&#8221;]<\/p>\n<p style=\"text-align: center;\">H\u00e1blenos sobre la estructuraci\u00f3n de un programa de capacitaci\u00f3n en gesti\u00f3n de equipos multiculturales para satisfacer las necesidades de su organizaci\u00f3n.<\/p>\n<p>[\/vc_column_text][\/vc_column_inner][vc_column_inner width=&#8221;2\/3&#8243; css=&#8221;.vc_custom_1547115399913{padding-left: 30px !important;}&#8221;][vc_column_text css=&#8221;.vc_custom_1727101823566{margin-top: 20px !important;}&#8221;]<form id=\"forminator-module-16595\" class=\"forminator-custom-form forminator-custom-form-16595\" method=\"post\" data-forminator-render=\"0\" data-uid=\"69e5d80686f43\"><div role=\"alert\" aria-live=\"polite\" class=\"forminator-response-message forminator-error\" aria-hidden=\"true\"><\/div><\/form>[\/vc_column_text][\/vc_column_inner][\/vc_row_inner][\/vc_column][\/vc_row]<\/p>\n<\/div>","protected":false},"excerpt":{"rendered":"<p>[vc_row][vc_column][vc_column_text] Entrenamiento en Gesti\u00f3n de Equipos Multiculturales [\/vc_column_text][\/vc_column][\/vc_row][vc_row margin_top=&#8221;30px&#8221; min_height=&#8221;30px&#8221;][vc_column][vc_column_text css=&#8221;.vc_custom_1718371112210{margin-top: 0px !important;margin-bottom: 20px !important;}&#8221;] Shinka Management imparte cursos de formaci\u00f3n de un d\u00eda sobre Gesti\u00f3n de Equipos Multiculturales como formaci\u00f3n interna personalizada en las instalaciones del cliente. Los seminarios incluyen una combinaci\u00f3n de presentaciones, videos, experiencias de aprendizaje interactivo y discusi\u00f3n. Los participantes reciben&hellip;<\/p>\n","protected":false},"author":1,"featured_media":0,"parent":0,"menu_order":0,"comment_status":"closed","ping_status":"closed","template":"","meta":{"footnotes":""},"class_list":["post-13136","page","type-page","status-publish","hentry","description-off"],"_links":{"self":[{"href":"https:\/\/shinkamanagement.com\/es\/wp-json\/wp\/v2\/pages\/13136","targetHints":{"allow":["GET"]}}],"collection":[{"href":"https:\/\/shinkamanagement.com\/es\/wp-json\/wp\/v2\/pages"}],"about":[{"href":"https:\/\/shinkamanagement.com\/es\/wp-json\/wp\/v2\/types\/page"}],"author":[{"embeddable":true,"href":"https:\/\/shinkamanagement.com\/es\/wp-json\/wp\/v2\/users\/1"}],"replies":[{"embeddable":true,"href":"https:\/\/shinkamanagement.com\/es\/wp-json\/wp\/v2\/comments?post=13136"}],"version-history":[{"count":6,"href":"https:\/\/shinkamanagement.com\/es\/wp-json\/wp\/v2\/pages\/13136\/revisions"}],"predecessor-version":[{"id":54021,"href":"https:\/\/shinkamanagement.com\/es\/wp-json\/wp\/v2\/pages\/13136\/revisions\/54021"}],"wp:attachment":[{"href":"https:\/\/shinkamanagement.com\/es\/wp-json\/wp\/v2\/media?parent=13136"}],"curies":[{"name":"wp","href":"https:\/\/api.w.org\/{rel}","templated":true}]}}